{"id":485,"date":"2013-10-31T16:59:44","date_gmt":"2013-10-31T15:59:44","guid":{"rendered":"http:\/\/www.redureau-conseil.com\/fr\/?page_id=485"},"modified":"2025-09-10T13:59:52","modified_gmt":"2025-09-10T11:59:52","slug":"conditions-generales-de-vente","status":"publish","type":"page","link":"https:\/\/www.redureau-conseil.com\/fr\/informations-utiles\/conditions-generales-de-vente\/","title":{"rendered":"Conditions G\u00e9n\u00e9rales de Vente"},"content":{"rendered":"<div style=\"color: #ff0000;\">\n<p style=\"text-align: justify;\" align=\"center\"><span style=\"color: #888888;\"><strong><span style=\"font-size: medium;\"><img loading=\"lazy\" decoding=\"async\" class=\" wp-image-183 aligncenter\" src=\"https:\/\/www.redureau-conseil.com\/fr\/wp-content\/uploads\/2013\/10\/puce2.png\" alt=\"puce2\" width=\"102\" height=\"55\" \/><span style=\"color: #000000;\">CONDITIONS G\u00c9N\u00c9RALES DE VENTE<\/span><\/span><\/strong><\/span><\/p>\n<p style=\"text-align: justify;\" align=\"center\">\n<\/div>\n<p style=\"text-align: justify;\"><span style=\"color: #000000;\">Les pr\u00e9sentes conditions g\u00e9n\u00e9rales de vente r\u00e9gissent les rapports entre REDUREAU CONSEIL FORMATION et son client, dans le cadre d\u2019une prestation de formation et pr\u00e9valent sur tout autre document.<\/span><\/p>\n<p><span style=\"color: #000000;\">Toute inscription est soumise aux pr\u00e9sentes conditions g\u00e9n\u00e9rales de vente sauf d\u00e9rogation formelle et expresse de REDUREAU CONSEIL FORMATION. L\u2019entreprise cliente d\u00e9clare les accepter sans r\u00e9serve.<\/span><\/p>\n<p><span style=\"color: #000000;\">Les pr\u00e9sentes conditions g\u00e9n\u00e9rales de vente sont prises en application notamment des articles L 6353-1 et suivants du code du travail sur la formation professionnelle.<\/span><\/p>\n<p><span style=\"color: #000000;\">D\u00e9finitions\u00a0:<\/span><\/p>\n<p><span style=\"color: #000000;\">&#8211; client\u00a0: personne physique ou morale passant une commande de formation aupr\u00e8s de REDUREAU CONSEIL FORMATION.<\/span><\/p>\n<p style=\"text-align: justify;\"><span style=\"color: #000000;\">&#8211; stagiaire\u00a0: personne issue du client et participant \u00e0 la formation command\u00e9e.<\/span><\/p>\n<p style=\"text-align: justify;\"><span style=\"color: #000000;\">&#8211; stages inter entreprises\u00a0: stages du catalogue r\u00e9alis\u00e9s dans les locaux de REDUREAU CONSEIL FORMATION\u00a0 ou dans des locaux mis \u00e0 disposition par REDUREAU CONSEIL FORMATION.<\/span><\/p>\n<p style=\"text-align: justify;\"><span style=\"color: #000000;\">&#8211; stage intra entreprise\u00a0: stage r\u00e9alis\u00e9 sur mesure pour le compte d\u00b4un client ou d\u00b4un groupe de clients.<\/span><\/p>\n<p style=\"text-align: justify;\"><span style=\"color: #000000;\">Champ d\u2019application\u00a0: Les pr\u00e9sentes conditions g\u00e9n\u00e9rales de vente s\u2019appliquent \u00e0 l\u2019ensemble des formations intra et inter entreprises d\u00e9livr\u00e9es par\u00a0REDUREAU CONSEIL FORMATION contenues dans la pr\u00e9sente convention.<\/span><\/p>\n<p><span style=\"color: #000000;\">Contractualisation\u00a0:<\/span><\/p>\n<p><span style=\"color: #000000;\">Pour un stage inter entreprises\u00a0: Toute inscription \u00e0 une formation doit \u00eatre confirm\u00e9e par \u00e9crit \u00e0 l\u2019aide du bulletin d\u2019inscription, d\u00fbment compl\u00e9t\u00e9. D\u00e8s r\u00e9ception du bulletin d\u2019inscription, une confirmation tenant lieu de convocation est adress\u00e9e par fax ou par courrier au responsable de l\u2019inscription, accompagn\u00e9e du programme pr\u00e9cisant les dates, lieu et horaires.<\/span><\/p>\n<p><span style=\"color: #000000;\">Pour un stage intra entreprise\u00a0: Toute acceptation de la proposition de formation implique l\u2019acceptation sans r\u00e9serve des pr\u00e9sentes conditions de vente. Sauf stipulation contraire dans la proposition de formation, la dur\u00e9e de validit\u00e9 des propositions de\u00a0REDUREAU CONSEIL FORMATION pour les stages hors catalogue est de 60 jours \u00e0 compter de la date d\u2019envoi de la proposition.<\/span><\/p>\n<p><span style=\"color: #000000;\">Pour les stages inter et intra entreprises, une convention de formation en double exemplaire est transmise par fax ou par courrier \u00e0 charge pour le responsable de l\u2019inscription de la retourner d\u00fbment sign\u00e9e 15 jours au moins avant le d\u00e9but de la formation.<\/span><\/p>\n<p><span style=\"color: #000000;\">REDUREAU CONSEIL FORMATION se r\u00e9serve la possibilit\u00e9 de sous-traiter tout ou partie des prestations dans le respect des dispositions des pr\u00e9sentes conditions g\u00e9n\u00e9rales de vente.<\/span><\/p>\n<p><span style=\"color: #000000;\">Supports p\u00e9dagogiques\u00a0: les supports quels qu\u2019ils soient sont strictement personnels \u00e0\u00a0REDUREAU CONSEIL FORMATION et sont prot\u00e9g\u00e9s par les dispositions du code de la propri\u00e9t\u00e9 intellectuelle. Le client s\u2019interdit de reproduire, directement ou indirectement, en totalit\u00e9 ou en partie, d\u2019adapter, de modifier, de traduire, de repr\u00e9senter, de commercialiser ou de diffuser \u00e0 des membres de son personnel non participants aux formations de\u00a0REDUREAU CONSEIL FORMATION ou \u00e0 des tiers lesdits supports sans un accord \u00e9crit pr\u00e9alable de REDUREAU CONSEIL FORMATION.<\/span><\/p>\n<p><span style=\"color: #000000;\">Confidentialit\u00e9\u00a0:\u00a0REDUREAU CONSEIL FORMATION s\u2019engage \u00e0 respecter le caract\u00e8re confidentiel des renseignements \u00e9crits ou verbaux que le client aura pu lui transmettre dans le cadre de ses prestations de formation.<\/span><\/p>\n<p><span style=\"color: #000000;\">Responsabilit\u00e9\u00a0:\u00a0REDUREAU CONSEIL FORMATION s\u2019engage \u00e0 r\u00e9aliser les prestations de formation avec tout le soin et la comp\u00e9tence dont elle dispose et dans le cadre d\u2019une obligation de moyens. La responsabilit\u00e9 de\u00a0REDUREAU CONSEIL FORMATION ne pourra \u00eatre engag\u00e9e que sur la faute prouv\u00e9e et exclusive de REDUREAU CONSEIL FORMATION.<\/span><\/p>\n<p><span style=\"color: #000000;\">REDUREAU CONSEIL FORMATION n\u2019est pas responsable des objets et effets personnels des stagiaires ni des dommages caus\u00e9s au mat\u00e9riel du client.\u00a0REDUREAU CONSEIL FORMATION ne sera en aucun cas responsable de tout dommage indirect, mat\u00e9riel ou immat\u00e9riel, cons\u00e9cutif ou non, tel que pr\u00e9judice commercial ou financier, perte de client\u00e8le, perte d\u2019image de marque, perte de commande, trouble commercial quelconque, perte ou destruction totale ou partielle des donn\u00e9es du fichier client, ainsi que toute action \u00e9manant de tiers.<\/span><\/p>\n<p><span style=\"color: #000000;\">Sans pr\u00e9judice de ce qui pr\u00e9c\u00e8de, la responsabilit\u00e9 de REDUREAU CONSEIL FORMATION, dans l\u2019hypoth\u00e8se o\u00f9 elle serait mise en jeu au titre de ses prestations de formation, est express\u00e9ment limit\u00e9e au prix effectivement acquitt\u00e9 par le client au titre de la prestation de formation concern\u00e9e.<\/span><\/p>\n<p><span style=\"color: #000000;\">REDUREAU CONSEIL FORMATION d\u00e9clare \u00eatre titulaire d\u2019une police d\u2019assurance responsabilit\u00e9 civile professionnelle garantissant toutes les cons\u00e9quences pouvant r\u00e9sulter directement de ses activit\u00e9s professionnelles.<\/span><\/p>\n<p><span style=\"color: #000000;\">Annulation\u00a0par le client : Toute demande d\u2019annulation peut \u00eatre faite par le client, sans frais et avec remboursement des sommes pay\u00e9es, si cette annulation parvient \u00e0 REDUREAU CONSEIL FORMATION, par lettre recommand\u00e9e avec accus\u00e9 de r\u00e9ception, \u00e0 l\u2019adresse suivante\u00a0: 20B Route du Vieux Passage Banastere 56 370 SARZEAU, au moins 10 jours ouvr\u00e9s avant le d\u00e9but de la session de formation.<\/span><\/p>\n<p><span style=\"color: #000000;\">Dans le cas d\u2019une commande pour un stage inter entreprise, pour toute annulation par le client re\u00e7u moins de 10 jours ouvr\u00e9s avant le d\u00e9but de la formation ou en cas d\u2019absence du stagiaire inscrit, la totalit\u00e9 des frais d\u2019inscription sera retenue \u00e0 titre d\u2019indemnit\u00e9 forfaitaire. Toute formation commenc\u00e9e est due en totalit\u00e9.<\/span><\/p>\n<p><span style=\"color: #000000;\">Dans le cas d\u2019une commande pour un stage intra entreprise, pour toute annulation de la commande par le client re\u00e7ue :<\/span><\/p>\n<ul>\n<li><span style=\"color: #000000;\">avant les 10 jours ouvr\u00e9s pr\u00e9c\u00e9dents le d\u00e9but de la formation, 30% du co\u00fbt total restera imm\u00e9diatement exigible \u00e0 titre d\u2019indemnit\u00e9 forfaitaire.;<\/span><\/li>\n<li><span style=\"color: #000000;\">dans les 10 jours ouvr\u00e9s, 50% du co\u00fbt total restera imm\u00e9diatement exigible \u00e0 titre d\u2019indemnit\u00e9 forfaitaire.<\/span><\/li>\n<li><span style=\"color: #000000;\">dans les 5 jours ouvr\u00e9s, 100% du co\u00fbt total restera imm\u00e9diatement exigible \u00e0 titre d\u2019indemnit\u00e9 forfaitaire.<\/span><\/li>\n<\/ul>\n<p style=\"text-align: justify;\"><span style=\"color: #000000;\">Par ailleurs, si un co\u00fbt de pr\u00e9paration \u00e9tait pr\u00e9vu avant l\u2019animation du stage, ce dernier restera \u00e0 la charge du client.<\/span><\/p>\n<p><span style=\"color: #000000;\">Toutefois, si l\u2019annulation est motiv\u00e9e par un cas de force majeure le client pourra reporter son inscription sur une session ult\u00e9rieure sans co\u00fbt suppl\u00e9mentaire. Si l\u2019impossibilit\u00e9 r\u00e9sulte d\u2019un probl\u00e8me de sant\u00e9, le client devra pr\u00e9senter un justificatif m\u00e9dical.<\/span><\/p>\n<p><span style=\"color: #000000;\">Annulation par\u00a0REDUREAU CONSEIL FORMATION :\u00a0REDUREAU CONSEIL FORMATION se r\u00e9serve le droit d\u2019annuler toute formation en cas de force majeure (manque de stagiaires, maladie de son consultant formateur,\u2026.) sans d\u00e9dommagements, ni p\u00e9nalit\u00e9s vers\u00e9s au client. Le client pourra alors choisir une autre date de formation ou annuler sa commande sans p\u00e9nalit\u00e9s. Dans ce dernier cas, le client sera rembours\u00e9 des sommes d\u00e9j\u00e0 r\u00e9gl\u00e9es.<\/span><\/p>\n<p><span style=\"color: #000000;\">REDUREAU CONSEIL FORMATION ne pourra \u00eatre tenu responsable des frais engag\u00e9s par le client ou pr\u00e9judices cons\u00e9quents \u00e0 l\u2019annulation d\u2019une formation ou \u00e0 son report \u00e0 une date ult\u00e9rieure.<\/span><\/p>\n<p><span style=\"color: #000000;\">Tarifs\u00a0: Les prix s\u2019entendent nets, l\u2019ensemble des prestations de formation professionnelle de\u00a0REDUREAU CONSEIL FORMATION ne sont pas soumises \u00e0 TVA conform\u00e9ment aux dispositions de l\u2019article 261-4 du CGI.<\/span><\/p>\n<p><span style=\"color: #000000;\">Conditions de Paiement\u00a0: Toutes les factures \u00e9mises par\u00a0REDUREAU CONSEIL FORMATION sont payables comptant et sans escompte, \u00e0 r\u00e9ception de la facture.<\/span><\/p>\n<p><span style=\"color: #000000;\">Tout retard de paiement \u00e0 l\u2019\u00e9ch\u00e9ance entra\u00eenera de plein droit le paiement d\u2019int\u00e9r\u00eats de retard correspondant \u00e0 3 fois le taux d\u2019int\u00e9r\u00eat l\u00e9gal en vigueur.<\/span><\/p>\n<p><span style=\"color: #000000;\">Dans la mesure o\u00f9\u00a0REDUREAU CONSEIL FORMATION \u00e9dite une convention de formation pour l\u2019action command\u00e9e, il appartient au client de v\u00e9rifier l\u2019imputabilit\u00e9 de celle-ci.<\/span><\/p>\n<p><span style=\"color: #000000;\">Le client s\u2019engage \u00e0 notifier \u00e0\u00a0REDUREAU CONSEIL FORMATION toute \u00e9ventuelle d\u00e9l\u00e9gation aupr\u00e8s d\u2019un OPCA au plus tard avant le d\u00e9marrage de la session de formation. A d\u00e9faut\u00a0REDUREAU CONSEIL FORMATION se r\u00e9serve le droit de facturer directement au client la prestation de formation due.<\/span><\/p>\n<p><span style=\"color: #000000;\">Conditions restrictives\u00a0:\u00a0REDUREAU CONSEIL FORMATION se r\u00e9serve le droit\u00a0:<\/span><\/p>\n<ul>\n<li><span style=\"color: #000000;\">de refuser toute inscription de la part d\u2019un client pour motif l\u00e9gitime et non discriminatoire,<\/span><\/li>\n<li><span style=\"color: #000000;\">d\u2019exclure \u00e0 tout moment tout participant dont le comportement g\u00eanerait le bon d\u00e9roulement du stage et\/ou manquerait gravement aux pr\u00e9sentes conditions g\u00e9n\u00e9rales de vente,<\/span><\/li>\n<li><span style=\"color: #000000;\">d\u2019exclure tout participant qui aurait proc\u00e9d\u00e9 \u00e0 de fausses d\u00e9clarations lors de l\u2019inscription et ce, sans indemnit\u00e9s.<\/span><\/li>\n<\/ul>\n<p style=\"text-align: justify;\"><span style=\"color: #000000;\">Informatique et libert\u00e9s\u00a0: Conform\u00e9ment \u00e0 l\u2019article 6 de la loi n\u00b0 78-17 du 6 janvier 1978 relative \u00e0 l\u2019informatique, aux fichiers et aux libert\u00e9s, modifi\u00e9 par la loi n\u00b0 2004-801 du 6 ao\u00fbt 2004, les informations qui vous sont demand\u00e9es sont n\u00e9cessaires au traitement de votre inscription et sont destin\u00e9es aux services de REDUREAU CONSEIL FORMATION. Vous pouvez acc\u00e9der \u00e0 ces informations et en demander la rectification en vous adressant \u00e0\u00a0REDUREAU CONSEIL FORMATION \u2013 20B Route du Vieux Passage Banastere 56 370 SARZEAU.<\/span><\/p>\n<p><span style=\"color: #000000;\">Nos adresses peuvent faire l\u2019objet d\u2019une cession, d\u2019une location ou d\u2019\u00e9change \u00e0 d\u2019autres soci\u00e9t\u00e9s. Si vous ne souhaitez pas \u00eatre destinataire de leurs documents, merci de nous le signaler \u00e0 REDUREAU CONSEIL FORMATION \u2013 20B Route du Vieux Passage Banastere 56 370 SARZEAU.<\/span><\/p>\n<p><span style=\"color: #000000;\">R\u00e9f\u00e9rence commerciale\u00a0: Le client autorise \u00e0 faire figurer le nom et\/ou le logo du client sur une liste de r\u00e9f\u00e9rences commerciales notamment sur le site internet.<\/span><\/p>\n<p><span style=\"color: #000000;\">Litige\u00a0: Les droits et obligations des deux parties li\u00e9es par la convention de formation sont r\u00e9gis par la\u00a0l\u00e9gislation fran\u00e7aise. Pour toutes les contestations relatives \u00e0 son interpr\u00e9tation ou son ex\u00e9cution, les parties acceptent de se soumettre \u00e0 la juridiction des Tribunaux de Reims.<\/span><\/p>\n\n\n\n\n<h4><a href=\"https:\/\/www.redureau-conseil.com\/fr\/\"><span style=\"color: #000080;\">ACCUEIL<\/span><\/a><\/h4>\n\n\n","protected":false},"excerpt":{"rendered":"<p>CONDITIONS G\u00c9N\u00c9RALES DE VENTE Les pr\u00e9sentes conditions g\u00e9n\u00e9rales de vente r\u00e9gissent les rapports entre REDUREAU CONSEIL FORMATION et son client, dans le cadre d\u2019une prestation de formation et pr\u00e9valent sur tout autre document. Toute inscription est soumise aux pr\u00e9sentes conditions g\u00e9n\u00e9rales de vente sauf d\u00e9rogation formelle et expresse de REDUREAU CONSEIL FORMATION. L\u2019entreprise cliente d\u00e9clare&#8230;<\/p>\n","protected":false},"author":1,"featured_media":0,"parent":468,"menu_order":0,"comment_status":"closed","ping_status":"closed","template":"","meta":{"footnotes":""},"class_list":["post-485","page","type-page","status-publish","hentry"],"yoast_head":"<!-- This site is optimized with the Yoast SEO plugin v27.6 - https:\/\/yoast.com\/product\/yoast-seo-wordpress\/ -->\n<title>Conditions G\u00e9n\u00e9rales de Vente - REDUREAU CONSEIL FORMATION<\/title>\n<meta name=\"robots\" content=\"index, follow, max-snippet:-1, max-image-preview:large, max-video-preview:-1\" \/>\n<link rel=\"canonical\" href=\"https:\/\/www.redureau-conseil.com\/fr\/informations-utiles\/conditions-generales-de-vente\/\" \/>\n<meta property=\"og:locale\" content=\"fr_FR\" \/>\n<meta property=\"og:type\" content=\"article\" \/>\n<meta property=\"og:title\" content=\"Conditions G\u00e9n\u00e9rales de Vente - REDUREAU CONSEIL FORMATION\" \/>\n<meta property=\"og:description\" content=\"CONDITIONS G\u00c9N\u00c9RALES DE VENTE Les pr\u00e9sentes conditions g\u00e9n\u00e9rales de vente r\u00e9gissent les rapports entre REDUREAU CONSEIL FORMATION et son client, dans le cadre d\u2019une prestation de formation et pr\u00e9valent sur tout autre document. Toute inscription est soumise aux pr\u00e9sentes conditions g\u00e9n\u00e9rales de vente sauf d\u00e9rogation formelle et expresse de REDUREAU CONSEIL FORMATION. L\u2019entreprise cliente d\u00e9clare...\" \/>\n<meta property=\"og:url\" content=\"https:\/\/www.redureau-conseil.com\/fr\/informations-utiles\/conditions-generales-de-vente\/\" \/>\n<meta property=\"og:site_name\" content=\"REDUREAU CONSEIL FORMATION\" \/>\n<meta property=\"article:modified_time\" content=\"2025-09-10T11:59:52+00:00\" \/>\n<meta property=\"og:image\" content=\"http:\/\/www.redureau-conseil.com\/fr\/wp-content\/uploads\/2013\/10\/puce2.png\" \/>\n<meta name=\"twitter:label1\" content=\"Dur\u00e9e de lecture estim\u00e9e\" \/>\n\t<meta name=\"twitter:data1\" content=\"8 minutes\" \/>\n<script type=\"application\/ld+json\" class=\"yoast-schema-graph\">{\"@context\":\"https:\\\/\\\/schema.org\",\"@graph\":[{\"@type\":\"WebPage\",\"@id\":\"https:\\\/\\\/www.redureau-conseil.com\\\/fr\\\/informations-utiles\\\/conditions-generales-de-vente\\\/\",\"url\":\"https:\\\/\\\/www.redureau-conseil.com\\\/fr\\\/informations-utiles\\\/conditions-generales-de-vente\\\/\",\"name\":\"Conditions G\u00e9n\u00e9rales de Vente - REDUREAU CONSEIL FORMATION\",\"isPartOf\":{\"@id\":\"https:\\\/\\\/www.redureau-conseil.com\\\/fr\\\/#website\"},\"primaryImageOfPage\":{\"@id\":\"https:\\\/\\\/www.redureau-conseil.com\\\/fr\\\/informations-utiles\\\/conditions-generales-de-vente\\\/#primaryimage\"},\"image\":{\"@id\":\"https:\\\/\\\/www.redureau-conseil.com\\\/fr\\\/informations-utiles\\\/conditions-generales-de-vente\\\/#primaryimage\"},\"thumbnailUrl\":\"http:\\\/\\\/www.redureau-conseil.com\\\/fr\\\/wp-content\\\/uploads\\\/2013\\\/10\\\/puce2.png\",\"datePublished\":\"2013-10-31T15:59:44+00:00\",\"dateModified\":\"2025-09-10T11:59:52+00:00\",\"breadcrumb\":{\"@id\":\"https:\\\/\\\/www.redureau-conseil.com\\\/fr\\\/informations-utiles\\\/conditions-generales-de-vente\\\/#breadcrumb\"},\"inLanguage\":\"fr-FR\",\"potentialAction\":[{\"@type\":\"ReadAction\",\"target\":[\"https:\\\/\\\/www.redureau-conseil.com\\\/fr\\\/informations-utiles\\\/conditions-generales-de-vente\\\/\"]}]},{\"@type\":\"ImageObject\",\"inLanguage\":\"fr-FR\",\"@id\":\"https:\\\/\\\/www.redureau-conseil.com\\\/fr\\\/informations-utiles\\\/conditions-generales-de-vente\\\/#primaryimage\",\"url\":\"http:\\\/\\\/www.redureau-conseil.com\\\/fr\\\/wp-content\\\/uploads\\\/2013\\\/10\\\/puce2.png\",\"contentUrl\":\"http:\\\/\\\/www.redureau-conseil.com\\\/fr\\\/wp-content\\\/uploads\\\/2013\\\/10\\\/puce2.png\"},{\"@type\":\"BreadcrumbList\",\"@id\":\"https:\\\/\\\/www.redureau-conseil.com\\\/fr\\\/informations-utiles\\\/conditions-generales-de-vente\\\/#breadcrumb\",\"itemListElement\":[{\"@type\":\"ListItem\",\"position\":1,\"name\":\"Home\",\"item\":\"https:\\\/\\\/www.redureau-conseil.com\\\/fr\\\/\"},{\"@type\":\"ListItem\",\"position\":2,\"name\":\"Informations utiles\",\"item\":\"https:\\\/\\\/www.redureau-conseil.com\\\/fr\\\/informations-utiles\\\/\"},{\"@type\":\"ListItem\",\"position\":3,\"name\":\"Conditions G\u00e9n\u00e9rales de Vente\"}]},{\"@type\":\"WebSite\",\"@id\":\"https:\\\/\\\/www.redureau-conseil.com\\\/fr\\\/#website\",\"url\":\"https:\\\/\\\/www.redureau-conseil.com\\\/fr\\\/\",\"name\":\"REDUREAU CONSEIL FORMATION\",\"description\":\"Une Formation \u00e0 dimension Humaine\",\"publisher\":{\"@id\":\"https:\\\/\\\/www.redureau-conseil.com\\\/fr\\\/#organization\"},\"potentialAction\":[{\"@type\":\"SearchAction\",\"target\":{\"@type\":\"EntryPoint\",\"urlTemplate\":\"https:\\\/\\\/www.redureau-conseil.com\\\/fr\\\/?s={search_term_string}\"},\"query-input\":{\"@type\":\"PropertyValueSpecification\",\"valueRequired\":true,\"valueName\":\"search_term_string\"}}],\"inLanguage\":\"fr-FR\"},{\"@type\":\"Organization\",\"@id\":\"https:\\\/\\\/www.redureau-conseil.com\\\/fr\\\/#organization\",\"name\":\"REDUREAU CONSEIL FORMATION\",\"url\":\"https:\\\/\\\/www.redureau-conseil.com\\\/fr\\\/\",\"logo\":{\"@type\":\"ImageObject\",\"inLanguage\":\"fr-FR\",\"@id\":\"https:\\\/\\\/www.redureau-conseil.com\\\/fr\\\/#\\\/schema\\\/logo\\\/image\\\/\",\"url\":\"https:\\\/\\\/www.redureau-conseil.com\\\/fr\\\/wp-content\\\/uploads\\\/2013\\\/10\\\/puce2.png\",\"contentUrl\":\"https:\\\/\\\/www.redureau-conseil.com\\\/fr\\\/wp-content\\\/uploads\\\/2013\\\/10\\\/puce2.png\",\"width\":50,\"height\":27,\"caption\":\"REDUREAU CONSEIL FORMATION\"},\"image\":{\"@id\":\"https:\\\/\\\/www.redureau-conseil.com\\\/fr\\\/#\\\/schema\\\/logo\\\/image\\\/\"}}]}<\/script>\n<!-- \/ Yoast SEO plugin. -->","yoast_head_json":{"title":"Conditions G\u00e9n\u00e9rales de Vente - REDUREAU CONSEIL FORMATION","robots":{"index":"index","follow":"follow","max-snippet":"max-snippet:-1","max-image-preview":"max-image-preview:large","max-video-preview":"max-video-preview:-1"},"canonical":"https:\/\/www.redureau-conseil.com\/fr\/informations-utiles\/conditions-generales-de-vente\/","og_locale":"fr_FR","og_type":"article","og_title":"Conditions G\u00e9n\u00e9rales de Vente - REDUREAU CONSEIL FORMATION","og_description":"CONDITIONS G\u00c9N\u00c9RALES DE VENTE Les pr\u00e9sentes conditions g\u00e9n\u00e9rales de vente r\u00e9gissent les rapports entre REDUREAU CONSEIL FORMATION et son client, dans le cadre d\u2019une prestation de formation et pr\u00e9valent sur tout autre document. Toute inscription est soumise aux pr\u00e9sentes conditions g\u00e9n\u00e9rales de vente sauf d\u00e9rogation formelle et expresse de REDUREAU CONSEIL FORMATION. L\u2019entreprise cliente d\u00e9clare...","og_url":"https:\/\/www.redureau-conseil.com\/fr\/informations-utiles\/conditions-generales-de-vente\/","og_site_name":"REDUREAU CONSEIL FORMATION","article_modified_time":"2025-09-10T11:59:52+00:00","og_image":[{"url":"http:\/\/www.redureau-conseil.com\/fr\/wp-content\/uploads\/2013\/10\/puce2.png","type":"","width":"","height":""}],"twitter_misc":{"Dur\u00e9e de lecture estim\u00e9e":"8 minutes"},"schema":{"@context":"https:\/\/schema.org","@graph":[{"@type":"WebPage","@id":"https:\/\/www.redureau-conseil.com\/fr\/informations-utiles\/conditions-generales-de-vente\/","url":"https:\/\/www.redureau-conseil.com\/fr\/informations-utiles\/conditions-generales-de-vente\/","name":"Conditions G\u00e9n\u00e9rales de Vente - REDUREAU CONSEIL FORMATION","isPartOf":{"@id":"https:\/\/www.redureau-conseil.com\/fr\/#website"},"primaryImageOfPage":{"@id":"https:\/\/www.redureau-conseil.com\/fr\/informations-utiles\/conditions-generales-de-vente\/#primaryimage"},"image":{"@id":"https:\/\/www.redureau-conseil.com\/fr\/informations-utiles\/conditions-generales-de-vente\/#primaryimage"},"thumbnailUrl":"http:\/\/www.redureau-conseil.com\/fr\/wp-content\/uploads\/2013\/10\/puce2.png","datePublished":"2013-10-31T15:59:44+00:00","dateModified":"2025-09-10T11:59:52+00:00","breadcrumb":{"@id":"https:\/\/www.redureau-conseil.com\/fr\/informations-utiles\/conditions-generales-de-vente\/#breadcrumb"},"inLanguage":"fr-FR","potentialAction":[{"@type":"ReadAction","target":["https:\/\/www.redureau-conseil.com\/fr\/informations-utiles\/conditions-generales-de-vente\/"]}]},{"@type":"ImageObject","inLanguage":"fr-FR","@id":"https:\/\/www.redureau-conseil.com\/fr\/informations-utiles\/conditions-generales-de-vente\/#primaryimage","url":"http:\/\/www.redureau-conseil.com\/fr\/wp-content\/uploads\/2013\/10\/puce2.png","contentUrl":"http:\/\/www.redureau-conseil.com\/fr\/wp-content\/uploads\/2013\/10\/puce2.png"},{"@type":"BreadcrumbList","@id":"https:\/\/www.redureau-conseil.com\/fr\/informations-utiles\/conditions-generales-de-vente\/#breadcrumb","itemListElement":[{"@type":"ListItem","position":1,"name":"Home","item":"https:\/\/www.redureau-conseil.com\/fr\/"},{"@type":"ListItem","position":2,"name":"Informations utiles","item":"https:\/\/www.redureau-conseil.com\/fr\/informations-utiles\/"},{"@type":"ListItem","position":3,"name":"Conditions G\u00e9n\u00e9rales de Vente"}]},{"@type":"WebSite","@id":"https:\/\/www.redureau-conseil.com\/fr\/#website","url":"https:\/\/www.redureau-conseil.com\/fr\/","name":"REDUREAU CONSEIL FORMATION","description":"Une Formation \u00e0 dimension Humaine","publisher":{"@id":"https:\/\/www.redureau-conseil.com\/fr\/#organization"},"potentialAction":[{"@type":"SearchAction","target":{"@type":"EntryPoint","urlTemplate":"https:\/\/www.redureau-conseil.com\/fr\/?s={search_term_string}"},"query-input":{"@type":"PropertyValueSpecification","valueRequired":true,"valueName":"search_term_string"}}],"inLanguage":"fr-FR"},{"@type":"Organization","@id":"https:\/\/www.redureau-conseil.com\/fr\/#organization","name":"REDUREAU CONSEIL FORMATION","url":"https:\/\/www.redureau-conseil.com\/fr\/","logo":{"@type":"ImageObject","inLanguage":"fr-FR","@id":"https:\/\/www.redureau-conseil.com\/fr\/#\/schema\/logo\/image\/","url":"https:\/\/www.redureau-conseil.com\/fr\/wp-content\/uploads\/2013\/10\/puce2.png","contentUrl":"https:\/\/www.redureau-conseil.com\/fr\/wp-content\/uploads\/2013\/10\/puce2.png","width":50,"height":27,"caption":"REDUREAU CONSEIL FORMATION"},"image":{"@id":"https:\/\/www.redureau-conseil.com\/fr\/#\/schema\/logo\/image\/"}}]}},"_links":{"self":[{"href":"https:\/\/www.redureau-conseil.com\/fr\/wp-json\/wp\/v2\/pages\/485","targetHints":{"allow":["GET"]}}],"collection":[{"href":"https:\/\/www.redureau-conseil.com\/fr\/wp-json\/wp\/v2\/pages"}],"about":[{"href":"https:\/\/www.redureau-conseil.com\/fr\/wp-json\/wp\/v2\/types\/page"}],"author":[{"embeddable":true,"href":"https:\/\/www.redureau-conseil.com\/fr\/wp-json\/wp\/v2\/users\/1"}],"replies":[{"embeddable":true,"href":"https:\/\/www.redureau-conseil.com\/fr\/wp-json\/wp\/v2\/comments?post=485"}],"version-history":[{"count":8,"href":"https:\/\/www.redureau-conseil.com\/fr\/wp-json\/wp\/v2\/pages\/485\/revisions"}],"predecessor-version":[{"id":2247,"href":"https:\/\/www.redureau-conseil.com\/fr\/wp-json\/wp\/v2\/pages\/485\/revisions\/2247"}],"up":[{"embeddable":true,"href":"https:\/\/www.redureau-conseil.com\/fr\/wp-json\/wp\/v2\/pages\/468"}],"wp:attachment":[{"href":"https:\/\/www.redureau-conseil.com\/fr\/wp-json\/wp\/v2\/media?parent=485"}],"curies":[{"name":"wp","href":"https:\/\/api.w.org\/{rel}","templated":true}]}}