{"id":461,"date":"2013-10-31T01:17:31","date_gmt":"2013-10-31T00:17:31","guid":{"rendered":"http:\/\/www.redureau-conseil.com\/fr\/?page_id=461"},"modified":"2025-09-10T13:58:50","modified_gmt":"2025-09-10T11:58:50","slug":"nos-references","status":"publish","type":"page","link":"https:\/\/www.redureau-conseil.com\/fr\/nos-references\/","title":{"rendered":"Ils nous font confiance"},"content":{"rendered":"<h3 style=\"text-align: justify;\"><span style=\"color: #888888;\"><strong><span style=\"font-size: medium;\"> <img loading=\"lazy\" decoding=\"async\" class=\"size-full wp-image-183 aligncenter\" title=\"administrations services publics\" src=\"https:\/\/www.redureau-conseil.com\/fr\/wp-content\/uploads\/2013\/10\/puce2.png\" alt=\"administrations\" width=\"50\" height=\"27\" \/><span style=\"color: #000000;\">Administrations et Services Publics <\/span><\/span><\/strong><\/span><\/h3>\n<h5><span style=\"color: #000000;\">Chambre des m\u00e9tiers de <strong>Chalons sur Sa\u00f4ne<\/strong>\u00a0, Chambre des m\u00e9tiers de <strong>Coutances<\/strong>, Chambre des m\u00e9tiers de <strong>Dinan<\/strong>, Chambre des m\u00e9tiers de <strong>Saint Brieuc<\/strong>, Chambre des m\u00e9tiers <strong>Rennes, <\/strong>France T\u00e9l\u00e9com, ANPE (Lorient<strong>), <\/strong>AFPA (Lorient), <strong>\u00a0<\/strong>Chambre de commerce et d\u2019Industrie<strong> (Lorient, Brest\u2026), <\/strong>Centres de gestion agr\u00e9\u00e9, SELLOR (Soci\u00e9t\u00e9 Economique de Lorient), DDTME (Direction D\u00e9partementale du Territoire et de le Mer)\u2026<\/span><\/h5>\n<h3 style=\"text-align: justify;\"><span style=\"font-size: medium; color: #000000;\"><strong><strong><img loading=\"lazy\" decoding=\"async\" class=\"aligncenter\" title=\"Grandes et Moyennes surfaces, Franchises\" src=\"https:\/\/www.redureau-conseil.com\/fr\/wp-content\/uploads\/2013\/10\/puce2.png\" alt=\"Grandes et Moyennes surfaces\" width=\"50\" height=\"27\" \/><\/strong>Grandes et Moyennes surfaces, Franchises<\/strong> <\/span><\/h3>\n<div style=\"text-align: justify;\">\n<h5><span style=\"color: #000000;\">Le Comptoir de la mer, Briconautes,\u00a0 Jardi +, King Jouets, Starjouet, Michigan,\u00a0 Mr Bricolage, Descamps<strong>, <\/strong>Yves Rocher, King Surf Laita, Pharmacies de Bretagne, Viva, Breiz PC, Comptoirs d\u2019Hommes, Polemil, Arest Distribution, Biocoop, Cadremoi, Caves et d\u00e9lices, Mobilier d\u2019hier, Technivisual, Total, Hydro Culture, Cop copine, Cot\u00e9lac, Complicit\u00e9\u2026<\/span><\/h5>\n<h3><span style=\"font-size: medium; color: #000000;\"><strong><strong><img loading=\"lazy\" decoding=\"async\" class=\"aligncenter\" title=\"Transports\" src=\"https:\/\/www.redureau-conseil.com\/fr\/wp-content\/uploads\/2013\/10\/puce2.png\" alt=\"Transports\" width=\"50\" height=\"27\" \/><\/strong>Transports<\/strong><\/span><\/h3>\n<h5><span style=\"color: #000000;\">VP Auto, Transports Lepors, Transports Floury, Transports Godard, Brittany Ferries, Garage St Michel Angers, Le Bourhis, France Alliance, Love France, Lumineau Transport, DL Express, GPC Express, Transports Viandier, \u2026<\/span><\/h5>\n<h3><span style=\"color: #000000;\"><strong><span style=\"font-size: medium;\"><strong><img loading=\"lazy\" decoding=\"async\" class=\"aligncenter\" title=\"Industries\" src=\"https:\/\/www.redureau-conseil.com\/fr\/wp-content\/uploads\/2013\/10\/puce2.png\" alt=\"Industries\" width=\"50\" height=\"27\" \/><\/strong>Industries<\/span><\/strong><\/span><\/h3>\n<h5><span style=\"color: #000000;\">Plastimo, Peugeot, Faurecia, Lamouret Fr\u00e8res broderies industrielles, Laboulet Semences<strong>, <\/strong>La Cr\u00eape Gourinoise, MD Angora, Riwal France, SB2M Rennes, Armurerie St Michel, Edison Eclairage, Durand Vaillant, Adequat Chaussures, Aquastream, Angle rond, Ets Leforgeais, Actil&#8230;<\/span><\/h5>\n<h3><span style=\"color: #000000;\"><strong><span style=\"font-size: medium;\"><strong><img loading=\"lazy\" decoding=\"async\" class=\"aligncenter\" title=\"Services \" src=\"https:\/\/www.redureau-conseil.com\/fr\/wp-content\/uploads\/2013\/10\/puce2.png\" alt=\"Services \" width=\"50\" height=\"27\" \/><\/strong>Services <\/span><\/strong><\/span><\/h3>\n<h5><span style=\"color: #000000;\">Les Papillons Blancs, Armorique Habitat, Nautik 47, Arp\u00e8ge, Cit\u00e9 de la voile Eric Tabarly,\u00a0 Fonci\u00e8re Le Li\u00e8vre, Atlantique Bretagne Sud Transactions,\u00a0 Coaching sportif (patinage artistique, tennis de table, skippers\u2026), Anjou Granit Import, GTA Loisirs, MF M\u00e9dical, \u2026<\/span><\/h5>\n<h3><span style=\"color: #000000;\"><strong><span style=\"font-size: medium;\"><strong><img loading=\"lazy\" decoding=\"async\" class=\"aligncenter\" title=\"H\u00f4tellerie Restauration \" src=\"https:\/\/www.redureau-conseil.com\/fr\/wp-content\/uploads\/2013\/10\/puce2.png\" alt=\"H\u00f4tellerie Restauration \" width=\"50\" height=\"27\" \/>H\u00f4tellerie<\/strong> Restauration <\/span><\/strong><\/span><\/h3>\n<h5><span style=\"color: #000000;\">La Rotonde, La Guimbarde, Le Chicanos, l\u2019Albatros, l\u2019Alhambra, Le Cosy, Gites de France, Le Boudoir, Le Blavet,<\/span><\/h5>\n<h3><span style=\"color: #000000;\"><strong><span style=\"font-size: medium;\"><strong><img loading=\"lazy\" decoding=\"async\" class=\"aligncenter\" title=\"\u00c9quipement de la Personne\" src=\"https:\/\/www.redureau-conseil.com\/fr\/wp-content\/uploads\/2013\/10\/puce2.png\" alt=\"\u00c9quipement de la Personne\" width=\"50\" height=\"27\" \/>\u00c9quipement<\/strong> de la Personne<\/span><\/strong><\/span><\/h3>\n<h5><span style=\"color: #000000;\">Bijouterie Anne de Roca, Bijouterie Rigout, Bijouterie Pichon, Bo com Uknow, Cot\u00e9lac, La Pens\u00e9e, Look, Bamboo, Maja Sellerie, Bagatelle, Comptoir de l\u2019or, Lindivat, Cado-Cuir, Magicienne d\u2019O, Groupe Daky, La Boutik, Nily, Aqua Sport, Cop Copine, Abi Dom, &#8230;<\/span><\/h5>\n<\/div>\n<h4><a href=\"https:\/\/www.redureau-conseil.com\/fr\/\"><span style=\"color: #000080;\"><strong>ACCUEIL<\/strong><\/span><\/a><\/h4>\n\n\n\n","protected":false},"excerpt":{"rendered":"<p>Administrations et Services Publics Chambre des m\u00e9tiers de Chalons sur Sa\u00f4ne\u00a0, Chambre des m\u00e9tiers de Coutances, Chambre des m\u00e9tiers de Dinan, Chambre des m\u00e9tiers de Saint Brieuc, Chambre des m\u00e9tiers Rennes, France T\u00e9l\u00e9com, ANPE (Lorient), AFPA (Lorient), \u00a0Chambre de commerce et d\u2019Industrie (Lorient, Brest\u2026), Centres de gestion agr\u00e9\u00e9, SELLOR (Soci\u00e9t\u00e9 Economique de Lorient), DDTME (Direction&#8230;<\/p>\n","protected":false},"author":1,"featured_media":0,"parent":0,"menu_order":0,"comment_status":"closed","ping_status":"closed","template":"","meta":{"footnotes":""},"class_list":["post-461","page","type-page","status-publish","hentry"],"yoast_head":"<!-- This site is optimized with the Yoast SEO plugin v27.6 - https:\/\/yoast.com\/product\/yoast-seo-wordpress\/ -->\n<title>Ils nous font confiance - REDUREAU CONSEIL FORMATION<\/title>\n<meta name=\"description\" content=\"Administrations et Services Publics, Grandes et Moyennes surfaces, Franchises, Transports, Industries, H\u00f4tellerie, Restauration, \u00c9quipement de la Personne\" \/>\n<meta name=\"robots\" content=\"index, follow, max-snippet:-1, max-image-preview:large, max-video-preview:-1\" \/>\n<link rel=\"canonical\" href=\"https:\/\/www.redureau-conseil.com\/fr\/nos-references\/\" \/>\n<meta property=\"og:locale\" content=\"fr_FR\" \/>\n<meta property=\"og:type\" content=\"article\" \/>\n<meta property=\"og:title\" content=\"Ils nous font confiance - REDUREAU CONSEIL FORMATION\" \/>\n<meta property=\"og:description\" content=\"Administrations et Services Publics, Grandes et Moyennes surfaces, Franchises, Transports, Industries, H\u00f4tellerie, Restauration, \u00c9quipement de la Personne\" \/>\n<meta property=\"og:url\" content=\"https:\/\/www.redureau-conseil.com\/fr\/nos-references\/\" \/>\n<meta property=\"og:site_name\" content=\"REDUREAU CONSEIL FORMATION\" \/>\n<meta property=\"article:modified_time\" content=\"2025-09-10T11:58:50+00:00\" \/>\n<meta property=\"og:image\" content=\"http:\/\/www.redureau-conseil.com\/fr\/wp-content\/uploads\/2013\/10\/puce2.png\" \/>\n<meta name=\"twitter:label1\" content=\"Dur\u00e9e de lecture estim\u00e9e\" \/>\n\t<meta name=\"twitter:data1\" content=\"3 minutes\" \/>\n<script type=\"application\/ld+json\" class=\"yoast-schema-graph\">{\"@context\":\"https:\\\/\\\/schema.org\",\"@graph\":[{\"@type\":\"WebPage\",\"@id\":\"https:\\\/\\\/www.redureau-conseil.com\\\/fr\\\/nos-references\\\/\",\"url\":\"https:\\\/\\\/www.redureau-conseil.com\\\/fr\\\/nos-references\\\/\",\"name\":\"Ils nous font confiance - REDUREAU CONSEIL FORMATION\",\"isPartOf\":{\"@id\":\"https:\\\/\\\/www.redureau-conseil.com\\\/fr\\\/#website\"},\"primaryImageOfPage\":{\"@id\":\"https:\\\/\\\/www.redureau-conseil.com\\\/fr\\\/nos-references\\\/#primaryimage\"},\"image\":{\"@id\":\"https:\\\/\\\/www.redureau-conseil.com\\\/fr\\\/nos-references\\\/#primaryimage\"},\"thumbnailUrl\":\"http:\\\/\\\/www.redureau-conseil.com\\\/fr\\\/wp-content\\\/uploads\\\/2013\\\/10\\\/puce2.png\",\"datePublished\":\"2013-10-31T00:17:31+00:00\",\"dateModified\":\"2025-09-10T11:58:50+00:00\",\"description\":\"Administrations et Services Publics, Grandes et Moyennes surfaces, Franchises, Transports, Industries, H\u00f4tellerie, Restauration, \u00c9quipement de la Personne\",\"breadcrumb\":{\"@id\":\"https:\\\/\\\/www.redureau-conseil.com\\\/fr\\\/nos-references\\\/#breadcrumb\"},\"inLanguage\":\"fr-FR\",\"potentialAction\":[{\"@type\":\"ReadAction\",\"target\":[\"https:\\\/\\\/www.redureau-conseil.com\\\/fr\\\/nos-references\\\/\"]}]},{\"@type\":\"ImageObject\",\"inLanguage\":\"fr-FR\",\"@id\":\"https:\\\/\\\/www.redureau-conseil.com\\\/fr\\\/nos-references\\\/#primaryimage\",\"url\":\"http:\\\/\\\/www.redureau-conseil.com\\\/fr\\\/wp-content\\\/uploads\\\/2013\\\/10\\\/puce2.png\",\"contentUrl\":\"http:\\\/\\\/www.redureau-conseil.com\\\/fr\\\/wp-content\\\/uploads\\\/2013\\\/10\\\/puce2.png\"},{\"@type\":\"BreadcrumbList\",\"@id\":\"https:\\\/\\\/www.redureau-conseil.com\\\/fr\\\/nos-references\\\/#breadcrumb\",\"itemListElement\":[{\"@type\":\"ListItem\",\"position\":1,\"name\":\"Home\",\"item\":\"https:\\\/\\\/www.redureau-conseil.com\\\/fr\\\/\"},{\"@type\":\"ListItem\",\"position\":2,\"name\":\"Ils nous font confiance\"}]},{\"@type\":\"WebSite\",\"@id\":\"https:\\\/\\\/www.redureau-conseil.com\\\/fr\\\/#website\",\"url\":\"https:\\\/\\\/www.redureau-conseil.com\\\/fr\\\/\",\"name\":\"REDUREAU CONSEIL FORMATION\",\"description\":\"Une Formation \u00e0 dimension Humaine\",\"publisher\":{\"@id\":\"https:\\\/\\\/www.redureau-conseil.com\\\/fr\\\/#organization\"},\"potentialAction\":[{\"@type\":\"SearchAction\",\"target\":{\"@type\":\"EntryPoint\",\"urlTemplate\":\"https:\\\/\\\/www.redureau-conseil.com\\\/fr\\\/?s={search_term_string}\"},\"query-input\":{\"@type\":\"PropertyValueSpecification\",\"valueRequired\":true,\"valueName\":\"search_term_string\"}}],\"inLanguage\":\"fr-FR\"},{\"@type\":\"Organization\",\"@id\":\"https:\\\/\\\/www.redureau-conseil.com\\\/fr\\\/#organization\",\"name\":\"REDUREAU CONSEIL FORMATION\",\"url\":\"https:\\\/\\\/www.redureau-conseil.com\\\/fr\\\/\",\"logo\":{\"@type\":\"ImageObject\",\"inLanguage\":\"fr-FR\",\"@id\":\"https:\\\/\\\/www.redureau-conseil.com\\\/fr\\\/#\\\/schema\\\/logo\\\/image\\\/\",\"url\":\"https:\\\/\\\/www.redureau-conseil.com\\\/fr\\\/wp-content\\\/uploads\\\/2013\\\/10\\\/puce2.png\",\"contentUrl\":\"https:\\\/\\\/www.redureau-conseil.com\\\/fr\\\/wp-content\\\/uploads\\\/2013\\\/10\\\/puce2.png\",\"width\":50,\"height\":27,\"caption\":\"REDUREAU CONSEIL FORMATION\"},\"image\":{\"@id\":\"https:\\\/\\\/www.redureau-conseil.com\\\/fr\\\/#\\\/schema\\\/logo\\\/image\\\/\"}}]}<\/script>\n<!-- \/ Yoast SEO plugin. -->","yoast_head_json":{"title":"Ils nous font confiance - REDUREAU CONSEIL FORMATION","description":"Administrations et Services Publics, Grandes et Moyennes surfaces, Franchises, Transports, Industries, H\u00f4tellerie, Restauration, \u00c9quipement de la Personne","robots":{"index":"index","follow":"follow","max-snippet":"max-snippet:-1","max-image-preview":"max-image-preview:large","max-video-preview":"max-video-preview:-1"},"canonical":"https:\/\/www.redureau-conseil.com\/fr\/nos-references\/","og_locale":"fr_FR","og_type":"article","og_title":"Ils nous font confiance - REDUREAU CONSEIL FORMATION","og_description":"Administrations et Services Publics, Grandes et Moyennes surfaces, Franchises, Transports, Industries, H\u00f4tellerie, Restauration, \u00c9quipement de la Personne","og_url":"https:\/\/www.redureau-conseil.com\/fr\/nos-references\/","og_site_name":"REDUREAU CONSEIL FORMATION","article_modified_time":"2025-09-10T11:58:50+00:00","og_image":[{"url":"http:\/\/www.redureau-conseil.com\/fr\/wp-content\/uploads\/2013\/10\/puce2.png","type":"","width":"","height":""}],"twitter_misc":{"Dur\u00e9e de lecture estim\u00e9e":"3 minutes"},"schema":{"@context":"https:\/\/schema.org","@graph":[{"@type":"WebPage","@id":"https:\/\/www.redureau-conseil.com\/fr\/nos-references\/","url":"https:\/\/www.redureau-conseil.com\/fr\/nos-references\/","name":"Ils nous font confiance - REDUREAU CONSEIL FORMATION","isPartOf":{"@id":"https:\/\/www.redureau-conseil.com\/fr\/#website"},"primaryImageOfPage":{"@id":"https:\/\/www.redureau-conseil.com\/fr\/nos-references\/#primaryimage"},"image":{"@id":"https:\/\/www.redureau-conseil.com\/fr\/nos-references\/#primaryimage"},"thumbnailUrl":"http:\/\/www.redureau-conseil.com\/fr\/wp-content\/uploads\/2013\/10\/puce2.png","datePublished":"2013-10-31T00:17:31+00:00","dateModified":"2025-09-10T11:58:50+00:00","description":"Administrations et Services Publics, Grandes et Moyennes surfaces, Franchises, Transports, Industries, H\u00f4tellerie, Restauration, \u00c9quipement de la Personne","breadcrumb":{"@id":"https:\/\/www.redureau-conseil.com\/fr\/nos-references\/#breadcrumb"},"inLanguage":"fr-FR","potentialAction":[{"@type":"ReadAction","target":["https:\/\/www.redureau-conseil.com\/fr\/nos-references\/"]}]},{"@type":"ImageObject","inLanguage":"fr-FR","@id":"https:\/\/www.redureau-conseil.com\/fr\/nos-references\/#primaryimage","url":"http:\/\/www.redureau-conseil.com\/fr\/wp-content\/uploads\/2013\/10\/puce2.png","contentUrl":"http:\/\/www.redureau-conseil.com\/fr\/wp-content\/uploads\/2013\/10\/puce2.png"},{"@type":"BreadcrumbList","@id":"https:\/\/www.redureau-conseil.com\/fr\/nos-references\/#breadcrumb","itemListElement":[{"@type":"ListItem","position":1,"name":"Home","item":"https:\/\/www.redureau-conseil.com\/fr\/"},{"@type":"ListItem","position":2,"name":"Ils nous font confiance"}]},{"@type":"WebSite","@id":"https:\/\/www.redureau-conseil.com\/fr\/#website","url":"https:\/\/www.redureau-conseil.com\/fr\/","name":"REDUREAU CONSEIL FORMATION","description":"Une Formation \u00e0 dimension Humaine","publisher":{"@id":"https:\/\/www.redureau-conseil.com\/fr\/#organization"},"potentialAction":[{"@type":"SearchAction","target":{"@type":"EntryPoint","urlTemplate":"https:\/\/www.redureau-conseil.com\/fr\/?s={search_term_string}"},"query-input":{"@type":"PropertyValueSpecification","valueRequired":true,"valueName":"search_term_string"}}],"inLanguage":"fr-FR"},{"@type":"Organization","@id":"https:\/\/www.redureau-conseil.com\/fr\/#organization","name":"REDUREAU CONSEIL FORMATION","url":"https:\/\/www.redureau-conseil.com\/fr\/","logo":{"@type":"ImageObject","inLanguage":"fr-FR","@id":"https:\/\/www.redureau-conseil.com\/fr\/#\/schema\/logo\/image\/","url":"https:\/\/www.redureau-conseil.com\/fr\/wp-content\/uploads\/2013\/10\/puce2.png","contentUrl":"https:\/\/www.redureau-conseil.com\/fr\/wp-content\/uploads\/2013\/10\/puce2.png","width":50,"height":27,"caption":"REDUREAU CONSEIL FORMATION"},"image":{"@id":"https:\/\/www.redureau-conseil.com\/fr\/#\/schema\/logo\/image\/"}}]}},"_links":{"self":[{"href":"https:\/\/www.redureau-conseil.com\/fr\/wp-json\/wp\/v2\/pages\/461","targetHints":{"allow":["GET"]}}],"collection":[{"href":"https:\/\/www.redureau-conseil.com\/fr\/wp-json\/wp\/v2\/pages"}],"about":[{"href":"https:\/\/www.redureau-conseil.com\/fr\/wp-json\/wp\/v2\/types\/page"}],"author":[{"embeddable":true,"href":"https:\/\/www.redureau-conseil.com\/fr\/wp-json\/wp\/v2\/users\/1"}],"replies":[{"embeddable":true,"href":"https:\/\/www.redureau-conseil.com\/fr\/wp-json\/wp\/v2\/comments?post=461"}],"version-history":[{"count":18,"href":"https:\/\/www.redureau-conseil.com\/fr\/wp-json\/wp\/v2\/pages\/461\/revisions"}],"predecessor-version":[{"id":2245,"href":"https:\/\/www.redureau-conseil.com\/fr\/wp-json\/wp\/v2\/pages\/461\/revisions\/2245"}],"wp:attachment":[{"href":"https:\/\/www.redureau-conseil.com\/fr\/wp-json\/wp\/v2\/media?parent=461"}],"curies":[{"name":"wp","href":"https:\/\/api.w.org\/{rel}","templated":true}]}}