{"id":418,"date":"2013-10-31T00:15:12","date_gmt":"2013-10-30T23:15:12","guid":{"rendered":"http:\/\/www.redureau-conseil.com\/fr\/?page_id=418"},"modified":"2025-09-10T14:07:06","modified_gmt":"2025-09-10T12:07:06","slug":"methodes-pedagogiques","status":"publish","type":"page","link":"https:\/\/www.redureau-conseil.com\/fr\/methodes-pedagogiques\/","title":{"rendered":"M\u00e9thodes"},"content":{"rendered":"<h1 style=\"text-align: justify;\"><strong><span style=\"font-size: medium; color: #888888;\"><a href=\"https:\/\/www.redureau-conseil.com\/fr\/wp-content\/uploads\/2025\/09\/mouette-couleur-copie-noire-1-scaled.gif\"><img loading=\"lazy\" decoding=\"async\" class=\"alignnone size-medium wp-image-2062\" src=\"https:\/\/www.redureau-conseil.com\/fr\/wp-content\/uploads\/2025\/09\/mouette-couleur-copie-noire-1-300x204.gif\" alt=\"\" width=\"300\" height=\"204\" srcset=\"https:\/\/www.redureau-conseil.com\/fr\/wp-content\/uploads\/2025\/09\/mouette-couleur-copie-noire-1-300x204.gif 300w, https:\/\/www.redureau-conseil.com\/fr\/wp-content\/uploads\/2025\/09\/mouette-couleur-copie-noire-1-1024x697.gif 1024w, https:\/\/www.redureau-conseil.com\/fr\/wp-content\/uploads\/2025\/09\/mouette-couleur-copie-noire-1-768x523.gif 768w, https:\/\/www.redureau-conseil.com\/fr\/wp-content\/uploads\/2025\/09\/mouette-couleur-copie-noire-1-1536x1046.gif 1536w, https:\/\/www.redureau-conseil.com\/fr\/wp-content\/uploads\/2025\/09\/mouette-couleur-copie-noire-1-2048x1395.gif 2048w\" sizes=\"auto, (max-width: 300px) 100vw, 300px\" \/><\/a><span style=\"color: #000080;\">Une approche <\/span><a name=\"HUMANISTE\"><\/a><span style=\"color: #000080;\">humaniste<a href=\"https:\/\/www.redureau-conseil.com\/fr\/wp-content\/uploads\/2025\/09\/mouette-couleur-copie-noire-1-scaled.gif\"><img loading=\"lazy\" decoding=\"async\" class=\"alignnone size-medium wp-image-2062\" src=\"https:\/\/www.redureau-conseil.com\/fr\/wp-content\/uploads\/2025\/09\/mouette-couleur-copie-noire-1-300x204.gif\" alt=\"\" width=\"300\" height=\"204\" srcset=\"https:\/\/www.redureau-conseil.com\/fr\/wp-content\/uploads\/2025\/09\/mouette-couleur-copie-noire-1-300x204.gif 300w, https:\/\/www.redureau-conseil.com\/fr\/wp-content\/uploads\/2025\/09\/mouette-couleur-copie-noire-1-1024x697.gif 1024w, https:\/\/www.redureau-conseil.com\/fr\/wp-content\/uploads\/2025\/09\/mouette-couleur-copie-noire-1-768x523.gif 768w, https:\/\/www.redureau-conseil.com\/fr\/wp-content\/uploads\/2025\/09\/mouette-couleur-copie-noire-1-1536x1046.gif 1536w, https:\/\/www.redureau-conseil.com\/fr\/wp-content\/uploads\/2025\/09\/mouette-couleur-copie-noire-1-2048x1395.gif 2048w\" sizes=\"auto, (max-width: 300px) 100vw, 300px\" \/><\/a><\/span><\/span><\/strong><\/h1>\n<h5 style=\"text-align: justify;\">Essentiellement ax\u00e9es sur \u00ab\u00a0l&rsquo;humain\u00a0\u00bb, nos interventions visent toujours \u00e0 consid\u00e9rer la personne dans son int\u00e9gralit\u00e9 et favoriser son \u00e9panouissement personnel et professionnel. Elles visent aussi \u00e0 d\u00e9velopper l&rsquo;<strong>autonomie<\/strong> de chacun, son sens de la responsabilit\u00e9 et son aptitude \u00e0 travailler en <strong>\u00e9quipe<\/strong>.<\/h5>\n<h5 style=\"text-align: justify;\">Nous cherchons \u00e0 amener les individus \u00e0 devenir pleinement acteurs de leur vie professionnelle et \u00e0 ne pas la subir.<\/h5>\n<h5 style=\"text-align: justify;\">Nous nous attachons \u00e0 renforcer la <strong>coh\u00e9sion des \u00e9quipes<\/strong> et \u00e0 optimiser les \u00e9changes d&rsquo;informations entre les collaborateurs et leurs directions.<\/h5>\n<h5 style=\"text-align: justify;\">Nous sommes mobiles <strong>France enti\u00e8re<\/strong>, et capables d&rsquo;intervenir aupr\u00e8s de votre r\u00e9seau (concessionnaires et\/ou succursales) pour travailler, sur le terrain, \u00e0 l&rsquo;am\u00e9lioration de leur <strong>efficacit\u00e9<\/strong> op\u00e9rationnelle.<\/h5>\n<h2 style=\"text-align: justify;\"><span style=\"font-size: medium; color: #888888;\"><strong><strong><img loading=\"lazy\" decoding=\"async\" title=\"Une formation au plus proche des besoins de l'Entreprise\" src=\"https:\/\/www.redureau-conseil.com\/fr\/wp-content\/uploads\/2013\/10\/puce2.png\" alt=\"Une formation au plus proche des besoins de l'Entreprise\" width=\"50\" height=\"27\" \/><\/strong><span style=\"color: #000080;\">Une formation au plus proche des besoins de l&rsquo;<\/span><a name=\"ENTREPRISE\"><\/a><span style=\"color: #000080;\">Entreprise<\/span><\/strong><\/span><\/h2>\n<h5 style=\"text-align: justify;\">Notre catalogue a un aspect n\u00e9cessairement fig\u00e9. En lien avec la direction des ressources humaines, nous mettons en place des programmes sp\u00e9cifiques qui tiennent compte des exigences sp\u00e9cifiques de l&rsquo;entreprise et\/ou de ses collaborateurs.<\/h5>\n<h5 style=\"text-align: justify;\">En un mot, nous voulons \u00e9tablir une relation de r\u00e9el partenariat avec l&rsquo;entreprise ou l&rsquo;organisation cliente pour aboutir \u00e0 des solutions \u00ab\u00a0Sur Mesure\u00a0\u00bb.<br \/>En m\u00eame temps, nous attachons de l&rsquo;importance \u00e0 associer les managements \u00e0 nos actions de formation.<\/h5>\n<h5 style=\"text-align: justify;\">Nous r\u00e9alisons toujours un <strong>audit pr\u00e9alable GRATUIT<\/strong> . Cette approche, pour nous essentielle, nous aide \u00e0 mieux cerner vos besoins, \u00e0 clarifier vos attentes et \u00e0 identifier les diff\u00e9rentes parties prenantes \u00e0 l&rsquo;action de formation. Nous nous mettons ainsi en capacit\u00e9 de r\u00e9pondre d&rsquo;une mani\u00e8re aussi pr\u00e9cise que possible \u00e0 votre cahier des charges.<\/h5>\n<h4 style=\"text-align: justify;\"><span style=\"font-size: medium; color: #888888;\"><strong><img loading=\"lazy\" decoding=\"async\" title=\"Une formation au plus proche des besoins de l'Entreprise\" src=\"https:\/\/www.redureau-conseil.com\/fr\/wp-content\/uploads\/2013\/10\/puce2.png\" alt=\"Une formation au plus proche des besoins de l'Entreprise\" width=\"50\" height=\"27\" \/><\/strong><\/span><strong><span style=\"color: #333399;\">CANDIDATS EN SITUATION DE HANDICAP<\/span><\/strong><\/h4>\n<h5>Redureau Conseil Formation vous accueille notamment en adaptant le programme de formation, les horaires ou le rythme de la session, si cela est possible. Sans porter pr\u00e9judice \u00e0 votre formation.<\/h5>\n<h5>Nous assurons une mission de conseil et pourront aussi vous orienter vers d\u2019autres organismes de formation.<\/h5>\n<h5>Voici des liens utiles pour votre orientation\u00a0:<\/h5>\n<h5><span style=\"color: #ff0000;\"><a style=\"color: #ff0000;\" href=\"https:\/\/www.agefiph.fr\/\" target=\"_blank\" rel=\"noopener\">Agefiph<\/a><\/span><\/h5>\n<h5><span style=\"color: #ff0000;\"><a style=\"color: #ff0000;\" href=\"https:\/\/www.cidj.com\/handijeunes-aidez-les-jeunes-handicapes-a-etre-acteurs-de-leurs-choix\" target=\"_blank\" rel=\"noopener\">Handijeunes<\/a><\/span><\/h5>\n<h5><span style=\"color: #ff0000;\"><a style=\"color: #ff0000;\" href=\"https:\/\/annuaire.action-sociale.org\/MDPH\/MDPH-56-Morbihan.html\" target=\"_blank\" rel=\"noopener\">Mdph56<\/a><\/span><\/h5>\n<h5>Les entreprises ayant une demande sp\u00e9cifique de formation pour une (des) personne(s) handicap\u00e9e(s) pourront en faire la demande au moment de l&rsquo;audit.<\/h5>\n<h5>Vous pouvez contacter notre r\u00e9f\u00e9rent interne: Jean-Luc REDUREAU.<\/h5>\n<p><span style=\"color: #888888;\"><strong><span style=\"font-size: medium;\"><strong><img loading=\"lazy\" decoding=\"async\" title=\"suivi individualis\u00e9 des stagiaires\" src=\"https:\/\/www.redureau-conseil.com\/fr\/wp-content\/uploads\/2013\/10\/puce2.png\" alt=\"suivi\" width=\"50\" height=\"27\" \/><\/strong><span style=\"color: #000080;\">Un <\/span><a name=\"SUIVI\"><\/a><span style=\"color: #000080;\">suivi individualis\u00e9 des stagiaires<\/span><\/span><\/strong><\/span><\/p>\n<h5 style=\"text-align: justify;\">Si besoin est, et en accord avec la DRH de l&rsquo;entreprise, nous mettons en place un suivi individualis\u00e9 des stagiaires.<br \/>Ce suivi permet une \u00e9valuation fine des r\u00e9sultats de notre action.<br \/>Les savoirs acquis sont revus et actualis\u00e9s d&rsquo;une mani\u00e8re individualis\u00e9e.<br \/>Un point est ainsi fait sur la mise en oeuvre pratique des apports de la formation.<br \/>Un suivi, par rapport aux objectifs du stage devient possible de m\u00eame qu&rsquo;une \u00e9valuation des progr\u00e8s r\u00e9alis\u00e9s.<\/h5>\n<h3 style=\"text-align: justify;\"><span style=\"color: #888888;\"><strong><span style=\"font-size: medium;\"><strong><img loading=\"lazy\" decoding=\"async\" title=\"Une action au plus pr\u00e9s des pr\u00e9occupations du terrain\" src=\"https:\/\/www.redureau-conseil.com\/fr\/wp-content\/uploads\/2013\/10\/puce2.png\" alt=\"Une action au plus pr\u00e9s des pr\u00e9occupations du terrain\" width=\"50\" height=\"27\" \/><\/strong><span style=\"color: #000080;\">Une action au plus pr\u00e9s des pr\u00e9occupations du terrain<\/span><\/span><\/strong><\/span><\/h3>\n<h5 style=\"text-align: justify;\">Nos formations, tr\u00e8s concr\u00e8tes et pragmatiques, privil\u00e9gient l&rsquo;action au plus pr\u00e8s du terrain et font appel \u00e0 des m\u00e9thodes de p\u00e9dagogie active (jeux de r\u00f4les, simulation de ventes et\/ou d&rsquo;entretiens).<\/h5>\n<h5 style=\"text-align: justify;\">Nous utilisons un mat\u00e9riel performant: Vid\u00e9o projecteur, cam\u00e9scope etc&#8230;<\/h5>\n<h4><a href=\"https:\/\/www.redureau-conseil.com\/fr\/wp-admin\/post.php?post=2032&amp;action=edit\" data-wplink-edit=\"true\"><span style=\"color: #000080;\">ACCUEIL<\/span><\/a><\/h4>\n\n","protected":false},"excerpt":{"rendered":"<p>Une approche humaniste Essentiellement ax\u00e9es sur \u00ab\u00a0l&rsquo;humain\u00a0\u00bb, nos interventions visent toujours \u00e0 consid\u00e9rer la personne dans son int\u00e9gralit\u00e9 et favoriser son \u00e9panouissement personnel et professionnel. Elles visent aussi \u00e0 d\u00e9velopper l&rsquo;autonomie de chacun, son sens de la responsabilit\u00e9 et son aptitude \u00e0 travailler en \u00e9quipe. Nous cherchons \u00e0 amener les individus \u00e0 devenir pleinement acteurs&#8230;<\/p>\n","protected":false},"author":1,"featured_media":0,"parent":0,"menu_order":0,"comment_status":"closed","ping_status":"closed","template":"","meta":{"footnotes":""},"class_list":["post-418","page","type-page","status-publish","hentry"],"yoast_head":"<!-- This site is optimized with the Yoast SEO plugin v27.6 - https:\/\/yoast.com\/product\/yoast-seo-wordpress\/ -->\n<title>M\u00e9thodes - REDUREAU CONSEIL FORMATION<\/title>\n<meta name=\"description\" content=\"Essentiellement ax\u00e9es sur \u00ab l\u2019humain \u00bb, nos interventions visent toujours \u00e0 consid\u00e9rer la personne dans son int\u00e9gralit\u00e9 et favoriser son \u00e9panouissement personnel et professionnel.\" \/>\n<meta name=\"robots\" content=\"index, follow, max-snippet:-1, max-image-preview:large, max-video-preview:-1\" \/>\n<link rel=\"canonical\" href=\"https:\/\/www.redureau-conseil.com\/fr\/methodes-pedagogiques\/\" \/>\n<meta property=\"og:locale\" content=\"fr_FR\" \/>\n<meta property=\"og:type\" content=\"article\" \/>\n<meta property=\"og:title\" content=\"M\u00e9thodes - REDUREAU CONSEIL FORMATION\" \/>\n<meta property=\"og:description\" content=\"Essentiellement ax\u00e9es sur \u00ab l\u2019humain \u00bb, nos interventions visent toujours \u00e0 consid\u00e9rer la personne dans son int\u00e9gralit\u00e9 et favoriser son \u00e9panouissement personnel et professionnel.\" \/>\n<meta property=\"og:url\" content=\"https:\/\/www.redureau-conseil.com\/fr\/methodes-pedagogiques\/\" \/>\n<meta property=\"og:site_name\" content=\"REDUREAU CONSEIL FORMATION\" \/>\n<meta property=\"article:modified_time\" content=\"2025-09-10T12:07:06+00:00\" \/>\n<meta property=\"og:image\" content=\"https:\/\/www.redureau-conseil.com\/fr\/wp-content\/uploads\/2025\/09\/mouette-couleur-copie-noire-1-scaled.gif\" \/>\n\t<meta property=\"og:image:width\" content=\"2560\" \/>\n\t<meta property=\"og:image:height\" content=\"1743\" \/>\n\t<meta property=\"og:image:type\" content=\"image\/gif\" \/>\n<meta name=\"twitter:label1\" content=\"Dur\u00e9e de lecture estim\u00e9e\" \/>\n\t<meta name=\"twitter:data1\" content=\"4 minutes\" \/>\n<script type=\"application\/ld+json\" class=\"yoast-schema-graph\">{\"@context\":\"https:\\\/\\\/schema.org\",\"@graph\":[{\"@type\":\"WebPage\",\"@id\":\"https:\\\/\\\/www.redureau-conseil.com\\\/fr\\\/methodes-pedagogiques\\\/\",\"url\":\"https:\\\/\\\/www.redureau-conseil.com\\\/fr\\\/methodes-pedagogiques\\\/\",\"name\":\"M\u00e9thodes - REDUREAU CONSEIL FORMATION\",\"isPartOf\":{\"@id\":\"https:\\\/\\\/www.redureau-conseil.com\\\/fr\\\/#website\"},\"primaryImageOfPage\":{\"@id\":\"https:\\\/\\\/www.redureau-conseil.com\\\/fr\\\/methodes-pedagogiques\\\/#primaryimage\"},\"image\":{\"@id\":\"https:\\\/\\\/www.redureau-conseil.com\\\/fr\\\/methodes-pedagogiques\\\/#primaryimage\"},\"thumbnailUrl\":\"https:\\\/\\\/www.redureau-conseil.com\\\/fr\\\/wp-content\\\/uploads\\\/2025\\\/09\\\/mouette-couleur-copie-noire-1-300x204.gif\",\"datePublished\":\"2013-10-30T23:15:12+00:00\",\"dateModified\":\"2025-09-10T12:07:06+00:00\",\"description\":\"Essentiellement ax\u00e9es sur \u00ab l\u2019humain \u00bb, nos interventions visent toujours \u00e0 consid\u00e9rer la personne dans son int\u00e9gralit\u00e9 et favoriser son \u00e9panouissement personnel et professionnel.\",\"breadcrumb\":{\"@id\":\"https:\\\/\\\/www.redureau-conseil.com\\\/fr\\\/methodes-pedagogiques\\\/#breadcrumb\"},\"inLanguage\":\"fr-FR\",\"potentialAction\":[{\"@type\":\"ReadAction\",\"target\":[\"https:\\\/\\\/www.redureau-conseil.com\\\/fr\\\/methodes-pedagogiques\\\/\"]}]},{\"@type\":\"ImageObject\",\"inLanguage\":\"fr-FR\",\"@id\":\"https:\\\/\\\/www.redureau-conseil.com\\\/fr\\\/methodes-pedagogiques\\\/#primaryimage\",\"url\":\"https:\\\/\\\/www.redureau-conseil.com\\\/fr\\\/wp-content\\\/uploads\\\/2025\\\/09\\\/mouette-couleur-copie-noire-1-scaled.gif\",\"contentUrl\":\"https:\\\/\\\/www.redureau-conseil.com\\\/fr\\\/wp-content\\\/uploads\\\/2025\\\/09\\\/mouette-couleur-copie-noire-1-scaled.gif\",\"width\":2560,\"height\":1743},{\"@type\":\"BreadcrumbList\",\"@id\":\"https:\\\/\\\/www.redureau-conseil.com\\\/fr\\\/methodes-pedagogiques\\\/#breadcrumb\",\"itemListElement\":[{\"@type\":\"ListItem\",\"position\":1,\"name\":\"Home\",\"item\":\"https:\\\/\\\/www.redureau-conseil.com\\\/fr\\\/\"},{\"@type\":\"ListItem\",\"position\":2,\"name\":\"M\u00e9thodes\"}]},{\"@type\":\"WebSite\",\"@id\":\"https:\\\/\\\/www.redureau-conseil.com\\\/fr\\\/#website\",\"url\":\"https:\\\/\\\/www.redureau-conseil.com\\\/fr\\\/\",\"name\":\"REDUREAU CONSEIL FORMATION\",\"description\":\"Une Formation \u00e0 dimension Humaine\",\"publisher\":{\"@id\":\"https:\\\/\\\/www.redureau-conseil.com\\\/fr\\\/#organization\"},\"potentialAction\":[{\"@type\":\"SearchAction\",\"target\":{\"@type\":\"EntryPoint\",\"urlTemplate\":\"https:\\\/\\\/www.redureau-conseil.com\\\/fr\\\/?s={search_term_string}\"},\"query-input\":{\"@type\":\"PropertyValueSpecification\",\"valueRequired\":true,\"valueName\":\"search_term_string\"}}],\"inLanguage\":\"fr-FR\"},{\"@type\":\"Organization\",\"@id\":\"https:\\\/\\\/www.redureau-conseil.com\\\/fr\\\/#organization\",\"name\":\"REDUREAU CONSEIL FORMATION\",\"url\":\"https:\\\/\\\/www.redureau-conseil.com\\\/fr\\\/\",\"logo\":{\"@type\":\"ImageObject\",\"inLanguage\":\"fr-FR\",\"@id\":\"https:\\\/\\\/www.redureau-conseil.com\\\/fr\\\/#\\\/schema\\\/logo\\\/image\\\/\",\"url\":\"https:\\\/\\\/www.redureau-conseil.com\\\/fr\\\/wp-content\\\/uploads\\\/2013\\\/10\\\/puce2.png\",\"contentUrl\":\"https:\\\/\\\/www.redureau-conseil.com\\\/fr\\\/wp-content\\\/uploads\\\/2013\\\/10\\\/puce2.png\",\"width\":50,\"height\":27,\"caption\":\"REDUREAU CONSEIL FORMATION\"},\"image\":{\"@id\":\"https:\\\/\\\/www.redureau-conseil.com\\\/fr\\\/#\\\/schema\\\/logo\\\/image\\\/\"}}]}<\/script>\n<!-- \/ Yoast SEO plugin. -->","yoast_head_json":{"title":"M\u00e9thodes - REDUREAU CONSEIL FORMATION","description":"Essentiellement ax\u00e9es sur \u00ab l\u2019humain \u00bb, nos interventions visent toujours \u00e0 consid\u00e9rer la personne dans son int\u00e9gralit\u00e9 et favoriser son \u00e9panouissement personnel et professionnel.","robots":{"index":"index","follow":"follow","max-snippet":"max-snippet:-1","max-image-preview":"max-image-preview:large","max-video-preview":"max-video-preview:-1"},"canonical":"https:\/\/www.redureau-conseil.com\/fr\/methodes-pedagogiques\/","og_locale":"fr_FR","og_type":"article","og_title":"M\u00e9thodes - REDUREAU CONSEIL FORMATION","og_description":"Essentiellement ax\u00e9es sur \u00ab l\u2019humain \u00bb, nos interventions visent toujours \u00e0 consid\u00e9rer la personne dans son int\u00e9gralit\u00e9 et favoriser son \u00e9panouissement personnel et professionnel.","og_url":"https:\/\/www.redureau-conseil.com\/fr\/methodes-pedagogiques\/","og_site_name":"REDUREAU CONSEIL FORMATION","article_modified_time":"2025-09-10T12:07:06+00:00","og_image":[{"width":2560,"height":1743,"url":"https:\/\/www.redureau-conseil.com\/fr\/wp-content\/uploads\/2025\/09\/mouette-couleur-copie-noire-1-scaled.gif","type":"image\/gif"}],"twitter_misc":{"Dur\u00e9e de lecture estim\u00e9e":"4 minutes"},"schema":{"@context":"https:\/\/schema.org","@graph":[{"@type":"WebPage","@id":"https:\/\/www.redureau-conseil.com\/fr\/methodes-pedagogiques\/","url":"https:\/\/www.redureau-conseil.com\/fr\/methodes-pedagogiques\/","name":"M\u00e9thodes - REDUREAU CONSEIL FORMATION","isPartOf":{"@id":"https:\/\/www.redureau-conseil.com\/fr\/#website"},"primaryImageOfPage":{"@id":"https:\/\/www.redureau-conseil.com\/fr\/methodes-pedagogiques\/#primaryimage"},"image":{"@id":"https:\/\/www.redureau-conseil.com\/fr\/methodes-pedagogiques\/#primaryimage"},"thumbnailUrl":"https:\/\/www.redureau-conseil.com\/fr\/wp-content\/uploads\/2025\/09\/mouette-couleur-copie-noire-1-300x204.gif","datePublished":"2013-10-30T23:15:12+00:00","dateModified":"2025-09-10T12:07:06+00:00","description":"Essentiellement ax\u00e9es sur \u00ab l\u2019humain \u00bb, nos interventions visent toujours \u00e0 consid\u00e9rer la personne dans son int\u00e9gralit\u00e9 et favoriser son \u00e9panouissement personnel et professionnel.","breadcrumb":{"@id":"https:\/\/www.redureau-conseil.com\/fr\/methodes-pedagogiques\/#breadcrumb"},"inLanguage":"fr-FR","potentialAction":[{"@type":"ReadAction","target":["https:\/\/www.redureau-conseil.com\/fr\/methodes-pedagogiques\/"]}]},{"@type":"ImageObject","inLanguage":"fr-FR","@id":"https:\/\/www.redureau-conseil.com\/fr\/methodes-pedagogiques\/#primaryimage","url":"https:\/\/www.redureau-conseil.com\/fr\/wp-content\/uploads\/2025\/09\/mouette-couleur-copie-noire-1-scaled.gif","contentUrl":"https:\/\/www.redureau-conseil.com\/fr\/wp-content\/uploads\/2025\/09\/mouette-couleur-copie-noire-1-scaled.gif","width":2560,"height":1743},{"@type":"BreadcrumbList","@id":"https:\/\/www.redureau-conseil.com\/fr\/methodes-pedagogiques\/#breadcrumb","itemListElement":[{"@type":"ListItem","position":1,"name":"Home","item":"https:\/\/www.redureau-conseil.com\/fr\/"},{"@type":"ListItem","position":2,"name":"M\u00e9thodes"}]},{"@type":"WebSite","@id":"https:\/\/www.redureau-conseil.com\/fr\/#website","url":"https:\/\/www.redureau-conseil.com\/fr\/","name":"REDUREAU CONSEIL FORMATION","description":"Une Formation \u00e0 dimension Humaine","publisher":{"@id":"https:\/\/www.redureau-conseil.com\/fr\/#organization"},"potentialAction":[{"@type":"SearchAction","target":{"@type":"EntryPoint","urlTemplate":"https:\/\/www.redureau-conseil.com\/fr\/?s={search_term_string}"},"query-input":{"@type":"PropertyValueSpecification","valueRequired":true,"valueName":"search_term_string"}}],"inLanguage":"fr-FR"},{"@type":"Organization","@id":"https:\/\/www.redureau-conseil.com\/fr\/#organization","name":"REDUREAU CONSEIL FORMATION","url":"https:\/\/www.redureau-conseil.com\/fr\/","logo":{"@type":"ImageObject","inLanguage":"fr-FR","@id":"https:\/\/www.redureau-conseil.com\/fr\/#\/schema\/logo\/image\/","url":"https:\/\/www.redureau-conseil.com\/fr\/wp-content\/uploads\/2013\/10\/puce2.png","contentUrl":"https:\/\/www.redureau-conseil.com\/fr\/wp-content\/uploads\/2013\/10\/puce2.png","width":50,"height":27,"caption":"REDUREAU CONSEIL FORMATION"},"image":{"@id":"https:\/\/www.redureau-conseil.com\/fr\/#\/schema\/logo\/image\/"}}]}},"_links":{"self":[{"href":"https:\/\/www.redureau-conseil.com\/fr\/wp-json\/wp\/v2\/pages\/418","targetHints":{"allow":["GET"]}}],"collection":[{"href":"https:\/\/www.redureau-conseil.com\/fr\/wp-json\/wp\/v2\/pages"}],"about":[{"href":"https:\/\/www.redureau-conseil.com\/fr\/wp-json\/wp\/v2\/types\/page"}],"author":[{"embeddable":true,"href":"https:\/\/www.redureau-conseil.com\/fr\/wp-json\/wp\/v2\/users\/1"}],"replies":[{"embeddable":true,"href":"https:\/\/www.redureau-conseil.com\/fr\/wp-json\/wp\/v2\/comments?post=418"}],"version-history":[{"count":30,"href":"https:\/\/www.redureau-conseil.com\/fr\/wp-json\/wp\/v2\/pages\/418\/revisions"}],"predecessor-version":[{"id":2254,"href":"https:\/\/www.redureau-conseil.com\/fr\/wp-json\/wp\/v2\/pages\/418\/revisions\/2254"}],"wp:attachment":[{"href":"https:\/\/www.redureau-conseil.com\/fr\/wp-json\/wp\/v2\/media?parent=418"}],"curies":[{"name":"wp","href":"https:\/\/api.w.org\/{rel}","templated":true}]}}