{"id":410,"date":"2013-10-30T23:28:58","date_gmt":"2013-10-30T22:28:58","guid":{"rendered":"http:\/\/www.redureau-conseil.com\/fr\/?page_id=410"},"modified":"2025-09-09T18:34:22","modified_gmt":"2025-09-09T16:34:22","slug":"nos-formations","status":"publish","type":"page","link":"https:\/\/www.redureau-conseil.com\/fr\/nos-formations\/","title":{"rendered":"Nos formations et tarifs"},"content":{"rendered":"\n<div class=\"wp-block-buttons is-layout-flex wp-block-buttons-is-layout-flex\">\n<div class=\"wp-block-button\"><a class=\"wp-block-button__link wp-element-button\" href=\"https:\/\/www.redureau-conseil.com\/fr\/\"><strong>ACCUEIL<\/strong><\/a><\/div>\n<\/div>\n\n\n\n<h5><strong>Tous les programmes de formations ont \u00e9t\u00e9 mis \u00e0 jour le 13\/02\/2023<\/strong><\/h5>\n<h5><strong>Toutes nos formations font l&rsquo;objet d&rsquo;un audit pr\u00e9alable afin d&rsquo;\u00e9valuer les besoins et niveaux des futurs stagiaires.<\/strong><\/h5>\n<h5><strong>Le prix de nos formations sont de 250 \u00e0 400\u20ac par stagiaire et par jour,\u00a0 suivant le niveau des stagiaires et le degr\u00e9 d&rsquo;expertise de la formation envisag\u00e9e.<\/strong><\/h5>\n<h5><strong>Ces frais peuvent \u00eatre pris en charge en tout ou partie par votre organisme de financement.\u00a0<\/strong><\/h5>\n<p>\u00a0<\/p>\n<h3 style=\"text-align: center;\"><span style=\"background-color: #ffff00;\"><b>GARANTIE FORMATION<\/b><\/span><\/h3>\n<h5>\u00a0<\/h5>\n<h5 style=\"text-align: left;\"><br \/><b>Dans le cadre de sa politique d&rsquo;am\u00e9lioration de la qualit\u00e9 et de pr\u00e9vention des al\u00e9as de parcours nous proposons la garantie formation:\u00a0<\/b><br \/><b>1\u00a0 \u00a0Vous n&rsquo;\u00eates\u00a0pas satisfait de votre formateur<\/b><br \/><b>2\u00a0 \u00a0Vous nous informez dans les 48 heures apr\u00e8s le d\u00e9but de votre formation.<\/b><br \/><b>3\u00a0 \u00a0Nous missionnons un nouveau formateur qui reprendra\u00a0la formation depuis le d\u00e9but.<\/b><br \/><b>4\u00a0 \u00a0Nous red\u00e9finirons, si besoin est, tant sur le fond que sur la forme, les objectifs et date de la\u00a0 \u00a0 \u00a0 .\u00a0 .\u00a0 \u00a0formation<\/b><\/h5>\n<p>\u00a0<\/p>\n<p>\u00a0<\/p>\n<p>\u00a0<\/p>\n<h5><span style=\"color: #000080;\"><strong><a style=\"color: #000080;\" href=\"https:\/\/www.redureau-conseil.com\/fr\/contacts\/\">Pour les groupes de 3 stagiaires et plus de la m\u00eame entreprise merci de nous contacter en cliquant ici\u00a0<\/a><\/strong><\/span><\/h5>\n<p>\u00a0<\/p>\n\n\n","protected":false},"excerpt":{"rendered":"<p>Tous les programmes de formations ont \u00e9t\u00e9 mis \u00e0 jour le 13\/02\/2023 Toutes nos formations font l&rsquo;objet d&rsquo;un audit pr\u00e9alable afin d&rsquo;\u00e9valuer les besoins et niveaux des futurs stagiaires. Le prix de nos formations sont de 250 \u00e0 400\u20ac par stagiaire et par jour,\u00a0 suivant le niveau des stagiaires et le degr\u00e9 d&rsquo;expertise de la&#8230;<\/p>\n","protected":false},"author":1,"featured_media":0,"parent":0,"menu_order":0,"comment_status":"closed","ping_status":"open","template":"","meta":{"footnotes":""},"class_list":["post-410","page","type-page","status-publish","hentry"],"yoast_head":"<!-- This site is optimized with the Yoast SEO plugin v27.6 - https:\/\/yoast.com\/product\/yoast-seo-wordpress\/ -->\n<title>Nos formations et tarifs - REDUREAU CONSEIL FORMATION<\/title>\n<meta name=\"robots\" content=\"index, follow, max-snippet:-1, max-image-preview:large, max-video-preview:-1\" \/>\n<link rel=\"canonical\" href=\"https:\/\/www.redureau-conseil.com\/fr\/nos-formations\/\" \/>\n<meta property=\"og:locale\" content=\"fr_FR\" \/>\n<meta property=\"og:type\" content=\"article\" \/>\n<meta property=\"og:title\" content=\"Nos formations et tarifs - REDUREAU CONSEIL FORMATION\" \/>\n<meta property=\"og:description\" content=\"Tous les programmes de formations ont \u00e9t\u00e9 mis \u00e0 jour le 13\/02\/2023 Toutes nos formations font l&rsquo;objet d&rsquo;un audit pr\u00e9alable afin d&rsquo;\u00e9valuer les besoins et niveaux des futurs stagiaires. Le prix de nos formations sont de 250 \u00e0 400\u20ac par stagiaire et par jour,\u00a0 suivant le niveau des stagiaires et le degr\u00e9 d&rsquo;expertise de la...\" \/>\n<meta property=\"og:url\" content=\"https:\/\/www.redureau-conseil.com\/fr\/nos-formations\/\" \/>\n<meta property=\"og:site_name\" content=\"REDUREAU CONSEIL FORMATION\" \/>\n<meta property=\"article:modified_time\" content=\"2025-09-09T16:34:22+00:00\" \/>\n<meta name=\"twitter:label1\" content=\"Dur\u00e9e de lecture estim\u00e9e\" \/>\n\t<meta name=\"twitter:data1\" content=\"1 minute\" \/>\n<script type=\"application\/ld+json\" class=\"yoast-schema-graph\">{\"@context\":\"https:\\\/\\\/schema.org\",\"@graph\":[{\"@type\":\"WebPage\",\"@id\":\"https:\\\/\\\/www.redureau-conseil.com\\\/fr\\\/nos-formations\\\/\",\"url\":\"https:\\\/\\\/www.redureau-conseil.com\\\/fr\\\/nos-formations\\\/\",\"name\":\"Nos formations et tarifs - REDUREAU CONSEIL FORMATION\",\"isPartOf\":{\"@id\":\"https:\\\/\\\/www.redureau-conseil.com\\\/fr\\\/#website\"},\"datePublished\":\"2013-10-30T22:28:58+00:00\",\"dateModified\":\"2025-09-09T16:34:22+00:00\",\"breadcrumb\":{\"@id\":\"https:\\\/\\\/www.redureau-conseil.com\\\/fr\\\/nos-formations\\\/#breadcrumb\"},\"inLanguage\":\"fr-FR\",\"potentialAction\":[{\"@type\":\"ReadAction\",\"target\":[\"https:\\\/\\\/www.redureau-conseil.com\\\/fr\\\/nos-formations\\\/\"]}]},{\"@type\":\"BreadcrumbList\",\"@id\":\"https:\\\/\\\/www.redureau-conseil.com\\\/fr\\\/nos-formations\\\/#breadcrumb\",\"itemListElement\":[{\"@type\":\"ListItem\",\"position\":1,\"name\":\"Home\",\"item\":\"https:\\\/\\\/www.redureau-conseil.com\\\/fr\\\/\"},{\"@type\":\"ListItem\",\"position\":2,\"name\":\"Nos formations et tarifs\"}]},{\"@type\":\"WebSite\",\"@id\":\"https:\\\/\\\/www.redureau-conseil.com\\\/fr\\\/#website\",\"url\":\"https:\\\/\\\/www.redureau-conseil.com\\\/fr\\\/\",\"name\":\"REDUREAU CONSEIL FORMATION\",\"description\":\"Une Formation \u00e0 dimension Humaine\",\"publisher\":{\"@id\":\"https:\\\/\\\/www.redureau-conseil.com\\\/fr\\\/#organization\"},\"potentialAction\":[{\"@type\":\"SearchAction\",\"target\":{\"@type\":\"EntryPoint\",\"urlTemplate\":\"https:\\\/\\\/www.redureau-conseil.com\\\/fr\\\/?s={search_term_string}\"},\"query-input\":{\"@type\":\"PropertyValueSpecification\",\"valueRequired\":true,\"valueName\":\"search_term_string\"}}],\"inLanguage\":\"fr-FR\"},{\"@type\":\"Organization\",\"@id\":\"https:\\\/\\\/www.redureau-conseil.com\\\/fr\\\/#organization\",\"name\":\"REDUREAU CONSEIL FORMATION\",\"url\":\"https:\\\/\\\/www.redureau-conseil.com\\\/fr\\\/\",\"logo\":{\"@type\":\"ImageObject\",\"inLanguage\":\"fr-FR\",\"@id\":\"https:\\\/\\\/www.redureau-conseil.com\\\/fr\\\/#\\\/schema\\\/logo\\\/image\\\/\",\"url\":\"https:\\\/\\\/www.redureau-conseil.com\\\/fr\\\/wp-content\\\/uploads\\\/2013\\\/10\\\/puce2.png\",\"contentUrl\":\"https:\\\/\\\/www.redureau-conseil.com\\\/fr\\\/wp-content\\\/uploads\\\/2013\\\/10\\\/puce2.png\",\"width\":50,\"height\":27,\"caption\":\"REDUREAU CONSEIL FORMATION\"},\"image\":{\"@id\":\"https:\\\/\\\/www.redureau-conseil.com\\\/fr\\\/#\\\/schema\\\/logo\\\/image\\\/\"}}]}<\/script>\n<!-- \/ Yoast SEO plugin. -->","yoast_head_json":{"title":"Nos formations et tarifs - REDUREAU CONSEIL FORMATION","robots":{"index":"index","follow":"follow","max-snippet":"max-snippet:-1","max-image-preview":"max-image-preview:large","max-video-preview":"max-video-preview:-1"},"canonical":"https:\/\/www.redureau-conseil.com\/fr\/nos-formations\/","og_locale":"fr_FR","og_type":"article","og_title":"Nos formations et tarifs - REDUREAU CONSEIL FORMATION","og_description":"Tous les programmes de formations ont \u00e9t\u00e9 mis \u00e0 jour le 13\/02\/2023 Toutes nos formations font l&rsquo;objet d&rsquo;un audit pr\u00e9alable afin d&rsquo;\u00e9valuer les besoins et niveaux des futurs stagiaires. Le prix de nos formations sont de 250 \u00e0 400\u20ac par stagiaire et par jour,\u00a0 suivant le niveau des stagiaires et le degr\u00e9 d&rsquo;expertise de la...","og_url":"https:\/\/www.redureau-conseil.com\/fr\/nos-formations\/","og_site_name":"REDUREAU CONSEIL FORMATION","article_modified_time":"2025-09-09T16:34:22+00:00","twitter_misc":{"Dur\u00e9e de lecture estim\u00e9e":"1 minute"},"schema":{"@context":"https:\/\/schema.org","@graph":[{"@type":"WebPage","@id":"https:\/\/www.redureau-conseil.com\/fr\/nos-formations\/","url":"https:\/\/www.redureau-conseil.com\/fr\/nos-formations\/","name":"Nos formations et tarifs - REDUREAU CONSEIL FORMATION","isPartOf":{"@id":"https:\/\/www.redureau-conseil.com\/fr\/#website"},"datePublished":"2013-10-30T22:28:58+00:00","dateModified":"2025-09-09T16:34:22+00:00","breadcrumb":{"@id":"https:\/\/www.redureau-conseil.com\/fr\/nos-formations\/#breadcrumb"},"inLanguage":"fr-FR","potentialAction":[{"@type":"ReadAction","target":["https:\/\/www.redureau-conseil.com\/fr\/nos-formations\/"]}]},{"@type":"BreadcrumbList","@id":"https:\/\/www.redureau-conseil.com\/fr\/nos-formations\/#breadcrumb","itemListElement":[{"@type":"ListItem","position":1,"name":"Home","item":"https:\/\/www.redureau-conseil.com\/fr\/"},{"@type":"ListItem","position":2,"name":"Nos formations et tarifs"}]},{"@type":"WebSite","@id":"https:\/\/www.redureau-conseil.com\/fr\/#website","url":"https:\/\/www.redureau-conseil.com\/fr\/","name":"REDUREAU CONSEIL FORMATION","description":"Une Formation \u00e0 dimension Humaine","publisher":{"@id":"https:\/\/www.redureau-conseil.com\/fr\/#organization"},"potentialAction":[{"@type":"SearchAction","target":{"@type":"EntryPoint","urlTemplate":"https:\/\/www.redureau-conseil.com\/fr\/?s={search_term_string}"},"query-input":{"@type":"PropertyValueSpecification","valueRequired":true,"valueName":"search_term_string"}}],"inLanguage":"fr-FR"},{"@type":"Organization","@id":"https:\/\/www.redureau-conseil.com\/fr\/#organization","name":"REDUREAU CONSEIL FORMATION","url":"https:\/\/www.redureau-conseil.com\/fr\/","logo":{"@type":"ImageObject","inLanguage":"fr-FR","@id":"https:\/\/www.redureau-conseil.com\/fr\/#\/schema\/logo\/image\/","url":"https:\/\/www.redureau-conseil.com\/fr\/wp-content\/uploads\/2013\/10\/puce2.png","contentUrl":"https:\/\/www.redureau-conseil.com\/fr\/wp-content\/uploads\/2013\/10\/puce2.png","width":50,"height":27,"caption":"REDUREAU CONSEIL FORMATION"},"image":{"@id":"https:\/\/www.redureau-conseil.com\/fr\/#\/schema\/logo\/image\/"}}]}},"_links":{"self":[{"href":"https:\/\/www.redureau-conseil.com\/fr\/wp-json\/wp\/v2\/pages\/410","targetHints":{"allow":["GET"]}}],"collection":[{"href":"https:\/\/www.redureau-conseil.com\/fr\/wp-json\/wp\/v2\/pages"}],"about":[{"href":"https:\/\/www.redureau-conseil.com\/fr\/wp-json\/wp\/v2\/types\/page"}],"author":[{"embeddable":true,"href":"https:\/\/www.redureau-conseil.com\/fr\/wp-json\/wp\/v2\/users\/1"}],"replies":[{"embeddable":true,"href":"https:\/\/www.redureau-conseil.com\/fr\/wp-json\/wp\/v2\/comments?post=410"}],"version-history":[{"count":17,"href":"https:\/\/www.redureau-conseil.com\/fr\/wp-json\/wp\/v2\/pages\/410\/revisions"}],"predecessor-version":[{"id":2133,"href":"https:\/\/www.redureau-conseil.com\/fr\/wp-json\/wp\/v2\/pages\/410\/revisions\/2133"}],"wp:attachment":[{"href":"https:\/\/www.redureau-conseil.com\/fr\/wp-json\/wp\/v2\/media?parent=410"}],"curies":[{"name":"wp","href":"https:\/\/api.w.org\/{rel}","templated":true}]}}