{"id":219,"date":"2013-10-28T17:45:27","date_gmt":"2013-10-28T16:45:27","guid":{"rendered":"http:\/\/www.redureau-conseil.com\/wordpress\/?page_id=219"},"modified":"2025-09-12T17:05:14","modified_gmt":"2025-09-12T15:05:14","slug":"vente-commercial-achat","status":"publish","type":"page","link":"https:\/\/www.redureau-conseil.com\/fr\/nos-formations\/vente-commercial-achat\/","title":{"rendered":"Vente Commercial Achat"},"content":{"rendered":"<table style=\"width: 1026.49px; height: 450px;\" border=\"0\" cellspacing=\"5\" cellpadding=\"5\">\n<tbody>\n<tr style=\"height: 486.945px;\">\n<td style=\"width: 493px; height: 486.945px;\" valign=\"top\">\n<table style=\"background-color: #b1b8c3; width: 403px; height: 552px;\" border=\"0\" cellspacing=\"0\" cellpadding=\"5\">\n<tbody>\n<tr>\n<td style=\"width: 11.7578px; background-color: #e73d21;\" align=\"left\" valign=\"top\">\u00a0<\/td>\n<td style=\"width: 366.758px;\" valign=\"top\"><strong><span style=\"font-size: medium; color: #000000;\"><img loading=\"lazy\" decoding=\"async\" class=\"alignnone size-full wp-image-183\" src=\"https:\/\/www.redureau-conseil.com\/fr\/wp-content\/uploads\/2013\/10\/puce2.png\" alt=\"puce2\" width=\"50\" height=\"27\" \/>Vente Commercial Achat<\/span><br \/><\/strong>\n<ul>\n<li><span style=\"color: #0000ff;\"><a style=\"color: #0000ff;\" href=\"https:\/\/www.redureau-conseil.com\/fr\/wp-content\/uploads\/2017\/04\/ACCUEIL-CLIENT.pdf\" target=\"_blank\" rel=\"noopener\">Accueil Client<\/a><\/span><\/li>\n<li><span style=\"color: #0000ff;\"><a style=\"color: #0000ff;\" href=\"https:\/\/www.redureau-conseil.com\/fr\/wp-content\/uploads\/2017\/04\/ACCUEIL-PHYSIQUE-ET-TELEPHONIQUE.pdf\" target=\"_blank\" rel=\"noopener\">Accueil Physique et T\u00e9l\u00e9phonique<\/a><\/span><\/li>\n<li><a href=\"https:\/\/www.redureau-conseil.com\/fr\/wp-content\/uploads\/2017\/10\/ACCUEIL-DES-PERSONNES-\u00c0-MOBILIT\u00c9-R\u00c9DUITE.pdf\" target=\"_blank\" rel=\"noopener\"><span style=\"color: #0000ff;\">Accueil des personnes \u00e0 mobilit\u00e9 r\u00e9duite\u00a0<\/span><\/a><\/li>\n<li><span style=\"color: #0000ff;\"><a style=\"color: #0000ff;\" href=\"https:\/\/www.redureau-conseil.com\/fr\/wp-content\/uploads\/2017\/04\/COMMUNIQUER-AVEC-SES-CLIENTS.pdf\" target=\"_blank\" rel=\"noopener\">Communiquer avec ses Clients<\/a><\/span><\/li>\n<li><span style=\"color: #0000ff;\"><a style=\"color: #0000ff;\" href=\"https:\/\/www.redureau-conseil.com\/fr\/wp-content\/uploads\/2017\/04\/FAIRE-CONNAITRE-SON-ENTREPRISE.pdf\" target=\"_blank\" rel=\"noopener\">Faire Connaitre son Entreprise<\/a><\/span><\/li>\n<li><span style=\"color: #0000ff;\"><a style=\"color: #0000ff;\" href=\"https:\/\/www.redureau-conseil.com\/fr\/wp-content\/uploads\/2017\/04\/GESTION-DES-CLIENTS-DIFFICILES.pdf\" target=\"_blank\" rel=\"noopener\">Gestion des Clients difficiles<\/a><\/span><\/li>\n<li><span style=\"color: #0000ff;\"><a style=\"color: #0000ff;\" href=\"https:\/\/www.redureau-conseil.com\/fr\/wp-content\/uploads\/2017\/04\/LA-PRISE-DE-PAROLE-EN-PUBLIC.pdf\" target=\"_blank\" rel=\"noopener\">La Prise de Parole en Public<\/a><\/span><\/li>\n<li><span style=\"color: #0000ff;\"><a style=\"color: #0000ff;\" href=\"https:\/\/www.redureau-conseil.com\/fr\/wp-content\/uploads\/2017\/04\/CONSTRUIRE-ET-TESTER-SON-ARGUMENTAIRE-COMMERCIAL.pdf\" target=\"_blank\" rel=\"noopener\">Construire et Tester son Argumentaire Commercial<\/a><\/span><\/li>\n<li><span style=\"color: #0000ff;\"><a style=\"color: #0000ff;\" href=\"https:\/\/www.redureau-conseil.com\/fr\/wp-content\/uploads\/2017\/04\/LA-PROSPECTION-EFFICACE-EN-PERIODE-DE-CRISE.pdf\" target=\"_blank\" rel=\"noopener\">La Prospection efficace en p\u00e9riode de Crise<\/a><\/span><\/li>\n<li><span style=\"color: #0000ff;\"><a style=\"color: #0000ff;\" href=\"https:\/\/www.redureau-conseil.com\/fr\/wp-content\/uploads\/2017\/04\/TECHNIQUES-DE-VENTE-TELEPHONE-ET-DIRECT.pdf\" target=\"_blank\" rel=\"noopener\">Technique de vente au t\u00e9l\u00e9phone et direct<\/a><\/span><\/li>\n<li><span style=\"color: #0000ff;\"><a style=\"color: #0000ff;\" href=\"https:\/\/www.redureau-conseil.com\/fr\/wp-content\/uploads\/2017\/04\/MARKETING-DIRECT-1.pdf\" target=\"_blank\" rel=\"noopener\">Marketing Direct<\/a><\/span><\/li>\n<li><span style=\"color: #0000ff;\"><a style=\"color: #0000ff;\" href=\"https:\/\/www.redureau-conseil.com\/fr\/wp-content\/uploads\/2017\/04\/MARKETING-TELEPHONIQUE-1.pdf\" target=\"_blank\" rel=\"noopener\">Marketing T\u00e9l\u00e9phonique<\/a><\/span><\/li>\n<li><span style=\"color: #0000ff;\"><a style=\"color: #0000ff;\" href=\"https:\/\/www.redureau-conseil.com\/fr\/wp-content\/uploads\/2017\/04\/CONSEIL-EN-IMAGE.pdf\" target=\"_blank\" rel=\"noopener\">Conseil en Image<\/a><\/span><\/li>\n<li><span style=\"color: #0000ff;\"><a style=\"color: #0000ff;\" href=\"https:\/\/www.redureau-conseil.com\/fr\/wp-content\/uploads\/2017\/04\/MERCHANDISING-INITIATION-1.pdf\" target=\"_blank\" rel=\"noopener\">Merchandising D\u00e9coration Vitrine<\/a><\/span><\/li>\n<li><span style=\"color: #0000ff;\"><a style=\"color: #0000ff;\" href=\"https:\/\/www.redureau-conseil.com\/fr\/wp-content\/uploads\/2017\/04\/MIEUX-SE-CONNAITRE-POUR-MIEUX-COMMUNIQUER-1.pdf\" target=\"_blank\" rel=\"noopener\">Mieux se Connaitre pour mieux Communiquer<\/a><\/span><\/li>\n<\/ul>\n<\/td>\n<\/tr>\n<\/tbody>\n<\/table>\n<\/td>\n<td style=\"width: 492.488px; height: 486.945px;\" valign=\"top\">\n<table style=\"background-color: #b1b8c3; width: 393px; height: 425px;\" border=\"0\" cellspacing=\"0\" cellpadding=\"5\">\n<tbody>\n<tr>\n<td style=\"width: 10.5078px; background-color: #e73d21;\" align=\"left\" valign=\"top\">\u00a0<\/td>\n<td style=\"width: 358.008px;\" valign=\"top\">\n<ul>\n<li><span style=\"color: #0000ff;\"><a style=\"color: #0000ff;\" href=\"https:\/\/www.redureau-conseil.com\/fr\/wp-content\/uploads\/2017\/04\/NEGOCIATION-DACHATS.pdf\" target=\"_blank\" rel=\"noopener\">N\u00e9gociation Achats<\/a><\/span><\/li>\n<li><span style=\"color: #0000ff;\"><a style=\"color: #0000ff;\" href=\"https:\/\/www.redureau-conseil.com\/fr\/wp-content\/uploads\/2017\/04\/NEGOCIATION-COMMERCIALE.pdf\" target=\"_blank\" rel=\"noopener\">N\u00e9gociation Commerciale\u00a0<\/a><\/span><\/li>\n<li><span style=\"color: #0000ff;\"><a style=\"color: #0000ff;\" href=\"https:\/\/www.redureau-conseil.com\/fr\/wp-content\/uploads\/2017\/04\/REPONDRE-A-APPEL-OFFRES.pdf\" target=\"_blank\" rel=\"noopener\">R\u00e9pondre \u00e0 un Appel d&rsquo;Offres<\/a><\/span><\/li>\n<li><span style=\"color: #0000ff;\"><a style=\"color: #0000ff;\" href=\"https:\/\/www.redureau-conseil.com\/fr\/wp-content\/uploads\/2017\/04\/PASSER-DU-DEVIS-A-LA-COMMANDE.pdf\" target=\"_blank\" rel=\"noopener\">Passer du Devis \u00e0 la Commande<\/a><\/span><\/li>\n<li><span style=\"color: #0000ff;\"><a style=\"color: #0000ff;\" href=\"https:\/\/www.redureau-conseil.com\/fr\/wp-content\/uploads\/2017\/04\/TECHNIQUE-DE-VENTE.pdf\" target=\"_blank\" rel=\"noopener\">Technique de Vente<\/a><\/span><\/li>\n<li><span style=\"color: #0000ff;\"><a style=\"color: #0000ff;\" href=\"https:\/\/www.redureau-conseil.com\/fr\/wp-content\/uploads\/2017\/04\/TECHNIQUES-DE-VENTE-SUR-SECTEUR.pdf\" target=\"_blank\" rel=\"noopener\">Techniques de Vente sur secteur<\/a><\/span><\/li>\n<li><span style=\"color: #0000ff;\"><a style=\"color: #0000ff;\" href=\"https:\/\/www.redureau-conseil.com\/fr\/wp-content\/uploads\/2017\/04\/VALORISER-SON-IMAGE-PERSONNELLE-POUR-MIEUX-COMMUNIQUER.pdf\" target=\"_blank\" rel=\"noopener\">Valoriser son Image<\/a><\/span><\/li>\n<li><span style=\"color: #0000ff;\"><a style=\"color: #0000ff;\" href=\"https:\/\/www.redureau-conseil.com\/fr\/wp-content\/uploads\/2017\/04\/VENDRE-EN-PERIODE-DIFFICILE.pdf\" target=\"_blank\" rel=\"noopener\">Vendre en p\u00e9riode difficile<\/a><\/span><\/li>\n<li><span style=\"color: #0000ff;\"><a style=\"color: #0000ff;\" href=\"https:\/\/www.redureau-conseil.com\/fr\/wp-content\/uploads\/2017\/04\/VENDRE-SA-PRODUCTION-ARTISANALE-CELA-S\u2019APPREND.pdf\" target=\"_blank\" rel=\"noopener\">Vendre sa production artisanale<\/a><\/span><\/li>\n<li><span style=\"color: #0000ff;\"><a style=\"color: #0000ff;\" href=\"https:\/\/www.redureau-conseil.com\/fr\/wp-content\/uploads\/2017\/04\/VENDRE-AU-TELEPHONE.pdf\" target=\"_blank\" rel=\"noopener\">Vendre au T\u00e9l\u00e9phone<\/a><\/span><\/li>\n<li><span style=\"color: #0000ff;\"><a style=\"color: #0000ff;\" href=\"https:\/\/www.redureau-conseil.com\/fr\/wp-content\/uploads\/2017\/04\/VENTE-ADDITIONNELLE.pdf\" target=\"_blank\" rel=\"noopener\">Vente additionnelle\u00a0<\/a><\/span><\/li>\n<li><span style=\"color: #0000ff;\"><a style=\"color: #0000ff;\" href=\"https:\/\/www.redureau-conseil.com\/fr\/wp-content\/uploads\/2017\/04\/VENTE-EN-MAGASIN.pdf\" target=\"_blank\" rel=\"noopener\">Vente en magasin<\/a><\/span><\/li>\n<li><span style=\"color: #0000ff;\"><a style=\"color: #0000ff;\" href=\"https:\/\/www.redureau-conseil.com\/fr\/wp-content\/uploads\/2017\/04\/TECHNIQUES-DE-VENTE-EN-FACE-A-FACE.pdf\" target=\"_blank\" rel=\"noopener\">Vente en Face \u00e0 Face<\/a><\/span><\/li>\n<li><span style=\"color: #0000ff;\"><a style=\"color: #0000ff;\" href=\"https:\/\/www.redureau-conseil.com\/fr\/wp-content\/uploads\/2017\/04\/TECHNIQUES-DE-NEGOCIATION.pdf\" target=\"_blank\" rel=\"noopener\">Techniques de n\u00e9gociation<\/a><\/span><\/li>\n<li><span style=\"color: #0000ff;\"><a style=\"color: #0000ff;\" href=\"https:\/\/www.redureau-conseil.com\/fr\/wp-content\/uploads\/2017\/04\/BIEN-FINALISER-SA-VENTE-ET-AUGMENTER-LE-PANIER-MOYEN.pdf\" target=\"_blank\" rel=\"noopener\">Bien Finaliser sa Vente et Augmenter le Panier Moyen\u00a0<\/a><\/span><\/li>\n<\/ul>\n<\/td>\n<\/tr>\n<\/tbody>\n<\/table>\n<h4 style=\"text-align: right;\"><span style=\"color: #000080;\"><a style=\"color: #000080;\" href=\"https:\/\/www.redureau-conseil.com\/fr\/nos-formations-3\/\">RETOUR<\/a><\/span><\/h4>\n<\/td>\n<\/tr>\n<\/tbody>\n<\/table>\n\n\n<h4><a href=\"https:\/\/www.redureau-conseil.com\/fr\/\"><span style=\"color: #000080;\">ACCUEIL<\/span><\/a><\/h4>\n\n\n","protected":false},"excerpt":{"rendered":"<p>\u00a0 Vente Commercial Achat Accueil Client Accueil Physique et T\u00e9l\u00e9phonique Accueil des personnes \u00e0 mobilit\u00e9 r\u00e9duite\u00a0 Communiquer avec ses Clients Faire Connaitre son Entreprise Gestion des Clients difficiles La Prise de Parole en Public Construire et Tester son Argumentaire Commercial La Prospection efficace en p\u00e9riode de Crise Technique de vente au t\u00e9l\u00e9phone et direct Marketing&#8230;<\/p>\n","protected":false},"author":1,"featured_media":0,"parent":410,"menu_order":0,"comment_status":"closed","ping_status":"open","template":"","meta":{"footnotes":""},"class_list":["post-219","page","type-page","status-publish","hentry"],"yoast_head":"<!-- This site is optimized with the Yoast SEO plugin v27.4 - https:\/\/yoast.com\/product\/yoast-seo-wordpress\/ -->\n<title>Vente Commercial Achat - REDUREAU CONSEIL FORMATION<\/title>\n<meta name=\"robots\" content=\"index, follow, max-snippet:-1, max-image-preview:large, max-video-preview:-1\" \/>\n<link rel=\"canonical\" href=\"https:\/\/www.redureau-conseil.com\/fr\/nos-formations\/vente-commercial-achat\/\" \/>\n<meta property=\"og:locale\" content=\"fr_FR\" \/>\n<meta property=\"og:type\" content=\"article\" \/>\n<meta property=\"og:title\" content=\"Vente Commercial Achat - REDUREAU CONSEIL FORMATION\" \/>\n<meta property=\"og:description\" content=\"\u00a0 Vente Commercial Achat Accueil Client Accueil Physique et T\u00e9l\u00e9phonique Accueil des personnes \u00e0 mobilit\u00e9 r\u00e9duite\u00a0 Communiquer avec ses Clients Faire Connaitre son Entreprise Gestion des Clients difficiles La Prise de Parole en Public Construire et Tester son Argumentaire Commercial La Prospection efficace en p\u00e9riode de Crise Technique de vente au t\u00e9l\u00e9phone et direct Marketing...\" \/>\n<meta property=\"og:url\" content=\"https:\/\/www.redureau-conseil.com\/fr\/nos-formations\/vente-commercial-achat\/\" \/>\n<meta property=\"og:site_name\" content=\"REDUREAU CONSEIL FORMATION\" \/>\n<meta property=\"article:modified_time\" content=\"2025-09-12T15:05:14+00:00\" \/>\n<meta property=\"og:image\" content=\"http:\/\/www.redureau-conseil.com\/fr\/wp-content\/uploads\/2013\/10\/puce2.png\" \/>\n<meta name=\"twitter:label1\" content=\"Dur\u00e9e de lecture estim\u00e9e\" \/>\n\t<meta name=\"twitter:data1\" content=\"1 minute\" \/>\n<script type=\"application\/ld+json\" class=\"yoast-schema-graph\">{\"@context\":\"https:\\\/\\\/schema.org\",\"@graph\":[{\"@type\":\"WebPage\",\"@id\":\"https:\\\/\\\/www.redureau-conseil.com\\\/fr\\\/nos-formations\\\/vente-commercial-achat\\\/\",\"url\":\"https:\\\/\\\/www.redureau-conseil.com\\\/fr\\\/nos-formations\\\/vente-commercial-achat\\\/\",\"name\":\"Vente Commercial Achat - REDUREAU CONSEIL FORMATION\",\"isPartOf\":{\"@id\":\"https:\\\/\\\/www.redureau-conseil.com\\\/fr\\\/#website\"},\"primaryImageOfPage\":{\"@id\":\"https:\\\/\\\/www.redureau-conseil.com\\\/fr\\\/nos-formations\\\/vente-commercial-achat\\\/#primaryimage\"},\"image\":{\"@id\":\"https:\\\/\\\/www.redureau-conseil.com\\\/fr\\\/nos-formations\\\/vente-commercial-achat\\\/#primaryimage\"},\"thumbnailUrl\":\"http:\\\/\\\/www.redureau-conseil.com\\\/fr\\\/wp-content\\\/uploads\\\/2013\\\/10\\\/puce2.png\",\"datePublished\":\"2013-10-28T16:45:27+00:00\",\"dateModified\":\"2025-09-12T15:05:14+00:00\",\"breadcrumb\":{\"@id\":\"https:\\\/\\\/www.redureau-conseil.com\\\/fr\\\/nos-formations\\\/vente-commercial-achat\\\/#breadcrumb\"},\"inLanguage\":\"fr-FR\",\"potentialAction\":[{\"@type\":\"ReadAction\",\"target\":[\"https:\\\/\\\/www.redureau-conseil.com\\\/fr\\\/nos-formations\\\/vente-commercial-achat\\\/\"]}]},{\"@type\":\"ImageObject\",\"inLanguage\":\"fr-FR\",\"@id\":\"https:\\\/\\\/www.redureau-conseil.com\\\/fr\\\/nos-formations\\\/vente-commercial-achat\\\/#primaryimage\",\"url\":\"http:\\\/\\\/www.redureau-conseil.com\\\/fr\\\/wp-content\\\/uploads\\\/2013\\\/10\\\/puce2.png\",\"contentUrl\":\"http:\\\/\\\/www.redureau-conseil.com\\\/fr\\\/wp-content\\\/uploads\\\/2013\\\/10\\\/puce2.png\"},{\"@type\":\"BreadcrumbList\",\"@id\":\"https:\\\/\\\/www.redureau-conseil.com\\\/fr\\\/nos-formations\\\/vente-commercial-achat\\\/#breadcrumb\",\"itemListElement\":[{\"@type\":\"ListItem\",\"position\":1,\"name\":\"Home\",\"item\":\"https:\\\/\\\/www.redureau-conseil.com\\\/fr\\\/\"},{\"@type\":\"ListItem\",\"position\":2,\"name\":\"Nos formations et tarifs\",\"item\":\"https:\\\/\\\/www.redureau-conseil.com\\\/fr\\\/nos-formations\\\/\"},{\"@type\":\"ListItem\",\"position\":3,\"name\":\"Vente Commercial Achat\"}]},{\"@type\":\"WebSite\",\"@id\":\"https:\\\/\\\/www.redureau-conseil.com\\\/fr\\\/#website\",\"url\":\"https:\\\/\\\/www.redureau-conseil.com\\\/fr\\\/\",\"name\":\"REDUREAU CONSEIL FORMATION\",\"description\":\"Une Formation \u00e0 dimension Humaine\",\"publisher\":{\"@id\":\"https:\\\/\\\/www.redureau-conseil.com\\\/fr\\\/#organization\"},\"potentialAction\":[{\"@type\":\"SearchAction\",\"target\":{\"@type\":\"EntryPoint\",\"urlTemplate\":\"https:\\\/\\\/www.redureau-conseil.com\\\/fr\\\/?s={search_term_string}\"},\"query-input\":{\"@type\":\"PropertyValueSpecification\",\"valueRequired\":true,\"valueName\":\"search_term_string\"}}],\"inLanguage\":\"fr-FR\"},{\"@type\":\"Organization\",\"@id\":\"https:\\\/\\\/www.redureau-conseil.com\\\/fr\\\/#organization\",\"name\":\"REDUREAU CONSEIL FORMATION\",\"url\":\"https:\\\/\\\/www.redureau-conseil.com\\\/fr\\\/\",\"logo\":{\"@type\":\"ImageObject\",\"inLanguage\":\"fr-FR\",\"@id\":\"https:\\\/\\\/www.redureau-conseil.com\\\/fr\\\/#\\\/schema\\\/logo\\\/image\\\/\",\"url\":\"https:\\\/\\\/www.redureau-conseil.com\\\/fr\\\/wp-content\\\/uploads\\\/2013\\\/10\\\/puce2.png\",\"contentUrl\":\"https:\\\/\\\/www.redureau-conseil.com\\\/fr\\\/wp-content\\\/uploads\\\/2013\\\/10\\\/puce2.png\",\"width\":50,\"height\":27,\"caption\":\"REDUREAU CONSEIL FORMATION\"},\"image\":{\"@id\":\"https:\\\/\\\/www.redureau-conseil.com\\\/fr\\\/#\\\/schema\\\/logo\\\/image\\\/\"}}]}<\/script>\n<!-- \/ Yoast SEO plugin. -->","yoast_head_json":{"title":"Vente Commercial Achat - REDUREAU CONSEIL FORMATION","robots":{"index":"index","follow":"follow","max-snippet":"max-snippet:-1","max-image-preview":"max-image-preview:large","max-video-preview":"max-video-preview:-1"},"canonical":"https:\/\/www.redureau-conseil.com\/fr\/nos-formations\/vente-commercial-achat\/","og_locale":"fr_FR","og_type":"article","og_title":"Vente Commercial Achat - REDUREAU CONSEIL FORMATION","og_description":"\u00a0 Vente Commercial Achat Accueil Client Accueil Physique et T\u00e9l\u00e9phonique Accueil des personnes \u00e0 mobilit\u00e9 r\u00e9duite\u00a0 Communiquer avec ses Clients Faire Connaitre son Entreprise Gestion des Clients difficiles La Prise de Parole en Public Construire et Tester son Argumentaire Commercial La Prospection efficace en p\u00e9riode de Crise Technique de vente au t\u00e9l\u00e9phone et direct Marketing...","og_url":"https:\/\/www.redureau-conseil.com\/fr\/nos-formations\/vente-commercial-achat\/","og_site_name":"REDUREAU CONSEIL FORMATION","article_modified_time":"2025-09-12T15:05:14+00:00","og_image":[{"url":"http:\/\/www.redureau-conseil.com\/fr\/wp-content\/uploads\/2013\/10\/puce2.png","type":"","width":"","height":""}],"twitter_misc":{"Dur\u00e9e de lecture estim\u00e9e":"1 minute"},"schema":{"@context":"https:\/\/schema.org","@graph":[{"@type":"WebPage","@id":"https:\/\/www.redureau-conseil.com\/fr\/nos-formations\/vente-commercial-achat\/","url":"https:\/\/www.redureau-conseil.com\/fr\/nos-formations\/vente-commercial-achat\/","name":"Vente Commercial Achat - REDUREAU CONSEIL FORMATION","isPartOf":{"@id":"https:\/\/www.redureau-conseil.com\/fr\/#website"},"primaryImageOfPage":{"@id":"https:\/\/www.redureau-conseil.com\/fr\/nos-formations\/vente-commercial-achat\/#primaryimage"},"image":{"@id":"https:\/\/www.redureau-conseil.com\/fr\/nos-formations\/vente-commercial-achat\/#primaryimage"},"thumbnailUrl":"http:\/\/www.redureau-conseil.com\/fr\/wp-content\/uploads\/2013\/10\/puce2.png","datePublished":"2013-10-28T16:45:27+00:00","dateModified":"2025-09-12T15:05:14+00:00","breadcrumb":{"@id":"https:\/\/www.redureau-conseil.com\/fr\/nos-formations\/vente-commercial-achat\/#breadcrumb"},"inLanguage":"fr-FR","potentialAction":[{"@type":"ReadAction","target":["https:\/\/www.redureau-conseil.com\/fr\/nos-formations\/vente-commercial-achat\/"]}]},{"@type":"ImageObject","inLanguage":"fr-FR","@id":"https:\/\/www.redureau-conseil.com\/fr\/nos-formations\/vente-commercial-achat\/#primaryimage","url":"http:\/\/www.redureau-conseil.com\/fr\/wp-content\/uploads\/2013\/10\/puce2.png","contentUrl":"http:\/\/www.redureau-conseil.com\/fr\/wp-content\/uploads\/2013\/10\/puce2.png"},{"@type":"BreadcrumbList","@id":"https:\/\/www.redureau-conseil.com\/fr\/nos-formations\/vente-commercial-achat\/#breadcrumb","itemListElement":[{"@type":"ListItem","position":1,"name":"Home","item":"https:\/\/www.redureau-conseil.com\/fr\/"},{"@type":"ListItem","position":2,"name":"Nos formations et tarifs","item":"https:\/\/www.redureau-conseil.com\/fr\/nos-formations\/"},{"@type":"ListItem","position":3,"name":"Vente Commercial Achat"}]},{"@type":"WebSite","@id":"https:\/\/www.redureau-conseil.com\/fr\/#website","url":"https:\/\/www.redureau-conseil.com\/fr\/","name":"REDUREAU CONSEIL FORMATION","description":"Une Formation \u00e0 dimension Humaine","publisher":{"@id":"https:\/\/www.redureau-conseil.com\/fr\/#organization"},"potentialAction":[{"@type":"SearchAction","target":{"@type":"EntryPoint","urlTemplate":"https:\/\/www.redureau-conseil.com\/fr\/?s={search_term_string}"},"query-input":{"@type":"PropertyValueSpecification","valueRequired":true,"valueName":"search_term_string"}}],"inLanguage":"fr-FR"},{"@type":"Organization","@id":"https:\/\/www.redureau-conseil.com\/fr\/#organization","name":"REDUREAU CONSEIL FORMATION","url":"https:\/\/www.redureau-conseil.com\/fr\/","logo":{"@type":"ImageObject","inLanguage":"fr-FR","@id":"https:\/\/www.redureau-conseil.com\/fr\/#\/schema\/logo\/image\/","url":"https:\/\/www.redureau-conseil.com\/fr\/wp-content\/uploads\/2013\/10\/puce2.png","contentUrl":"https:\/\/www.redureau-conseil.com\/fr\/wp-content\/uploads\/2013\/10\/puce2.png","width":50,"height":27,"caption":"REDUREAU CONSEIL FORMATION"},"image":{"@id":"https:\/\/www.redureau-conseil.com\/fr\/#\/schema\/logo\/image\/"}}]}},"_links":{"self":[{"href":"https:\/\/www.redureau-conseil.com\/fr\/wp-json\/wp\/v2\/pages\/219","targetHints":{"allow":["GET"]}}],"collection":[{"href":"https:\/\/www.redureau-conseil.com\/fr\/wp-json\/wp\/v2\/pages"}],"about":[{"href":"https:\/\/www.redureau-conseil.com\/fr\/wp-json\/wp\/v2\/types\/page"}],"author":[{"embeddable":true,"href":"https:\/\/www.redureau-conseil.com\/fr\/wp-json\/wp\/v2\/users\/1"}],"replies":[{"embeddable":true,"href":"https:\/\/www.redureau-conseil.com\/fr\/wp-json\/wp\/v2\/comments?post=219"}],"version-history":[{"count":35,"href":"https:\/\/www.redureau-conseil.com\/fr\/wp-json\/wp\/v2\/pages\/219\/revisions"}],"predecessor-version":[{"id":2290,"href":"https:\/\/www.redureau-conseil.com\/fr\/wp-json\/wp\/v2\/pages\/219\/revisions\/2290"}],"up":[{"embeddable":true,"href":"https:\/\/www.redureau-conseil.com\/fr\/wp-json\/wp\/v2\/pages\/410"}],"wp:attachment":[{"href":"https:\/\/www.redureau-conseil.com\/fr\/wp-json\/wp\/v2\/media?parent=219"}],"curies":[{"name":"wp","href":"https:\/\/api.w.org\/{rel}","templated":true}]}}