{"id":201,"date":"2013-10-28T16:35:06","date_gmt":"2013-10-28T15:35:06","guid":{"rendered":"http:\/\/www.redureau-conseil.com\/wordpress\/?page_id=201"},"modified":"2025-09-12T17:03:25","modified_gmt":"2025-09-12T15:03:25","slug":"gestion-comptable","status":"publish","type":"page","link":"https:\/\/www.redureau-conseil.com\/fr\/nos-formations\/gestion-comptable\/","title":{"rendered":"Gestion Comptable"},"content":{"rendered":"<table style=\"width: 100%;\" border=\"0\" cellspacing=\"5\" cellpadding=\"5\">\n<tbody>\n<tr>\n<td style=\"width: 50%;\" valign=\"top\">\n<table style=\"background-color: #b1b8c3; width: 77.0425%; height: 160px;\" border=\"0\" cellspacing=\"0\" cellpadding=\"5\">\n<tbody>\n<tr>\n<td style=\"width: 6.07735%; background-color: #e73d21;\" align=\"left\" valign=\"top\">\u00a0<\/td>\n<td style=\"width: 93.6464%;\" valign=\"top\"><strong><img loading=\"lazy\" decoding=\"async\" class=\"alignnone size-full wp-image-183\" src=\"https:\/\/www.redureau-conseil.com\/fr\/wp-content\/uploads\/2013\/10\/puce2.png\" alt=\"puce2\" width=\"50\" height=\"27\" \/><span style=\"font-size: medium; color: #000000;\">Comptabilit\u00e9<\/span><br \/><\/strong>\n<ul>\n<li><span style=\"color: #0000ff;\"><a style=\"color: #0000ff;\" href=\"https:\/\/www.redureau-conseil.com\/fr\/wp-content\/uploads\/2017\/04\/CIEL-GESTION-COMMERCIALE.pdf\" target=\"_blank\" rel=\"noopener\">CIEL Gestion Commerciale<\/a><\/span><\/li>\n<li><span style=\"color: #0000ff;\"><a style=\"color: #0000ff;\" href=\"https:\/\/www.redureau-conseil.com\/fr\/wp-content\/uploads\/2017\/04\/COMPTABILITE-GENERALE-INITIATION.pdf\" target=\"_blank\" rel=\"noopener\">Comptabilit\u00e9 G\u00e9n\u00e9rale Initiation<\/a><\/span><\/li>\n<li><span style=\"color: #0000ff;\"><a style=\"color: #0000ff;\" href=\"https:\/\/www.redureau-conseil.com\/fr\/wp-content\/uploads\/2017\/04\/EBP-COMPTABILITE-GENERALE.pdf\" target=\"_blank\" rel=\"noopener\">EBP Comptabilit\u00e9<\/a><\/span><\/li>\n<li><span style=\"color: #0000ff;\"><a style=\"color: #0000ff;\" href=\"https:\/\/www.redureau-conseil.com\/fr\/wp-content\/uploads\/2017\/04\/EBP-GESTION-COMMERCIALE-INITIATION.pdf\" target=\"_blank\" rel=\"noopener\">EBP Gestion Commerciale initiation<\/a><\/span><\/li>\n<li><span style=\"color: #0000ff;\"><a style=\"color: #0000ff;\" href=\"https:\/\/www.redureau-conseil.com\/fr\/wp-content\/uploads\/2017\/04\/EBP-GESTION-COMMERCIALE-PRO-AVANCE.pdf\" target=\"_blank\" rel=\"noopener\">EBP Gestion commerciale Pro Avanc\u00e9<\/a><\/span><\/li>\n<li><span style=\"color: #0000ff;\"><a style=\"color: #0000ff;\" href=\"https:\/\/www.redureau-conseil.com\/fr\/wp-content\/uploads\/2017\/04\/GESTION-DE-LA-FACTURATION.pdf\" target=\"_blank\" rel=\"noopener\">Gestion de la Facturation<\/a><\/span><\/li>\n<li><span style=\"color: #0000ff;\"><a style=\"color: #0000ff;\" href=\"https:\/\/www.redureau-conseil.com\/fr\/wp-content\/uploads\/2017\/04\/GESTION-DE-LA-PAIE.pdf\" target=\"_blank\" rel=\"noopener\">Gestion de la Paie<\/a><\/span><\/li>\n<li><span style=\"color: #0000ff;\"><a style=\"color: #0000ff;\" href=\"https:\/\/www.redureau-conseil.com\/fr\/wp-content\/uploads\/2017\/04\/GESTION-DES-IMPAYES.pdf\" target=\"_blank\" rel=\"noopener\">Gestion des Impay\u00e9s<\/a><\/span><\/li>\n<li><span style=\"color: #0000ff;\"><a style=\"color: #0000ff;\" href=\"https:\/\/www.redureau-conseil.com\/fr\/wp-content\/uploads\/2017\/04\/GESTION-DES-STOCKS.pdf\" target=\"_blank\" rel=\"noopener\">Gestion des Stocks<\/a><\/span><\/li>\n<li><span style=\"color: #0000ff;\"><a style=\"color: #0000ff;\" href=\"https:\/\/www.redureau-conseil.com\/fr\/wp-content\/uploads\/2017\/04\/GESTION-DES-STOCKS-RESTAURATION.pdf\" target=\"_blank\" rel=\"noopener\">Gestion des Stocks\u00a0en restauration<\/a><\/span><\/li>\n<li><span style=\"color: #0000ff;\"><a style=\"color: #0000ff;\" href=\"https:\/\/www.redureau-conseil.com\/fr\/wp-content\/uploads\/2017\/04\/GESTION-FINANCIERE.pdf\" target=\"_blank\" rel=\"noopener\">Gestion Financi\u00e8re<\/a><\/span><\/li>\n<li><span style=\"color: #0000ff;\"><a style=\"color: #0000ff;\" href=\"https:\/\/www.redureau-conseil.com\/fr\/wp-content\/uploads\/2017\/04\/GESTION-PREVISIONNELLE-DE-TRESORERIE.pdf\" target=\"_blank\" rel=\"noopener\">Gestion Pr\u00e9visionnelle de Tr\u00e9sorerie<\/a><\/span><\/li>\n<li><span style=\"color: #0000ff;\"><a style=\"color: #0000ff;\" href=\"https:\/\/www.redureau-conseil.com\/fr\/wp-content\/uploads\/2017\/04\/LES-MECANISMES-DE-LA-TVA.pdf\" target=\"_blank\" rel=\"noopener\">Les M\u00e9canismes de la TVA<\/a><\/span><\/li>\n<li><span style=\"color: #0000ff;\"><a style=\"color: #0000ff;\" href=\"https:\/\/www.redureau-conseil.com\/fr\/wp-content\/uploads\/2017\/04\/GERER-LE-PATRIMOINE-DE-SON-ENTREPRISE-LA-SOCIETE-CIVILE-IMMOBILIERE.pdf\" target=\"_blank\" rel=\"noopener\">G\u00e9rer son patrimoine de son entreprise CSI<\/a><\/span><\/li>\n<li><span style=\"color: #0000ff;\"><a style=\"color: #0000ff;\" href=\"https:\/\/www.redureau-conseil.com\/fr\/wp-content\/uploads\/2017\/04\/QUADRA-COMPTABILITE-GENERALE.pdf\" target=\"_blank\" rel=\"noopener\">QUADRA Comptabilit\u00e9 G\u00e9n\u00e9rale<\/a><\/span><\/li>\n<\/ul>\n<\/td>\n<\/tr>\n<\/tbody>\n<\/table>\n<\/td>\n<td style=\"width: 50%;\" valign=\"top\">\n<h4>\u00a0<\/h4>\n<h4>\u00a0<\/h4>\n<h4>\u00a0<\/h4>\n<h4>\u00a0<\/h4>\n<h4>\u00a0<\/h4>\n<h4>\u00a0<\/h4>\n<h4>\u00a0<\/h4>\n<h4>\u00a0<\/h4>\n<h4>\u00a0<\/h4>\n<h4>\u00a0<\/h4>\n<h4>\u00a0<\/h4>\n<h4 style=\"text-align: right;\"><span style=\"color: #000080;\"><a style=\"color: #000080;\" href=\"https:\/\/www.redureau-conseil.com\/fr\/nos-formations-3\/\">RETOUR<\/a><\/span><\/h4>\n<\/td>\n<\/tr>\n<\/tbody>\n<\/table>\n\n\n<h4><a href=\"https:\/\/www.redureau-conseil.com\/fr\/wp-admin\/post.php?post=2032&amp;action=edit\" data-wplink-edit=\"true\"><span style=\"color: #000080;\">ACCUEIL<\/span><\/a><\/h4>\n\n\n","protected":false},"excerpt":{"rendered":"<p>\u00a0 Comptabilit\u00e9 CIEL Gestion Commerciale Comptabilit\u00e9 G\u00e9n\u00e9rale Initiation EBP Comptabilit\u00e9 EBP Gestion Commerciale initiation EBP Gestion commerciale Pro Avanc\u00e9 Gestion de la Facturation Gestion de la Paie Gestion des Impay\u00e9s Gestion des Stocks Gestion des Stocks\u00a0en restauration Gestion Financi\u00e8re Gestion Pr\u00e9visionnelle de Tr\u00e9sorerie Les M\u00e9canismes de la TVA G\u00e9rer son patrimoine de son entreprise CSI&#8230;<\/p>\n","protected":false},"author":1,"featured_media":0,"parent":410,"menu_order":0,"comment_status":"closed","ping_status":"open","template":"","meta":{"footnotes":""},"class_list":["post-201","page","type-page","status-publish","hentry"],"yoast_head":"<!-- This site is optimized with the Yoast SEO plugin v27.4 - https:\/\/yoast.com\/product\/yoast-seo-wordpress\/ -->\n<title>Gestion Comptable - REDUREAU CONSEIL FORMATION<\/title>\n<meta name=\"robots\" content=\"index, follow, max-snippet:-1, max-image-preview:large, max-video-preview:-1\" \/>\n<link rel=\"canonical\" href=\"https:\/\/www.redureau-conseil.com\/fr\/nos-formations\/gestion-comptable\/\" \/>\n<meta property=\"og:locale\" content=\"fr_FR\" \/>\n<meta property=\"og:type\" content=\"article\" \/>\n<meta property=\"og:title\" content=\"Gestion Comptable - REDUREAU CONSEIL FORMATION\" \/>\n<meta property=\"og:description\" content=\"\u00a0 Comptabilit\u00e9 CIEL Gestion Commerciale Comptabilit\u00e9 G\u00e9n\u00e9rale Initiation EBP Comptabilit\u00e9 EBP Gestion Commerciale initiation EBP Gestion commerciale Pro Avanc\u00e9 Gestion de la Facturation Gestion de la Paie Gestion des Impay\u00e9s Gestion des Stocks Gestion des Stocks\u00a0en restauration Gestion Financi\u00e8re Gestion Pr\u00e9visionnelle de Tr\u00e9sorerie Les M\u00e9canismes de la TVA G\u00e9rer son patrimoine de son entreprise CSI...\" \/>\n<meta property=\"og:url\" content=\"https:\/\/www.redureau-conseil.com\/fr\/nos-formations\/gestion-comptable\/\" \/>\n<meta property=\"og:site_name\" content=\"REDUREAU CONSEIL FORMATION\" \/>\n<meta property=\"article:modified_time\" content=\"2025-09-12T15:03:25+00:00\" \/>\n<meta property=\"og:image\" content=\"http:\/\/www.redureau-conseil.com\/fr\/wp-content\/uploads\/2013\/10\/puce2.png\" \/>\n<meta name=\"twitter:label1\" content=\"Dur\u00e9e de lecture estim\u00e9e\" \/>\n\t<meta name=\"twitter:data1\" content=\"1 minute\" \/>\n<script type=\"application\/ld+json\" class=\"yoast-schema-graph\">{\"@context\":\"https:\\\/\\\/schema.org\",\"@graph\":[{\"@type\":\"WebPage\",\"@id\":\"https:\\\/\\\/www.redureau-conseil.com\\\/fr\\\/nos-formations\\\/gestion-comptable\\\/\",\"url\":\"https:\\\/\\\/www.redureau-conseil.com\\\/fr\\\/nos-formations\\\/gestion-comptable\\\/\",\"name\":\"Gestion Comptable - REDUREAU CONSEIL FORMATION\",\"isPartOf\":{\"@id\":\"https:\\\/\\\/www.redureau-conseil.com\\\/fr\\\/#website\"},\"primaryImageOfPage\":{\"@id\":\"https:\\\/\\\/www.redureau-conseil.com\\\/fr\\\/nos-formations\\\/gestion-comptable\\\/#primaryimage\"},\"image\":{\"@id\":\"https:\\\/\\\/www.redureau-conseil.com\\\/fr\\\/nos-formations\\\/gestion-comptable\\\/#primaryimage\"},\"thumbnailUrl\":\"http:\\\/\\\/www.redureau-conseil.com\\\/fr\\\/wp-content\\\/uploads\\\/2013\\\/10\\\/puce2.png\",\"datePublished\":\"2013-10-28T15:35:06+00:00\",\"dateModified\":\"2025-09-12T15:03:25+00:00\",\"breadcrumb\":{\"@id\":\"https:\\\/\\\/www.redureau-conseil.com\\\/fr\\\/nos-formations\\\/gestion-comptable\\\/#breadcrumb\"},\"inLanguage\":\"fr-FR\",\"potentialAction\":[{\"@type\":\"ReadAction\",\"target\":[\"https:\\\/\\\/www.redureau-conseil.com\\\/fr\\\/nos-formations\\\/gestion-comptable\\\/\"]}]},{\"@type\":\"ImageObject\",\"inLanguage\":\"fr-FR\",\"@id\":\"https:\\\/\\\/www.redureau-conseil.com\\\/fr\\\/nos-formations\\\/gestion-comptable\\\/#primaryimage\",\"url\":\"http:\\\/\\\/www.redureau-conseil.com\\\/fr\\\/wp-content\\\/uploads\\\/2013\\\/10\\\/puce2.png\",\"contentUrl\":\"http:\\\/\\\/www.redureau-conseil.com\\\/fr\\\/wp-content\\\/uploads\\\/2013\\\/10\\\/puce2.png\"},{\"@type\":\"BreadcrumbList\",\"@id\":\"https:\\\/\\\/www.redureau-conseil.com\\\/fr\\\/nos-formations\\\/gestion-comptable\\\/#breadcrumb\",\"itemListElement\":[{\"@type\":\"ListItem\",\"position\":1,\"name\":\"Home\",\"item\":\"https:\\\/\\\/www.redureau-conseil.com\\\/fr\\\/\"},{\"@type\":\"ListItem\",\"position\":2,\"name\":\"Nos formations et tarifs\",\"item\":\"https:\\\/\\\/www.redureau-conseil.com\\\/fr\\\/nos-formations\\\/\"},{\"@type\":\"ListItem\",\"position\":3,\"name\":\"Gestion Comptable\"}]},{\"@type\":\"WebSite\",\"@id\":\"https:\\\/\\\/www.redureau-conseil.com\\\/fr\\\/#website\",\"url\":\"https:\\\/\\\/www.redureau-conseil.com\\\/fr\\\/\",\"name\":\"REDUREAU CONSEIL FORMATION\",\"description\":\"Une Formation \u00e0 dimension Humaine\",\"publisher\":{\"@id\":\"https:\\\/\\\/www.redureau-conseil.com\\\/fr\\\/#organization\"},\"potentialAction\":[{\"@type\":\"SearchAction\",\"target\":{\"@type\":\"EntryPoint\",\"urlTemplate\":\"https:\\\/\\\/www.redureau-conseil.com\\\/fr\\\/?s={search_term_string}\"},\"query-input\":{\"@type\":\"PropertyValueSpecification\",\"valueRequired\":true,\"valueName\":\"search_term_string\"}}],\"inLanguage\":\"fr-FR\"},{\"@type\":\"Organization\",\"@id\":\"https:\\\/\\\/www.redureau-conseil.com\\\/fr\\\/#organization\",\"name\":\"REDUREAU CONSEIL FORMATION\",\"url\":\"https:\\\/\\\/www.redureau-conseil.com\\\/fr\\\/\",\"logo\":{\"@type\":\"ImageObject\",\"inLanguage\":\"fr-FR\",\"@id\":\"https:\\\/\\\/www.redureau-conseil.com\\\/fr\\\/#\\\/schema\\\/logo\\\/image\\\/\",\"url\":\"https:\\\/\\\/www.redureau-conseil.com\\\/fr\\\/wp-content\\\/uploads\\\/2013\\\/10\\\/puce2.png\",\"contentUrl\":\"https:\\\/\\\/www.redureau-conseil.com\\\/fr\\\/wp-content\\\/uploads\\\/2013\\\/10\\\/puce2.png\",\"width\":50,\"height\":27,\"caption\":\"REDUREAU CONSEIL FORMATION\"},\"image\":{\"@id\":\"https:\\\/\\\/www.redureau-conseil.com\\\/fr\\\/#\\\/schema\\\/logo\\\/image\\\/\"}}]}<\/script>\n<!-- \/ Yoast SEO plugin. -->","yoast_head_json":{"title":"Gestion Comptable - REDUREAU CONSEIL FORMATION","robots":{"index":"index","follow":"follow","max-snippet":"max-snippet:-1","max-image-preview":"max-image-preview:large","max-video-preview":"max-video-preview:-1"},"canonical":"https:\/\/www.redureau-conseil.com\/fr\/nos-formations\/gestion-comptable\/","og_locale":"fr_FR","og_type":"article","og_title":"Gestion Comptable - REDUREAU CONSEIL FORMATION","og_description":"\u00a0 Comptabilit\u00e9 CIEL Gestion Commerciale Comptabilit\u00e9 G\u00e9n\u00e9rale Initiation EBP Comptabilit\u00e9 EBP Gestion Commerciale initiation EBP Gestion commerciale Pro Avanc\u00e9 Gestion de la Facturation Gestion de la Paie Gestion des Impay\u00e9s Gestion des Stocks Gestion des Stocks\u00a0en restauration Gestion Financi\u00e8re Gestion Pr\u00e9visionnelle de Tr\u00e9sorerie Les M\u00e9canismes de la TVA G\u00e9rer son patrimoine de son entreprise CSI...","og_url":"https:\/\/www.redureau-conseil.com\/fr\/nos-formations\/gestion-comptable\/","og_site_name":"REDUREAU CONSEIL FORMATION","article_modified_time":"2025-09-12T15:03:25+00:00","og_image":[{"url":"http:\/\/www.redureau-conseil.com\/fr\/wp-content\/uploads\/2013\/10\/puce2.png","type":"","width":"","height":""}],"twitter_misc":{"Dur\u00e9e de lecture estim\u00e9e":"1 minute"},"schema":{"@context":"https:\/\/schema.org","@graph":[{"@type":"WebPage","@id":"https:\/\/www.redureau-conseil.com\/fr\/nos-formations\/gestion-comptable\/","url":"https:\/\/www.redureau-conseil.com\/fr\/nos-formations\/gestion-comptable\/","name":"Gestion Comptable - REDUREAU CONSEIL FORMATION","isPartOf":{"@id":"https:\/\/www.redureau-conseil.com\/fr\/#website"},"primaryImageOfPage":{"@id":"https:\/\/www.redureau-conseil.com\/fr\/nos-formations\/gestion-comptable\/#primaryimage"},"image":{"@id":"https:\/\/www.redureau-conseil.com\/fr\/nos-formations\/gestion-comptable\/#primaryimage"},"thumbnailUrl":"http:\/\/www.redureau-conseil.com\/fr\/wp-content\/uploads\/2013\/10\/puce2.png","datePublished":"2013-10-28T15:35:06+00:00","dateModified":"2025-09-12T15:03:25+00:00","breadcrumb":{"@id":"https:\/\/www.redureau-conseil.com\/fr\/nos-formations\/gestion-comptable\/#breadcrumb"},"inLanguage":"fr-FR","potentialAction":[{"@type":"ReadAction","target":["https:\/\/www.redureau-conseil.com\/fr\/nos-formations\/gestion-comptable\/"]}]},{"@type":"ImageObject","inLanguage":"fr-FR","@id":"https:\/\/www.redureau-conseil.com\/fr\/nos-formations\/gestion-comptable\/#primaryimage","url":"http:\/\/www.redureau-conseil.com\/fr\/wp-content\/uploads\/2013\/10\/puce2.png","contentUrl":"http:\/\/www.redureau-conseil.com\/fr\/wp-content\/uploads\/2013\/10\/puce2.png"},{"@type":"BreadcrumbList","@id":"https:\/\/www.redureau-conseil.com\/fr\/nos-formations\/gestion-comptable\/#breadcrumb","itemListElement":[{"@type":"ListItem","position":1,"name":"Home","item":"https:\/\/www.redureau-conseil.com\/fr\/"},{"@type":"ListItem","position":2,"name":"Nos formations et tarifs","item":"https:\/\/www.redureau-conseil.com\/fr\/nos-formations\/"},{"@type":"ListItem","position":3,"name":"Gestion Comptable"}]},{"@type":"WebSite","@id":"https:\/\/www.redureau-conseil.com\/fr\/#website","url":"https:\/\/www.redureau-conseil.com\/fr\/","name":"REDUREAU CONSEIL FORMATION","description":"Une Formation \u00e0 dimension Humaine","publisher":{"@id":"https:\/\/www.redureau-conseil.com\/fr\/#organization"},"potentialAction":[{"@type":"SearchAction","target":{"@type":"EntryPoint","urlTemplate":"https:\/\/www.redureau-conseil.com\/fr\/?s={search_term_string}"},"query-input":{"@type":"PropertyValueSpecification","valueRequired":true,"valueName":"search_term_string"}}],"inLanguage":"fr-FR"},{"@type":"Organization","@id":"https:\/\/www.redureau-conseil.com\/fr\/#organization","name":"REDUREAU CONSEIL FORMATION","url":"https:\/\/www.redureau-conseil.com\/fr\/","logo":{"@type":"ImageObject","inLanguage":"fr-FR","@id":"https:\/\/www.redureau-conseil.com\/fr\/#\/schema\/logo\/image\/","url":"https:\/\/www.redureau-conseil.com\/fr\/wp-content\/uploads\/2013\/10\/puce2.png","contentUrl":"https:\/\/www.redureau-conseil.com\/fr\/wp-content\/uploads\/2013\/10\/puce2.png","width":50,"height":27,"caption":"REDUREAU CONSEIL FORMATION"},"image":{"@id":"https:\/\/www.redureau-conseil.com\/fr\/#\/schema\/logo\/image\/"}}]}},"_links":{"self":[{"href":"https:\/\/www.redureau-conseil.com\/fr\/wp-json\/wp\/v2\/pages\/201","targetHints":{"allow":["GET"]}}],"collection":[{"href":"https:\/\/www.redureau-conseil.com\/fr\/wp-json\/wp\/v2\/pages"}],"about":[{"href":"https:\/\/www.redureau-conseil.com\/fr\/wp-json\/wp\/v2\/types\/page"}],"author":[{"embeddable":true,"href":"https:\/\/www.redureau-conseil.com\/fr\/wp-json\/wp\/v2\/users\/1"}],"replies":[{"embeddable":true,"href":"https:\/\/www.redureau-conseil.com\/fr\/wp-json\/wp\/v2\/comments?post=201"}],"version-history":[{"count":26,"href":"https:\/\/www.redureau-conseil.com\/fr\/wp-json\/wp\/v2\/pages\/201\/revisions"}],"predecessor-version":[{"id":2286,"href":"https:\/\/www.redureau-conseil.com\/fr\/wp-json\/wp\/v2\/pages\/201\/revisions\/2286"}],"up":[{"embeddable":true,"href":"https:\/\/www.redureau-conseil.com\/fr\/wp-json\/wp\/v2\/pages\/410"}],"wp:attachment":[{"href":"https:\/\/www.redureau-conseil.com\/fr\/wp-json\/wp\/v2\/media?parent=201"}],"curies":[{"name":"wp","href":"https:\/\/api.w.org\/{rel}","templated":true}]}}