{"id":1811,"date":"2024-10-24T15:30:13","date_gmt":"2024-10-24T13:30:13","guid":{"rendered":"https:\/\/www.redureau-conseil.com\/fr\/?page_id=1811"},"modified":"2025-09-10T13:58:25","modified_gmt":"2025-09-10T11:58:25","slug":"coaching-et-developpement","status":"publish","type":"page","link":"https:\/\/www.redureau-conseil.com\/fr\/coaching-et-developpement\/","title":{"rendered":"COACHING ET DEVELOPPEMENT"},"content":{"rendered":"\n\n\n<h3 style=\"margin: 0cm;\"><b><span style=\"font-family: '.SFUI-Semibold',serif; color: #111111;\">Voici les principaux aspects de ce travail :<\/span><\/b><\/h3>\n<p style=\"margin: 0cm; font-variant-caps: normal; font-stretch: normal; font-size-adjust: none; font-kerning: auto; font-variant-alternates: normal; font-variant-ligatures: normal; font-variant-numeric: normal; font-variant-east-asian: normal; font-variant-position: normal; font-variant-emoji: normal; font-feature-settings: normal; font-optical-sizing: auto; font-variation-settings: normal;\"><span style=\"color: #000000;\"><b><span style=\"font-size: 19.5pt; font-family: '.SFUI-Heavy', serif;\">D\u00e9veloppement du leadership<\/span><\/b><\/span><\/p>\n<h5 style=\"margin: 0cm; font-variant-caps: normal; font-stretch: normal; font-size-adjust: none; font-kerning: auto; font-variant-alternates: normal; font-variant-ligatures: normal; font-variant-numeric: normal; font-variant-east-asian: normal; font-variant-position: normal; font-variant-emoji: normal; font-feature-settings: normal; font-optical-sizing: auto; font-variation-settings: normal;\"><span style=\"color: #000000;\"><b><span style=\"font-family: '.SFUI-Semibold', serif;\">Le coach aide le g\u00e9rant \u00e0 mieux comprendre son propre style de leadership, ses forces et ses axes d\u2019am\u00e9lioration. Il travaille sur la posture du dirigeant, sa capacit\u00e9 \u00e0 inspirer, \u00e0 motiver et \u00e0 f\u00e9d\u00e9rer ses \u00e9quipes. L\u2019objectif est d\u2019optimiser sa mani\u00e8re de diriger et de prendre des d\u00e9cisions, tout en renfor\u00e7ant sa confiance en soi.<\/span><\/b><\/span><\/h5>\n<p style=\"margin: 0cm; font-variant-caps: normal; font-stretch: normal; font-size-adjust: none; font-kerning: auto; font-variant-alternates: normal; font-variant-ligatures: normal; font-variant-numeric: normal; font-variant-east-asian: normal; font-variant-position: normal; font-variant-emoji: normal; font-feature-settings: normal; font-optical-sizing: auto; font-variation-settings: normal;\"><span style=\"color: #000000;\"><b><span style=\"font-size: 19.5pt; font-family: '.SFUI-Heavy', serif;\">Gestion des \u00e9quipes<\/span><\/b><\/span><\/p>\n<h5 style=\"margin: 0cm; font-variant-caps: normal; font-stretch: normal; font-size-adjust: none; font-kerning: auto; font-variant-alternates: normal; font-variant-ligatures: normal; font-variant-numeric: normal; font-variant-east-asian: normal; font-variant-position: normal; font-variant-emoji: normal; font-feature-settings: normal; font-optical-sizing: auto; font-variation-settings: normal;\"><span style=\"color: #000000;\"><b><span style=\"font-family: '.SFUI-Semibold', serif;\">Un des enjeux principaux pour un g\u00e9rant est de bien manager ses \u00e9quipes. Le coach l\u2019accompagne dans l\u2019am\u00e9lioration de ses comp\u00e9tences manag\u00e9riales : gestion des conflits, communication interne, d\u00e9l\u00e9gation, et d\u00e9veloppement des talents. Cela permet de cr\u00e9er un environnement de travail plus harmonieux et productif.<\/span><\/b><\/span><\/h5>\n<p style=\"margin: 0cm; font-variant-caps: normal; font-stretch: normal; font-size-adjust: none; font-kerning: auto; font-variant-alternates: normal; font-variant-ligatures: normal; font-variant-numeric: normal; font-variant-east-asian: normal; font-variant-position: normal; font-variant-emoji: normal; font-feature-settings: normal; font-optical-sizing: auto; font-variation-settings: normal;\"><span style=\"color: #000000;\"><b><span style=\"font-size: 19.5pt; font-family: '.SFUI-Heavy', serif;\">Strat\u00e9gie d\u2019entreprise<\/span><\/b><\/span><\/p>\n<h5 style=\"margin: 0cm; font-variant-caps: normal; font-stretch: normal; font-size-adjust: none; font-kerning: auto; font-variant-alternates: normal; font-variant-ligatures: normal; font-variant-numeric: normal; font-variant-east-asian: normal; font-variant-position: normal; font-variant-emoji: normal; font-feature-settings: normal; font-optical-sizing: auto; font-variation-settings: normal;\"><span style=\"color: #000000;\"><b><span style=\"font-family: '.SFUI-Semibold', serif;\">Le coach d\u2019entreprise aide le g\u00e9rant \u00e0 clarifier sa vision strat\u00e9gique, \u00e0 d\u00e9finir des objectifs clairs et \u00e0 mettre en place des plans d\u2019action efficaces. Cela inclut l\u2019analyse des opportunit\u00e9s de march\u00e9, la gestion des priorit\u00e9s et l\u2019optimisation des ressources pour atteindre les objectifs fix\u00e9s.<\/span><\/b><\/span><\/h5>\n<p style=\"margin: 0cm; font-variant-caps: normal; font-stretch: normal; font-size-adjust: none; font-kerning: auto; font-variant-alternates: normal; font-variant-ligatures: normal; font-variant-numeric: normal; font-variant-east-asian: normal; font-variant-position: normal; font-variant-emoji: normal; font-feature-settings: normal; font-optical-sizing: auto; font-variation-settings: normal;\"><span style=\"color: #000000;\"><b><span style=\"font-size: 19.5pt; font-family: '.SFUI-Heavy', serif;\">Prise de d\u00e9cision et gestion du changement<\/span><\/b><\/span><\/p>\n<h5 style=\"margin: 0cm; font-variant-caps: normal; font-stretch: normal; font-size-adjust: none; font-kerning: auto; font-variant-alternates: normal; font-variant-ligatures: normal; font-variant-numeric: normal; font-variant-east-asian: normal; font-variant-position: normal; font-variant-emoji: normal; font-feature-settings: normal; font-optical-sizing: auto; font-variation-settings: normal;\"><span style=\"color: #000000;\"><b><span style=\"font-family: '.SFUI-Semibold', serif;\">Les g\u00e9rants sont souvent confront\u00e9s \u00e0 des situations complexes o\u00f9 ils doivent prendre des d\u00e9cisions importantes. Le coach les aide \u00e0 explorer diff\u00e9rentes options, \u00e0 \u00e9valuer les risques et \u00e0 prendre des d\u00e9cisions \u00e9clair\u00e9es. De plus, il soutient la gestion des p\u00e9riodes de changement, qu\u2019il s\u2019agisse de r\u00e9organisations internes, de croissance rapide ou de transformations num\u00e9riques.<\/span><\/b><\/span><\/h5>\n<p style=\"margin: 0cm; font-variant-caps: normal; font-stretch: normal; font-size-adjust: none; font-kerning: auto; font-variant-alternates: normal; font-variant-ligatures: normal; font-variant-numeric: normal; font-variant-east-asian: normal; font-variant-position: normal; font-variant-emoji: normal; font-feature-settings: normal; font-optical-sizing: auto; font-variation-settings: normal;\"><span style=\"color: #000000;\"><b><span style=\"font-size: 19.5pt; font-family: '.SFUI-Heavy', serif;\">D\u00e9veloppement personnel<\/span><\/b><\/span><\/p>\n<h5 style=\"margin: 0cm; font-variant-caps: normal; font-stretch: normal; font-size-adjust: none; font-kerning: auto; font-variant-alternates: normal; font-variant-ligatures: normal; font-variant-numeric: normal; font-variant-east-asian: normal; font-variant-position: normal; font-variant-emoji: normal; font-feature-settings: normal; font-optical-sizing: auto; font-variation-settings: normal;\"><span style=\"color: #000000;\"><b><span style=\"font-family: '.SFUI-Semibold', serif;\">Le coaching ne se limite pas \u00e0 l\u2019aspect professionnel, il inclut \u00e9galement une dimension personnelle. Il peut s\u2019agir de la gestion du stress, de l\u2019\u00e9quilibre entre la vie professionnelle et personnelle, ou encore de la gestion des \u00e9motions. Un g\u00e9rant plus \u00e9quilibr\u00e9 et \u00e9panoui est mieux \u00e0 m\u00eame de prendre des d\u00e9cisions efficaces et de piloter son entreprise vers la r\u00e9ussite.<\/span><\/b><\/span><\/h5>\n<p style=\"margin: 0cm; font-variant-caps: normal; font-stretch: normal; font-size-adjust: none; font-kerning: auto; font-variant-alternates: normal; font-variant-ligatures: normal; font-variant-numeric: normal; font-variant-east-asian: normal; font-variant-position: normal; font-variant-emoji: normal; font-feature-settings: normal; font-optical-sizing: auto; font-variation-settings: normal;\"><span style=\"color: #000000;\"><b><span style=\"font-size: 19.5pt; font-family: '.SFUI-Heavy', serif;\">R\u00e9solution de probl\u00e8mes sp\u00e9cifiques<\/span><\/b><\/span><\/p>\n<h5 style=\"margin: 0cm; font-variant-caps: normal; font-stretch: normal; font-size-adjust: none; font-kerning: auto; font-variant-alternates: normal; font-variant-ligatures: normal; font-variant-numeric: normal; font-variant-east-asian: normal; font-variant-position: normal; font-variant-emoji: normal; font-feature-settings: normal; font-optical-sizing: auto; font-variation-settings: normal;\"><span style=\"color: #000000;\"><b><span style=\"font-family: '.SFUI-Semibold', serif;\">Le coach peut aussi intervenir de mani\u00e8re ponctuelle pour aider le g\u00e9rant \u00e0 r\u00e9soudre des probl\u00e8mes<\/span><\/b><\/span><\/h5>\n<h5 style=\"margin: 0cm; font-variant-caps: normal; font-stretch: normal; font-size-adjust: none; font-kerning: auto; font-variant-alternates: normal; font-variant-ligatures: normal; font-variant-numeric: normal; font-variant-east-asian: normal; font-variant-position: normal; font-variant-emoji: normal; font-feature-settings: normal; font-optical-sizing: auto; font-variation-settings: normal;\"><span style=\"color: #000000;\"><b><span style=\"font-family: '.SFUI-Semibold', serif;\"> sp\u00e9cifiques : crise de leadership, baisse de performance, conflits au sein de l\u2019\u00e9quipe dirigeante, etc. <\/span><\/b><\/span><\/h5>\n<h5 style=\"margin: 0cm; font-variant-caps: normal; font-stretch: normal; font-size-adjust: none; font-kerning: auto; font-variant-alternates: normal; font-variant-ligatures: normal; font-variant-numeric: normal; font-variant-east-asian: normal; font-variant-position: normal; font-variant-emoji: normal; font-feature-settings: normal; font-optical-sizing: auto; font-variation-settings: normal;\"><span style=\"color: #000000;\"><b><span style=\"font-family: '.SFUI-Semibold', serif;\">Gr\u00e2ce \u00e0 des techniques de questionnement et de r\u00e9flexion, le coach guide le dirigeant vers des solutions durables.<\/span><\/b><\/span><\/h5>\n<h5 style=\"margin: 0cm; font-variant-caps: normal; font-stretch: normal; font-size-adjust: none; font-kerning: auto; font-variant-alternates: normal; font-variant-ligatures: normal; font-variant-numeric: normal; font-variant-east-asian: normal; font-variant-position: normal; font-variant-emoji: normal; font-feature-settings: normal; font-optical-sizing: auto; font-variation-settings: normal;\"><span style=\"color: #000000;\"><b><span style=\"font-family: '.SFUI-Semibold', serif;\">En somme, le coach d\u2019entreprise pour les g\u00e9rants est un partenaire strat\u00e9gique qui aide \u00e0 maximiser le potentiel de l\u2019entreprise en renfor\u00e7ant les comp\u00e9tences et le bien-\u00eatre du dirigeant. Le coaching permet d\u2019aligner la vision du g\u00e9rant avec la performance de l\u2019entreprise tout en favorisant une gestion plus fluide et efficace.<\/span><\/b><\/span><\/h5>\n<p>\u00a0<\/p>\n<h5><span style=\"color: #000000;\"><a style=\"color: #000000;\" href=\"https:\/\/www.redureau-conseil.com\/fr\/contacts\/\" target=\"_blank\" rel=\"noopener\">Pour plus d&rsquo;informations et tarif veuillez nous contacter<\/a><\/span><\/h5>\n<p>\u00a0<\/p>\n<h3><a href=\"https:\/\/www.redureau-conseil.com\/fr\/\"><strong>ACCUEIL<\/strong><\/a><\/h3>\n<p>\u00a0<\/p>\n\n\n\n\n","protected":false},"excerpt":{"rendered":"<p>Voici les principaux aspects de ce travail : D\u00e9veloppement du leadership Le coach aide le g\u00e9rant \u00e0 mieux comprendre son propre style de leadership, ses forces et ses axes d\u2019am\u00e9lioration. Il travaille sur la posture du dirigeant, sa capacit\u00e9 \u00e0 inspirer, \u00e0 motiver et \u00e0 f\u00e9d\u00e9rer ses \u00e9quipes. L\u2019objectif est d\u2019optimiser sa mani\u00e8re de diriger&#8230;<\/p>\n","protected":false},"author":2,"featured_media":0,"parent":0,"menu_order":0,"comment_status":"closed","ping_status":"closed","template":"","meta":{"footnotes":""},"class_list":["post-1811","page","type-page","status-publish","hentry"],"yoast_head":"<!-- This site is optimized with the Yoast SEO plugin v27.6 - https:\/\/yoast.com\/product\/yoast-seo-wordpress\/ -->\n<title>COACHING ET DEVELOPPEMENT - REDUREAU CONSEIL FORMATION<\/title>\n<meta name=\"robots\" content=\"index, follow, max-snippet:-1, max-image-preview:large, max-video-preview:-1\" \/>\n<link rel=\"canonical\" href=\"https:\/\/www.redureau-conseil.com\/fr\/coaching-et-developpement\/\" \/>\n<meta property=\"og:locale\" content=\"fr_FR\" \/>\n<meta property=\"og:type\" content=\"article\" \/>\n<meta property=\"og:title\" content=\"COACHING ET DEVELOPPEMENT - REDUREAU CONSEIL FORMATION\" \/>\n<meta property=\"og:description\" content=\"Voici les principaux aspects de ce travail : D\u00e9veloppement du leadership Le coach aide le g\u00e9rant \u00e0 mieux comprendre son propre style de leadership, ses forces et ses axes d\u2019am\u00e9lioration. Il travaille sur la posture du dirigeant, sa capacit\u00e9 \u00e0 inspirer, \u00e0 motiver et \u00e0 f\u00e9d\u00e9rer ses \u00e9quipes. L\u2019objectif est d\u2019optimiser sa mani\u00e8re de diriger...\" \/>\n<meta property=\"og:url\" content=\"https:\/\/www.redureau-conseil.com\/fr\/coaching-et-developpement\/\" \/>\n<meta property=\"og:site_name\" content=\"REDUREAU CONSEIL FORMATION\" \/>\n<meta property=\"article:modified_time\" content=\"2025-09-10T11:58:25+00:00\" \/>\n<meta name=\"twitter:label1\" content=\"Dur\u00e9e de lecture estim\u00e9e\" \/>\n\t<meta name=\"twitter:data1\" content=\"3 minutes\" \/>\n<script type=\"application\/ld+json\" class=\"yoast-schema-graph\">{\"@context\":\"https:\\\/\\\/schema.org\",\"@graph\":[{\"@type\":\"WebPage\",\"@id\":\"https:\\\/\\\/www.redureau-conseil.com\\\/fr\\\/coaching-et-developpement\\\/\",\"url\":\"https:\\\/\\\/www.redureau-conseil.com\\\/fr\\\/coaching-et-developpement\\\/\",\"name\":\"COACHING ET DEVELOPPEMENT - REDUREAU CONSEIL FORMATION\",\"isPartOf\":{\"@id\":\"https:\\\/\\\/www.redureau-conseil.com\\\/fr\\\/#website\"},\"datePublished\":\"2024-10-24T13:30:13+00:00\",\"dateModified\":\"2025-09-10T11:58:25+00:00\",\"breadcrumb\":{\"@id\":\"https:\\\/\\\/www.redureau-conseil.com\\\/fr\\\/coaching-et-developpement\\\/#breadcrumb\"},\"inLanguage\":\"fr-FR\",\"potentialAction\":[{\"@type\":\"ReadAction\",\"target\":[\"https:\\\/\\\/www.redureau-conseil.com\\\/fr\\\/coaching-et-developpement\\\/\"]}]},{\"@type\":\"BreadcrumbList\",\"@id\":\"https:\\\/\\\/www.redureau-conseil.com\\\/fr\\\/coaching-et-developpement\\\/#breadcrumb\",\"itemListElement\":[{\"@type\":\"ListItem\",\"position\":1,\"name\":\"Home\",\"item\":\"https:\\\/\\\/www.redureau-conseil.com\\\/fr\\\/\"},{\"@type\":\"ListItem\",\"position\":2,\"name\":\"COACHING ET DEVELOPPEMENT\"}]},{\"@type\":\"WebSite\",\"@id\":\"https:\\\/\\\/www.redureau-conseil.com\\\/fr\\\/#website\",\"url\":\"https:\\\/\\\/www.redureau-conseil.com\\\/fr\\\/\",\"name\":\"REDUREAU CONSEIL FORMATION\",\"description\":\"Une Formation \u00e0 dimension Humaine\",\"publisher\":{\"@id\":\"https:\\\/\\\/www.redureau-conseil.com\\\/fr\\\/#organization\"},\"potentialAction\":[{\"@type\":\"SearchAction\",\"target\":{\"@type\":\"EntryPoint\",\"urlTemplate\":\"https:\\\/\\\/www.redureau-conseil.com\\\/fr\\\/?s={search_term_string}\"},\"query-input\":{\"@type\":\"PropertyValueSpecification\",\"valueRequired\":true,\"valueName\":\"search_term_string\"}}],\"inLanguage\":\"fr-FR\"},{\"@type\":\"Organization\",\"@id\":\"https:\\\/\\\/www.redureau-conseil.com\\\/fr\\\/#organization\",\"name\":\"REDUREAU CONSEIL FORMATION\",\"url\":\"https:\\\/\\\/www.redureau-conseil.com\\\/fr\\\/\",\"logo\":{\"@type\":\"ImageObject\",\"inLanguage\":\"fr-FR\",\"@id\":\"https:\\\/\\\/www.redureau-conseil.com\\\/fr\\\/#\\\/schema\\\/logo\\\/image\\\/\",\"url\":\"https:\\\/\\\/www.redureau-conseil.com\\\/fr\\\/wp-content\\\/uploads\\\/2013\\\/10\\\/puce2.png\",\"contentUrl\":\"https:\\\/\\\/www.redureau-conseil.com\\\/fr\\\/wp-content\\\/uploads\\\/2013\\\/10\\\/puce2.png\",\"width\":50,\"height\":27,\"caption\":\"REDUREAU CONSEIL FORMATION\"},\"image\":{\"@id\":\"https:\\\/\\\/www.redureau-conseil.com\\\/fr\\\/#\\\/schema\\\/logo\\\/image\\\/\"}}]}<\/script>\n<!-- \/ Yoast SEO plugin. -->","yoast_head_json":{"title":"COACHING ET DEVELOPPEMENT - REDUREAU CONSEIL FORMATION","robots":{"index":"index","follow":"follow","max-snippet":"max-snippet:-1","max-image-preview":"max-image-preview:large","max-video-preview":"max-video-preview:-1"},"canonical":"https:\/\/www.redureau-conseil.com\/fr\/coaching-et-developpement\/","og_locale":"fr_FR","og_type":"article","og_title":"COACHING ET DEVELOPPEMENT - REDUREAU CONSEIL FORMATION","og_description":"Voici les principaux aspects de ce travail : D\u00e9veloppement du leadership Le coach aide le g\u00e9rant \u00e0 mieux comprendre son propre style de leadership, ses forces et ses axes d\u2019am\u00e9lioration. Il travaille sur la posture du dirigeant, sa capacit\u00e9 \u00e0 inspirer, \u00e0 motiver et \u00e0 f\u00e9d\u00e9rer ses \u00e9quipes. L\u2019objectif est d\u2019optimiser sa mani\u00e8re de diriger...","og_url":"https:\/\/www.redureau-conseil.com\/fr\/coaching-et-developpement\/","og_site_name":"REDUREAU CONSEIL FORMATION","article_modified_time":"2025-09-10T11:58:25+00:00","twitter_misc":{"Dur\u00e9e de lecture estim\u00e9e":"3 minutes"},"schema":{"@context":"https:\/\/schema.org","@graph":[{"@type":"WebPage","@id":"https:\/\/www.redureau-conseil.com\/fr\/coaching-et-developpement\/","url":"https:\/\/www.redureau-conseil.com\/fr\/coaching-et-developpement\/","name":"COACHING ET DEVELOPPEMENT - REDUREAU CONSEIL FORMATION","isPartOf":{"@id":"https:\/\/www.redureau-conseil.com\/fr\/#website"},"datePublished":"2024-10-24T13:30:13+00:00","dateModified":"2025-09-10T11:58:25+00:00","breadcrumb":{"@id":"https:\/\/www.redureau-conseil.com\/fr\/coaching-et-developpement\/#breadcrumb"},"inLanguage":"fr-FR","potentialAction":[{"@type":"ReadAction","target":["https:\/\/www.redureau-conseil.com\/fr\/coaching-et-developpement\/"]}]},{"@type":"BreadcrumbList","@id":"https:\/\/www.redureau-conseil.com\/fr\/coaching-et-developpement\/#breadcrumb","itemListElement":[{"@type":"ListItem","position":1,"name":"Home","item":"https:\/\/www.redureau-conseil.com\/fr\/"},{"@type":"ListItem","position":2,"name":"COACHING ET DEVELOPPEMENT"}]},{"@type":"WebSite","@id":"https:\/\/www.redureau-conseil.com\/fr\/#website","url":"https:\/\/www.redureau-conseil.com\/fr\/","name":"REDUREAU CONSEIL FORMATION","description":"Une Formation \u00e0 dimension Humaine","publisher":{"@id":"https:\/\/www.redureau-conseil.com\/fr\/#organization"},"potentialAction":[{"@type":"SearchAction","target":{"@type":"EntryPoint","urlTemplate":"https:\/\/www.redureau-conseil.com\/fr\/?s={search_term_string}"},"query-input":{"@type":"PropertyValueSpecification","valueRequired":true,"valueName":"search_term_string"}}],"inLanguage":"fr-FR"},{"@type":"Organization","@id":"https:\/\/www.redureau-conseil.com\/fr\/#organization","name":"REDUREAU CONSEIL FORMATION","url":"https:\/\/www.redureau-conseil.com\/fr\/","logo":{"@type":"ImageObject","inLanguage":"fr-FR","@id":"https:\/\/www.redureau-conseil.com\/fr\/#\/schema\/logo\/image\/","url":"https:\/\/www.redureau-conseil.com\/fr\/wp-content\/uploads\/2013\/10\/puce2.png","contentUrl":"https:\/\/www.redureau-conseil.com\/fr\/wp-content\/uploads\/2013\/10\/puce2.png","width":50,"height":27,"caption":"REDUREAU CONSEIL FORMATION"},"image":{"@id":"https:\/\/www.redureau-conseil.com\/fr\/#\/schema\/logo\/image\/"}}]}},"_links":{"self":[{"href":"https:\/\/www.redureau-conseil.com\/fr\/wp-json\/wp\/v2\/pages\/1811","targetHints":{"allow":["GET"]}}],"collection":[{"href":"https:\/\/www.redureau-conseil.com\/fr\/wp-json\/wp\/v2\/pages"}],"about":[{"href":"https:\/\/www.redureau-conseil.com\/fr\/wp-json\/wp\/v2\/types\/page"}],"author":[{"embeddable":true,"href":"https:\/\/www.redureau-conseil.com\/fr\/wp-json\/wp\/v2\/users\/2"}],"replies":[{"embeddable":true,"href":"https:\/\/www.redureau-conseil.com\/fr\/wp-json\/wp\/v2\/comments?post=1811"}],"version-history":[{"count":8,"href":"https:\/\/www.redureau-conseil.com\/fr\/wp-json\/wp\/v2\/pages\/1811\/revisions"}],"predecessor-version":[{"id":2244,"href":"https:\/\/www.redureau-conseil.com\/fr\/wp-json\/wp\/v2\/pages\/1811\/revisions\/2244"}],"wp:attachment":[{"href":"https:\/\/www.redureau-conseil.com\/fr\/wp-json\/wp\/v2\/media?parent=1811"}],"curies":[{"name":"wp","href":"https:\/\/api.w.org\/{rel}","templated":true}]}}