{"id":173,"date":"2013-10-28T00:46:13","date_gmt":"2013-10-27T23:46:13","guid":{"rendered":"http:\/\/www.redureau-conseil.com\/wordpress\/?page_id=173"},"modified":"2025-09-12T17:05:37","modified_gmt":"2025-09-12T15:05:37","slug":"ressources-humaines","status":"publish","type":"page","link":"https:\/\/www.redureau-conseil.com\/fr\/nos-formations\/ressources-humaines\/","title":{"rendered":"Ressources Humaines"},"content":{"rendered":"<table style=\"width: 100%;\" border=\"0\" cellspacing=\"5\" cellpadding=\"5\">\n<tbody>\n<tr>\n<td style=\"width: 50.1299%;\" valign=\"top\">\n<table style=\"background-color: #b1b8c3; width: 362px; height: 160px;\" border=\"0\" cellspacing=\"0\" cellpadding=\"5\">\n<tbody>\n<tr>\n<td style=\"width: 2%; background-color: #e73d21;\" align=\"left\" valign=\"top\">\u00a0<\/td>\n<td style=\"width: 50%;\" valign=\"top\"><strong><span style=\"color: #000000;\"><img loading=\"lazy\" decoding=\"async\" class=\"alignnone size-full wp-image-183\" src=\"https:\/\/www.redureau-conseil.com\/fr\/wp-content\/uploads\/2013\/10\/puce2.png\" alt=\"puce2\" width=\"50\" height=\"27\" \/><span style=\"font-size: medium;\">Confiance en soi<\/span><\/span><br \/><\/strong>\n<ul>\n<li><span style=\"color: #0000ff;\"><a style=\"color: #0000ff;\" href=\"https:\/\/www.redureau-conseil.com\/fr\/wp-content\/uploads\/2017\/04\/ACCROITRE-LA-CONFIANCE-EN-SOI.pdf\" target=\"_blank\" rel=\"noopener\">Accroitre la Confiance en Soi<\/a><\/span><\/li>\n<li><a href=\"https:\/\/www.redureau-conseil.com\/fr\/wp-content\/uploads\/2017\/04\/LA-PRISE-DE-PAROLE-EN-PUBLIC.pdf\" target=\"_blank\" rel=\"noopener\"><span style=\"color: #0000ff;\">La prise de la Parole en Publi<\/span>c<\/a><\/li>\n<li>\u00a0<\/li>\n<\/ul>\n<\/td>\n<\/tr>\n<\/tbody>\n<\/table>\n<\/td>\n<td style=\"width: 49.8701%;\" valign=\"top\">\n<table style=\"background-color: #b1b8c3; width: 361px; height: 160px;\" border=\"0\" cellspacing=\"0\" cellpadding=\"5\">\n<tbody>\n<tr>\n<td style=\"width: 2%; background-color: #e73d21;\" align=\"left\" valign=\"top\">\u00a0<\/td>\n<td style=\"width: 50%;\" valign=\"top\"><strong><strong><strong><img loading=\"lazy\" decoding=\"async\" src=\"https:\/\/www.redureau-conseil.com\/fr\/wp-content\/uploads\/2013\/10\/puce2.png\" alt=\"puce2\" width=\"50\" height=\"27\" \/><\/strong><\/strong><span style=\"font-size: medium; color: #000000;\">Gestion<\/span><\/strong>\n<ul>\n<li><span style=\"color: #0000ff;\"><a style=\"color: #0000ff;\" href=\"https:\/\/www.redureau-conseil.com\/fr\/wp-content\/uploads\/2017\/04\/GESTION-DES-CONFLITS-INITIATION.pdf\" target=\"_blank\" rel=\"noopener\">Gestion des Conflits\u00a0Initiation<\/a><\/span><\/li>\n<li><span style=\"color: #0000ff;\"><a style=\"color: #0000ff;\" href=\"https:\/\/www.redureau-conseil.com\/fr\/wp-content\/uploads\/2017\/04\/GESTION-DU-STRESS.pdf\" target=\"_blank\" rel=\"noopener\">Gestion du Stress<\/a><\/span><\/li>\n<li><span style=\"color: #0000ff;\"><a style=\"color: #0000ff;\" href=\"https:\/\/www.redureau-conseil.com\/fr\/wp-content\/uploads\/2017\/04\/GESTION-DU-STRESS-ET-MAITRISE-DES-SITUATIONS-DIFFICILES.pdf\" target=\"_blank\" rel=\"noopener\">Gestion du Stress et Ma\u00eetrise des situations difficiles<\/a><\/span><\/li>\n<li><span style=\"color: #0000ff;\"><a style=\"color: #0000ff;\" href=\"https:\/\/www.redureau-conseil.com\/fr\/wp-content\/uploads\/2017\/04\/GESTION-DU-TEMPS.pdf\" target=\"_blank\" rel=\"noopener\">Gestion du Temps<\/a><\/span><\/li>\n<\/ul>\n<\/td>\n<\/tr>\n<\/tbody>\n<\/table>\n<\/td>\n<\/tr>\n<\/tbody>\n<\/table>\n<table style=\"width: 100%;\" border=\"0\" cellspacing=\"5\" cellpadding=\"5\">\n<tbody>\n<tr>\n<td style=\"width: 50%;\" valign=\"top\">\n<table style=\"background-color: #b1b8c3; width: 94.5914%; height: 189px;\" border=\"0\" cellspacing=\"0\" cellpadding=\"5\">\n<tbody>\n<tr>\n<td style=\"width: 4.55158%; background-color: #e73d21;\" align=\"left\" valign=\"top\">\u00a0<\/td>\n<td style=\"width: 97.082%;\" valign=\"top\"><strong><span style=\"font-size: medium; color: #888888;\"><strong><img loading=\"lazy\" decoding=\"async\" src=\"https:\/\/www.redureau-conseil.com\/fr\/wp-content\/uploads\/2013\/10\/puce2.png\" alt=\"puce2\" width=\"50\" height=\"27\" \/><\/strong><span style=\"color: #000000;\">Communication<\/span><\/span><\/strong>\n<ul>\n<li><span style=\"color: #0000ff;\"><a style=\"color: #0000ff;\" href=\"https:\/\/www.redureau-conseil.com\/fr\/wp-content\/uploads\/2017\/04\/COMMUNICATION-INTERNE.pdf\" target=\"_blank\" rel=\"noopener\">Communication Interne<\/a><\/span><\/li>\n<li><span style=\"color: #0000ff;\"><a style=\"color: #0000ff;\" href=\"https:\/\/www.redureau-conseil.com\/fr\/wp-content\/uploads\/2017\/04\/COMMUNIQUER-AVEC-SES-COLLABORATEURS.pdf\" target=\"_blank\" rel=\"noopener\">Communiquer avec ses Collaborateurs<\/a><\/span><\/li>\n<li><a href=\"https:\/\/www.redureau-conseil.com\/fr\/wp-content\/uploads\/2017\/10\/ACCUEIL-DES-PERSONNES-\u00c0-MOBILIT\u00c9-R\u00c9DUITE.pdf\" target=\"_blank\" rel=\"noopener\"><span style=\"color: #0000ff;\">Accueil des personnes \u00e0 mobilit\u00e9 r\u00e9duite\u00a0<\/span><\/a><\/li>\n<\/ul>\n<\/td>\n<\/tr>\n<\/tbody>\n<\/table>\n<\/td>\n<td style=\"width: 50%;\" valign=\"top\">\n<table style=\"background-color: #b1b8c3; width: 363px; height: 189px;\" border=\"0\" cellspacing=\"0\" cellpadding=\"5\">\n<tbody>\n<tr>\n<td style=\"width: 10.5078px; background-color: #e73d21;\" align=\"left\" valign=\"top\">\u00a0<\/td>\n<td style=\"width: 328.008px;\" valign=\"top\"><strong><span style=\"font-size: medium; color: #888888;\"><strong><img loading=\"lazy\" decoding=\"async\" src=\"https:\/\/www.redureau-conseil.com\/fr\/wp-content\/uploads\/2013\/10\/puce2.png\" alt=\"puce2\" width=\"50\" height=\"27\" \/><\/strong><span style=\"color: #000000;\">Recrutement<\/span><\/span><\/strong>\n<ul>\n<li><span style=\"color: #0000ff;\"><a style=\"color: #0000ff;\" href=\"https:\/\/www.redureau-conseil.com\/fr\/wp-content\/uploads\/2017\/04\/REUSSIR-SES-RECRUTEMENTS.pdf\" target=\"_blank\" rel=\"noopener\">R\u00e9ussir ses\u00a0Recrutement<\/a><\/span><\/li>\n<li><span style=\"color: #0000ff;\"><a style=\"color: #0000ff;\" href=\"https:\/\/www.redureau-conseil.com\/fr\/wp-content\/uploads\/2017\/04\/REUSSIR-LENTRETIEN-DEVALUATION.pdf\" target=\"_blank\" rel=\"noopener\">R\u00e9ussir ses\u00a0Entretiens d&rsquo;Evaluation<\/a><\/span><\/li>\n<li><span style=\"color: #0000ff;\"><a style=\"color: #0000ff;\" href=\"https:\/\/www.redureau-conseil.com\/fr\/wp-content\/uploads\/2017\/04\/FORMATION-DE-TUTEUR.pdf\" target=\"_blank\" rel=\"noopener\">Formation de Tuteur<\/a><\/span><\/li>\n<li><a href=\"https:\/\/www.redureau-conseil.com\/fr\/wp-content\/uploads\/2017\/11\/REUSSIR-LENTRETIEN-PROFFESSIONNEL.pdf\" target=\"_blank\" rel=\"noopener\"><span style=\"color: #0000ff;\">R\u00e9ussir ses Entretiens Professionnels<\/span><\/a><\/li>\n<li>\u00a0<\/li>\n<\/ul>\n<\/td>\n<\/tr>\n<\/tbody>\n<\/table>\n<\/td>\n<\/tr>\n<\/tbody>\n<\/table>\n<table style=\"width: 100%;\" border=\"0\" cellspacing=\"5\" cellpadding=\"5\">\n<tbody>\n<tr>\n<td style=\"width: 908.008px;\" valign=\"top\">\n<table style=\"background-color: #b1b8c3; width: 362px; height: 160px;\" border=\"0\" cellspacing=\"0\" cellpadding=\"5\">\n<tbody>\n<tr>\n<td style=\"width: 9.25781px; background-color: #e73d21;\" align=\"left\" valign=\"top\">\u00a0<\/td>\n<td style=\"width: 328.008px;\" valign=\"top\"><strong><span style=\"font-size: medium; color: #888888;\"><strong><img loading=\"lazy\" decoding=\"async\" src=\"https:\/\/www.redureau-conseil.com\/fr\/wp-content\/uploads\/2013\/10\/puce2.png\" alt=\"puce2\" width=\"50\" height=\"27\" \/><\/strong><span style=\"color: #000000;\">Entreprise<\/span><\/span><br \/><\/strong>\n<ul>\n<li><span style=\"color: #0000ff;\"><a style=\"color: #0000ff;\" href=\"https:\/\/www.redureau-conseil.com\/fr\/wp-content\/uploads\/2017\/04\/CREATION-D\u2019ENTREPRISE.pdf\" target=\"_blank\" rel=\"noopener\">Cr\u00e9ation\u00a0 d&rsquo;Entreprise<\/a><\/span><\/li>\n<li><span style=\"color: #0000ff;\"><a style=\"color: #0000ff;\" href=\"https:\/\/www.redureau-conseil.com\/fr\/wp-content\/uploads\/2017\/04\/DOCUMENT-UNIQUE.pdf\" target=\"_blank\" rel=\"noopener\">Document Unique<\/a><\/span><\/li>\n<\/ul>\n<\/td>\n<\/tr>\n<\/tbody>\n<\/table>\n<\/td>\n<td style=\"width: 908.008px;\" valign=\"top\">\n<table style=\"background-color: #b1b8c3; width: 361px; height: 160px;\" border=\"0\" cellspacing=\"0\" cellpadding=\"5\">\n<tbody>\n<tr>\n<td style=\"width: 2%; background-color: #e73d21;\" align=\"left\" valign=\"top\"><span style=\"color: #0000ff;\">\u00a0<\/span><\/td>\n<td style=\"width: 50%;\" valign=\"top\"><span style=\"color: #0000ff; font-size: medium;\"><strong><strong><img loading=\"lazy\" decoding=\"async\" src=\"https:\/\/www.redureau-conseil.com\/fr\/wp-content\/uploads\/2013\/10\/puce2.png\" alt=\"puce2\" width=\"50\" height=\"27\" \/><\/strong><span style=\"color: #000000;\">Retraite<\/span><\/strong><\/span>\n<ul>\n<li><span style=\"color: #0000ff;\"><a style=\"color: #0000ff;\" href=\"https:\/\/www.redureau-conseil.com\/fr\/wp-content\/uploads\/2017\/04\/LE-DEPART-A-LA-RETRAITE.pdf\" target=\"_blank\" rel=\"noopener\">Le D\u00e9part \u00e0 la Retraite\u00a0<\/a><\/span><\/li>\n<\/ul>\n<\/td>\n<\/tr>\n<\/tbody>\n<\/table>\n<\/td>\n<\/tr>\n<\/tbody>\n<\/table>\n<table style=\"width: 100%; height: 258px;\" border=\"0\" cellspacing=\"5\" cellpadding=\"5\">\n<tbody>\n<tr style=\"height: 258px;\">\n<td style=\"width: 50%; height: 258px;\" valign=\"top\">\n<table style=\"background-color: #b1b8c3; width: 362px; height: 160px;\" border=\"0\" cellspacing=\"0\" cellpadding=\"5\">\n<tbody>\n<tr>\n<td style=\"width: 2%; background-color: #e73d21;\" align=\"left\" valign=\"top\"><span style=\"color: #0000ff;\">\u00a0<\/span><\/td>\n<td style=\"width: 50%;\" valign=\"top\"><span style=\"color: #0000ff; font-size: medium;\"><strong><strong><img loading=\"lazy\" decoding=\"async\" src=\"https:\/\/www.redureau-conseil.com\/fr\/wp-content\/uploads\/2013\/10\/puce2.png\" alt=\"puce2\" width=\"50\" height=\"27\" \/><\/strong><span style=\"color: #000000;\">Management<\/span><\/strong><\/span>\n<ul>\n<li><span style=\"color: #0000ff;\"><a style=\"color: #0000ff;\" href=\"https:\/\/www.redureau-conseil.com\/fr\/wp-content\/uploads\/2017\/04\/MANAGEMENT-COMMERCIAL-1.pdf\" target=\"_blank\" rel=\"noopener\">Management Commercial<\/a><\/span><\/li>\n<li><span style=\"color: #0000ff;\"><a style=\"color: #0000ff;\" href=\"https:\/\/www.redureau-conseil.com\/fr\/wp-content\/uploads\/2017\/04\/MANAGEMENT-PAR-LA-DELEGATION-1.pdf\" target=\"_blank\" rel=\"noopener\">Management d&rsquo;Entreprise par la D\u00e9l\u00e9gation<\/a><\/span><\/li>\n<li><span style=\"color: #0000ff;\"><a style=\"color: #0000ff;\" href=\"https:\/\/www.redureau-conseil.com\/fr\/wp-content\/uploads\/2017\/04\/MANAGEMENT-DE-PROXIMITE-1.pdf\" target=\"_blank\" rel=\"noopener\">Management de Proximit\u00e9<\/a><\/span><\/li>\n<li><span style=\"color: #0000ff;\"><a style=\"color: #0000ff;\" href=\"https:\/\/www.redureau-conseil.com\/fr\/wp-content\/uploads\/2017\/04\/MANAGEMENT-INITIATION-1.pdf\" target=\"_blank\" rel=\"noopener\">Management\u00a0Initiation<\/a><\/span><\/li>\n<li><span style=\"color: #0000ff;\"><a style=\"color: #0000ff;\" href=\"https:\/\/www.redureau-conseil.com\/fr\/wp-content\/uploads\/2017\/04\/MANAGEMENT-AVANCE-1.pdf\" target=\"_blank\" rel=\"noopener\">Management\u00a0Avanc\u00e9<\/a><\/span><\/li>\n<li><span style=\"color: #0000ff;\"><a style=\"color: #0000ff;\" href=\"https:\/\/www.redureau-conseil.com\/fr\/wp-content\/uploads\/2017\/04\/MANAGEMENT-TRANSVERSAL-1.pdf\" target=\"_blank\" rel=\"noopener\">Management\u00a0Transversal<\/a><\/span><\/li>\n<li><span style=\"color: #0000ff;\"><a style=\"color: #0000ff;\" href=\"https:\/\/www.redureau-conseil.com\/fr\/wp-content\/uploads\/2017\/04\/MANAGER-LA-GENERATION-Y-1.pdf\" target=\"_blank\" rel=\"noopener\">Manager la G\u00e9n\u00e9ration Y<\/a><\/span><\/li>\n<li><span style=\"color: #0000ff;\"><a style=\"color: #0000ff;\" href=\"https:\/\/www.redureau-conseil.com\/fr\/wp-content\/uploads\/2017\/04\/ANIMER-SON-EQUIPE-DE-TRAVAIL.pdf\" target=\"_blank\" rel=\"noopener\">Animer son Equipe de Travail<\/a><\/span><\/li>\n<\/ul>\n<\/td>\n<\/tr>\n<\/tbody>\n<\/table>\n<\/td>\n<td style=\"width: 50%; height: 258px;\" valign=\"top\">\n<table style=\"height: 45px; width: 358.68px;\">\n<tbody>\n<tr style=\"height: 101.43px;\">\n<td style=\"width: 13px; background-color: #e73d21; height: 101.43px;\">\u00a0<\/td>\n<td style=\"width: 334.68px; background-color: #b9bfc7; height: 101.43px;\">\n<p style=\"text-align: left;\"><span style=\"color: #0000ff; font-size: medium;\"><span style=\"color: #000000;\"><strong style=\"font-family: inherit;\">FORMATION TUTEUR<\/strong><\/span><strong><span style=\"color: #0000ff;\"><img loading=\"lazy\" decoding=\"async\" class=\"alignleft\" src=\"https:\/\/www.redureau-conseil.com\/fr\/wp-content\/uploads\/2013\/10\/puce2.png\" alt=\"puce2\" width=\"50\" height=\"27\" \/><\/span><\/strong><\/span><\/p>\n<ul>\n<li><a href=\"https:\/\/www.redureau-conseil.com\/fr\/wp-content\/uploads\/2017\/11\/FORMATION-FORMATEUR-OCCASIONNEL.pdf\" target=\"_blank\" rel=\"noopener\"><span style=\"color: #0000ff;\">Formation de formateur<\/span><\/a><\/li>\n<\/ul>\n<\/td>\n<\/tr>\n<\/tbody>\n<\/table>\n<h4 style=\"text-align: right;\"><span style=\"color: #000080;\"><a style=\"color: #000080;\" href=\"https:\/\/www.redureau-conseil.com\/fr\/nos-formations-3\/\">RETOUR<\/a><\/span><\/h4>\n<\/td>\n<\/tr>\n<\/tbody>\n<\/table>\n\n\n<h4><a href=\"https:\/\/www.redureau-conseil.com\/fr\/\"><span style=\"color: #000080;\">ACCUEIL<\/span><\/a><\/h4>\n\n\n\n\n","protected":false},"excerpt":{"rendered":"<p>\u00a0 Confiance en soi Accroitre la Confiance en Soi La prise de la Parole en Public \u00a0 \u00a0 Gestion Gestion des Conflits\u00a0Initiation Gestion du Stress Gestion du Stress et Ma\u00eetrise des situations difficiles Gestion du Temps \u00a0 Communication Communication Interne Communiquer avec ses Collaborateurs Accueil des personnes \u00e0 mobilit\u00e9 r\u00e9duite\u00a0 \u00a0 Recrutement R\u00e9ussir ses\u00a0Recrutement R\u00e9ussir&#8230;<\/p>\n","protected":false},"author":1,"featured_media":0,"parent":410,"menu_order":2,"comment_status":"closed","ping_status":"closed","template":"","meta":{"footnotes":""},"class_list":["post-173","page","type-page","status-publish","hentry"],"yoast_head":"<!-- This site is optimized with the Yoast SEO plugin v27.4 - https:\/\/yoast.com\/product\/yoast-seo-wordpress\/ -->\n<title>Ressources Humaines - REDUREAU CONSEIL FORMATION<\/title>\n<meta name=\"robots\" content=\"index, follow, max-snippet:-1, max-image-preview:large, max-video-preview:-1\" \/>\n<link rel=\"canonical\" href=\"https:\/\/www.redureau-conseil.com\/fr\/nos-formations\/ressources-humaines\/\" \/>\n<meta property=\"og:locale\" content=\"fr_FR\" \/>\n<meta property=\"og:type\" content=\"article\" \/>\n<meta property=\"og:title\" content=\"Ressources Humaines - REDUREAU CONSEIL FORMATION\" \/>\n<meta property=\"og:description\" content=\"\u00a0 Confiance en soi Accroitre la Confiance en Soi La prise de la Parole en Public \u00a0 \u00a0 Gestion Gestion des Conflits\u00a0Initiation Gestion du Stress Gestion du Stress et Ma\u00eetrise des situations difficiles Gestion du Temps \u00a0 Communication Communication Interne Communiquer avec ses Collaborateurs Accueil des personnes \u00e0 mobilit\u00e9 r\u00e9duite\u00a0 \u00a0 Recrutement R\u00e9ussir ses\u00a0Recrutement R\u00e9ussir...\" \/>\n<meta property=\"og:url\" content=\"https:\/\/www.redureau-conseil.com\/fr\/nos-formations\/ressources-humaines\/\" \/>\n<meta property=\"og:site_name\" content=\"REDUREAU CONSEIL FORMATION\" \/>\n<meta property=\"article:modified_time\" content=\"2025-09-12T15:05:37+00:00\" \/>\n<meta property=\"og:image\" content=\"http:\/\/www.redureau-conseil.com\/fr\/wp-content\/uploads\/2013\/10\/puce2.png\" \/>\n<meta name=\"twitter:label1\" content=\"Dur\u00e9e de lecture estim\u00e9e\" \/>\n\t<meta name=\"twitter:data1\" content=\"3 minutes\" \/>\n<script type=\"application\/ld+json\" class=\"yoast-schema-graph\">{\"@context\":\"https:\\\/\\\/schema.org\",\"@graph\":[{\"@type\":\"WebPage\",\"@id\":\"https:\\\/\\\/www.redureau-conseil.com\\\/fr\\\/nos-formations\\\/ressources-humaines\\\/\",\"url\":\"https:\\\/\\\/www.redureau-conseil.com\\\/fr\\\/nos-formations\\\/ressources-humaines\\\/\",\"name\":\"Ressources Humaines - REDUREAU CONSEIL FORMATION\",\"isPartOf\":{\"@id\":\"https:\\\/\\\/www.redureau-conseil.com\\\/fr\\\/#website\"},\"primaryImageOfPage\":{\"@id\":\"https:\\\/\\\/www.redureau-conseil.com\\\/fr\\\/nos-formations\\\/ressources-humaines\\\/#primaryimage\"},\"image\":{\"@id\":\"https:\\\/\\\/www.redureau-conseil.com\\\/fr\\\/nos-formations\\\/ressources-humaines\\\/#primaryimage\"},\"thumbnailUrl\":\"http:\\\/\\\/www.redureau-conseil.com\\\/fr\\\/wp-content\\\/uploads\\\/2013\\\/10\\\/puce2.png\",\"datePublished\":\"2013-10-27T23:46:13+00:00\",\"dateModified\":\"2025-09-12T15:05:37+00:00\",\"breadcrumb\":{\"@id\":\"https:\\\/\\\/www.redureau-conseil.com\\\/fr\\\/nos-formations\\\/ressources-humaines\\\/#breadcrumb\"},\"inLanguage\":\"fr-FR\",\"potentialAction\":[{\"@type\":\"ReadAction\",\"target\":[\"https:\\\/\\\/www.redureau-conseil.com\\\/fr\\\/nos-formations\\\/ressources-humaines\\\/\"]}]},{\"@type\":\"ImageObject\",\"inLanguage\":\"fr-FR\",\"@id\":\"https:\\\/\\\/www.redureau-conseil.com\\\/fr\\\/nos-formations\\\/ressources-humaines\\\/#primaryimage\",\"url\":\"http:\\\/\\\/www.redureau-conseil.com\\\/fr\\\/wp-content\\\/uploads\\\/2013\\\/10\\\/puce2.png\",\"contentUrl\":\"http:\\\/\\\/www.redureau-conseil.com\\\/fr\\\/wp-content\\\/uploads\\\/2013\\\/10\\\/puce2.png\"},{\"@type\":\"BreadcrumbList\",\"@id\":\"https:\\\/\\\/www.redureau-conseil.com\\\/fr\\\/nos-formations\\\/ressources-humaines\\\/#breadcrumb\",\"itemListElement\":[{\"@type\":\"ListItem\",\"position\":1,\"name\":\"Home\",\"item\":\"https:\\\/\\\/www.redureau-conseil.com\\\/fr\\\/\"},{\"@type\":\"ListItem\",\"position\":2,\"name\":\"Nos formations et tarifs\",\"item\":\"https:\\\/\\\/www.redureau-conseil.com\\\/fr\\\/nos-formations\\\/\"},{\"@type\":\"ListItem\",\"position\":3,\"name\":\"Ressources Humaines\"}]},{\"@type\":\"WebSite\",\"@id\":\"https:\\\/\\\/www.redureau-conseil.com\\\/fr\\\/#website\",\"url\":\"https:\\\/\\\/www.redureau-conseil.com\\\/fr\\\/\",\"name\":\"REDUREAU CONSEIL FORMATION\",\"description\":\"Une Formation \u00e0 dimension Humaine\",\"publisher\":{\"@id\":\"https:\\\/\\\/www.redureau-conseil.com\\\/fr\\\/#organization\"},\"potentialAction\":[{\"@type\":\"SearchAction\",\"target\":{\"@type\":\"EntryPoint\",\"urlTemplate\":\"https:\\\/\\\/www.redureau-conseil.com\\\/fr\\\/?s={search_term_string}\"},\"query-input\":{\"@type\":\"PropertyValueSpecification\",\"valueRequired\":true,\"valueName\":\"search_term_string\"}}],\"inLanguage\":\"fr-FR\"},{\"@type\":\"Organization\",\"@id\":\"https:\\\/\\\/www.redureau-conseil.com\\\/fr\\\/#organization\",\"name\":\"REDUREAU CONSEIL FORMATION\",\"url\":\"https:\\\/\\\/www.redureau-conseil.com\\\/fr\\\/\",\"logo\":{\"@type\":\"ImageObject\",\"inLanguage\":\"fr-FR\",\"@id\":\"https:\\\/\\\/www.redureau-conseil.com\\\/fr\\\/#\\\/schema\\\/logo\\\/image\\\/\",\"url\":\"https:\\\/\\\/www.redureau-conseil.com\\\/fr\\\/wp-content\\\/uploads\\\/2013\\\/10\\\/puce2.png\",\"contentUrl\":\"https:\\\/\\\/www.redureau-conseil.com\\\/fr\\\/wp-content\\\/uploads\\\/2013\\\/10\\\/puce2.png\",\"width\":50,\"height\":27,\"caption\":\"REDUREAU CONSEIL FORMATION\"},\"image\":{\"@id\":\"https:\\\/\\\/www.redureau-conseil.com\\\/fr\\\/#\\\/schema\\\/logo\\\/image\\\/\"}}]}<\/script>\n<!-- \/ Yoast SEO plugin. -->","yoast_head_json":{"title":"Ressources Humaines - REDUREAU CONSEIL FORMATION","robots":{"index":"index","follow":"follow","max-snippet":"max-snippet:-1","max-image-preview":"max-image-preview:large","max-video-preview":"max-video-preview:-1"},"canonical":"https:\/\/www.redureau-conseil.com\/fr\/nos-formations\/ressources-humaines\/","og_locale":"fr_FR","og_type":"article","og_title":"Ressources Humaines - REDUREAU CONSEIL FORMATION","og_description":"\u00a0 Confiance en soi Accroitre la Confiance en Soi La prise de la Parole en Public \u00a0 \u00a0 Gestion Gestion des Conflits\u00a0Initiation Gestion du Stress Gestion du Stress et Ma\u00eetrise des situations difficiles Gestion du Temps \u00a0 Communication Communication Interne Communiquer avec ses Collaborateurs Accueil des personnes \u00e0 mobilit\u00e9 r\u00e9duite\u00a0 \u00a0 Recrutement R\u00e9ussir ses\u00a0Recrutement R\u00e9ussir...","og_url":"https:\/\/www.redureau-conseil.com\/fr\/nos-formations\/ressources-humaines\/","og_site_name":"REDUREAU CONSEIL FORMATION","article_modified_time":"2025-09-12T15:05:37+00:00","og_image":[{"url":"http:\/\/www.redureau-conseil.com\/fr\/wp-content\/uploads\/2013\/10\/puce2.png","type":"","width":"","height":""}],"twitter_misc":{"Dur\u00e9e de lecture estim\u00e9e":"3 minutes"},"schema":{"@context":"https:\/\/schema.org","@graph":[{"@type":"WebPage","@id":"https:\/\/www.redureau-conseil.com\/fr\/nos-formations\/ressources-humaines\/","url":"https:\/\/www.redureau-conseil.com\/fr\/nos-formations\/ressources-humaines\/","name":"Ressources Humaines - REDUREAU CONSEIL FORMATION","isPartOf":{"@id":"https:\/\/www.redureau-conseil.com\/fr\/#website"},"primaryImageOfPage":{"@id":"https:\/\/www.redureau-conseil.com\/fr\/nos-formations\/ressources-humaines\/#primaryimage"},"image":{"@id":"https:\/\/www.redureau-conseil.com\/fr\/nos-formations\/ressources-humaines\/#primaryimage"},"thumbnailUrl":"http:\/\/www.redureau-conseil.com\/fr\/wp-content\/uploads\/2013\/10\/puce2.png","datePublished":"2013-10-27T23:46:13+00:00","dateModified":"2025-09-12T15:05:37+00:00","breadcrumb":{"@id":"https:\/\/www.redureau-conseil.com\/fr\/nos-formations\/ressources-humaines\/#breadcrumb"},"inLanguage":"fr-FR","potentialAction":[{"@type":"ReadAction","target":["https:\/\/www.redureau-conseil.com\/fr\/nos-formations\/ressources-humaines\/"]}]},{"@type":"ImageObject","inLanguage":"fr-FR","@id":"https:\/\/www.redureau-conseil.com\/fr\/nos-formations\/ressources-humaines\/#primaryimage","url":"http:\/\/www.redureau-conseil.com\/fr\/wp-content\/uploads\/2013\/10\/puce2.png","contentUrl":"http:\/\/www.redureau-conseil.com\/fr\/wp-content\/uploads\/2013\/10\/puce2.png"},{"@type":"BreadcrumbList","@id":"https:\/\/www.redureau-conseil.com\/fr\/nos-formations\/ressources-humaines\/#breadcrumb","itemListElement":[{"@type":"ListItem","position":1,"name":"Home","item":"https:\/\/www.redureau-conseil.com\/fr\/"},{"@type":"ListItem","position":2,"name":"Nos formations et tarifs","item":"https:\/\/www.redureau-conseil.com\/fr\/nos-formations\/"},{"@type":"ListItem","position":3,"name":"Ressources Humaines"}]},{"@type":"WebSite","@id":"https:\/\/www.redureau-conseil.com\/fr\/#website","url":"https:\/\/www.redureau-conseil.com\/fr\/","name":"REDUREAU CONSEIL FORMATION","description":"Une Formation \u00e0 dimension Humaine","publisher":{"@id":"https:\/\/www.redureau-conseil.com\/fr\/#organization"},"potentialAction":[{"@type":"SearchAction","target":{"@type":"EntryPoint","urlTemplate":"https:\/\/www.redureau-conseil.com\/fr\/?s={search_term_string}"},"query-input":{"@type":"PropertyValueSpecification","valueRequired":true,"valueName":"search_term_string"}}],"inLanguage":"fr-FR"},{"@type":"Organization","@id":"https:\/\/www.redureau-conseil.com\/fr\/#organization","name":"REDUREAU CONSEIL FORMATION","url":"https:\/\/www.redureau-conseil.com\/fr\/","logo":{"@type":"ImageObject","inLanguage":"fr-FR","@id":"https:\/\/www.redureau-conseil.com\/fr\/#\/schema\/logo\/image\/","url":"https:\/\/www.redureau-conseil.com\/fr\/wp-content\/uploads\/2013\/10\/puce2.png","contentUrl":"https:\/\/www.redureau-conseil.com\/fr\/wp-content\/uploads\/2013\/10\/puce2.png","width":50,"height":27,"caption":"REDUREAU CONSEIL FORMATION"},"image":{"@id":"https:\/\/www.redureau-conseil.com\/fr\/#\/schema\/logo\/image\/"}}]}},"_links":{"self":[{"href":"https:\/\/www.redureau-conseil.com\/fr\/wp-json\/wp\/v2\/pages\/173","targetHints":{"allow":["GET"]}}],"collection":[{"href":"https:\/\/www.redureau-conseil.com\/fr\/wp-json\/wp\/v2\/pages"}],"about":[{"href":"https:\/\/www.redureau-conseil.com\/fr\/wp-json\/wp\/v2\/types\/page"}],"author":[{"embeddable":true,"href":"https:\/\/www.redureau-conseil.com\/fr\/wp-json\/wp\/v2\/users\/1"}],"replies":[{"embeddable":true,"href":"https:\/\/www.redureau-conseil.com\/fr\/wp-json\/wp\/v2\/comments?post=173"}],"version-history":[{"count":45,"href":"https:\/\/www.redureau-conseil.com\/fr\/wp-json\/wp\/v2\/pages\/173\/revisions"}],"predecessor-version":[{"id":2291,"href":"https:\/\/www.redureau-conseil.com\/fr\/wp-json\/wp\/v2\/pages\/173\/revisions\/2291"}],"up":[{"embeddable":true,"href":"https:\/\/www.redureau-conseil.com\/fr\/wp-json\/wp\/v2\/pages\/410"}],"wp:attachment":[{"href":"https:\/\/www.redureau-conseil.com\/fr\/wp-json\/wp\/v2\/media?parent=173"}],"curies":[{"name":"wp","href":"https:\/\/api.w.org\/{rel}","templated":true}]}}