{"id":1248,"date":"2021-12-20T11:56:12","date_gmt":"2021-12-20T10:56:12","guid":{"rendered":"http:\/\/www.redureau-conseil.com\/fr\/?page_id=1248"},"modified":"2025-09-10T14:15:30","modified_gmt":"2025-09-10T12:15:30","slug":"pourquoi-travailler-avec-nous","status":"publish","type":"page","link":"https:\/\/www.redureau-conseil.com\/fr\/pourquoi-travailler-avec-nous\/","title":{"rendered":"Vous \u00eates formateur ?"},"content":{"rendered":"\n<h6><strong>Depuis 1er janvier 2022, la certification qualit\u00e9 Qualiopi est obligatoire pour tous les organismes de formation souhaitant faire financer leurs formations.<\/strong><\/h6>\n<h6><strong><a href=\"mailto:https:\/\/www.redureau-conseil.com\/fr\/\"><span style=\"color: #0000ff;\">REDUREAU CONSEIL FORMATION<\/span><\/a> permet aux organisateurs de formations de faciliter le financement de la formation et d\u2019externaliser la charge administrative en apportant un accompagnement digitalis\u00e9, la certification Qualiopi et une solution \u00e0 un co\u00fbt particuli\u00e8rement abordable.<\/strong><\/h6>\n<h6><strong>Avec <span style=\"color: #0000ff;\"><a style=\"color: #0000ff;\" href=\"mailto:https:\/\/www.redureau-conseil.com\/fr\/\">REDUREAU CONSEIL FORMATION (RCF)<\/a>,<\/span> \u00a0vous conservez votre ind\u00e9pendance et votre savoir-faire sans arr\u00eater votre activit\u00e9.<\/strong><\/h6>\n<h6><strong><span style=\"color: #0000ff;\"><a style=\"color: #0000ff;\" href=\"mailto:https:\/\/www.redureau-conseil.com\/fr\/\">REDUREAU CONSEIL FORMATION<\/a> <\/span>met en place, gr\u00e2ce \u00e0 des outils performants, vos contrats de formation, devis, facturation\u2026.<\/strong><\/h6>\n<h6><strong>Les avantages de travailler avec <a href=\"mailto:https:\/\/www.redureau-conseil.com\/fr\/\"><span style=\"color: #0000ff;\">REDUREAU CONSEIL FORMATION\u00a0<\/span><\/a>:<\/strong><\/h6>\n<h6><strong>Que vous soyez Organisme de formation\u00a0 ou formateur occasionnel nous pouvons r\u00e9pondre \u00e0 vos besoins d\u2019\u00eatre encore plus efficace.<\/strong><\/h6>\n<ol>\n<li>\n<h6><strong>Vous avez le choix de travailler soit en honoraires soit en salari\u00e9.<\/strong><\/h6>\n<\/li>\n<li>\n<h6><strong>Vous prospectez vos propres futurs clients.<\/strong><\/h6>\n<\/li>\n<li>\n<h6><strong>Vous prenez les informations n\u00e9cessaires pour une bonne prise en charge par les OPCO et vous \u00e9tablissez vous-m\u00eame votre planning de r\u00e9alisation de formation.<\/strong><\/h6>\n<\/li>\n<li>\n<h6><strong>Vous restez ind\u00e9pendant en g\u00e9rant vous-m\u00eame votre agenda.<\/strong><\/h6>\n<\/li>\n<li>\n<h6><strong>Nous nous chargeons de monter le dossier et convention de formation avec la certitude d\u2019\u00e9viter un rejet d\u2019offre par les OPCO.<\/strong><\/h6>\n<\/li>\n<li>\n<h6><strong>Vous faites signer les documents de prise en charge vous-m\u00eame afin que vous puissiez garder les liens commerciaux avec vos clients.<\/strong><\/h6>\n<\/li>\n<li>\n<h6><strong>Nous nous chargeons de transmettre les pi\u00e8ces administratives aupr\u00e8s des op\u00e9rateurs de comp\u00e9tences (OPCO)<\/strong><\/h6>\n<\/li>\n<li>\n<h6><strong>Vous r\u00e9alisez votre intervention aux dates pr\u00e9vues<\/strong><\/h6>\n<\/li>\n<li>\n<h6><strong>Vous nous transmettez vos documents de r\u00e9alisation<\/strong><\/h6>\n<\/li>\n<li>\n<h6><strong>Nous nous chargeons de transf\u00e9rer tous les documents pour demande de paiement.<\/strong><\/h6>\n<\/li>\n<li>\n<h6><strong>Vous \u00eates pay\u00e9 directement sans avoir eu les soucis administratifs.<\/strong><\/h6>\n<\/li>\n<\/ol>\n<h5><a href=\"https:\/\/www.redureau-conseil.com\/fr\/\">ACCUEIL<\/a><\/h5>\n\n\n","protected":false},"excerpt":{"rendered":"<p>Depuis 1er janvier 2022, la certification qualit\u00e9 Qualiopi est obligatoire pour tous les organismes de formation souhaitant faire financer leurs formations. REDUREAU CONSEIL FORMATION permet aux organisateurs de formations de faciliter le financement de la formation et d\u2019externaliser la charge administrative en apportant un accompagnement digitalis\u00e9, la certification Qualiopi et une solution \u00e0 un co\u00fbt&#8230;<\/p>\n","protected":false},"author":2,"featured_media":0,"parent":0,"menu_order":0,"comment_status":"closed","ping_status":"closed","template":"","meta":{"footnotes":""},"class_list":["post-1248","page","type-page","status-publish","hentry"],"yoast_head":"<!-- This site is optimized with the Yoast SEO plugin v27.6 - https:\/\/yoast.com\/product\/yoast-seo-wordpress\/ -->\n<title>Vous \u00eates formateur ? - REDUREAU CONSEIL FORMATION %<\/title>\n<meta name=\"robots\" content=\"index, follow, max-snippet:-1, max-image-preview:large, max-video-preview:-1\" \/>\n<link rel=\"canonical\" href=\"https:\/\/www.redureau-conseil.com\/fr\/pourquoi-travailler-avec-nous\/\" \/>\n<meta property=\"og:locale\" content=\"fr_FR\" \/>\n<meta property=\"og:type\" content=\"article\" \/>\n<meta property=\"og:title\" content=\"Vous \u00eates formateur ? - REDUREAU CONSEIL FORMATION %\" \/>\n<meta property=\"og:description\" content=\"Depuis 1er janvier 2022, la certification qualit\u00e9 Qualiopi est obligatoire pour tous les organismes de formation souhaitant faire financer leurs formations. REDUREAU CONSEIL FORMATION permet aux organisateurs de formations de faciliter le financement de la formation et d\u2019externaliser la charge administrative en apportant un accompagnement digitalis\u00e9, la certification Qualiopi et une solution \u00e0 un co\u00fbt...\" \/>\n<meta property=\"og:url\" content=\"https:\/\/www.redureau-conseil.com\/fr\/pourquoi-travailler-avec-nous\/\" \/>\n<meta property=\"og:site_name\" content=\"REDUREAU CONSEIL FORMATION\" \/>\n<meta property=\"article:modified_time\" content=\"2025-09-10T12:15:30+00:00\" \/>\n<meta name=\"twitter:label1\" content=\"Dur\u00e9e de lecture estim\u00e9e\" \/>\n\t<meta name=\"twitter:data1\" content=\"2 minutes\" \/>\n<script type=\"application\/ld+json\" class=\"yoast-schema-graph\">{\"@context\":\"https:\\\/\\\/schema.org\",\"@graph\":[{\"@type\":\"WebPage\",\"@id\":\"https:\\\/\\\/www.redureau-conseil.com\\\/fr\\\/pourquoi-travailler-avec-nous\\\/\",\"url\":\"https:\\\/\\\/www.redureau-conseil.com\\\/fr\\\/pourquoi-travailler-avec-nous\\\/\",\"name\":\"Vous \u00eates formateur ? - REDUREAU CONSEIL FORMATION %\",\"isPartOf\":{\"@id\":\"https:\\\/\\\/www.redureau-conseil.com\\\/fr\\\/#website\"},\"datePublished\":\"2021-12-20T10:56:12+00:00\",\"dateModified\":\"2025-09-10T12:15:30+00:00\",\"breadcrumb\":{\"@id\":\"https:\\\/\\\/www.redureau-conseil.com\\\/fr\\\/pourquoi-travailler-avec-nous\\\/#breadcrumb\"},\"inLanguage\":\"fr-FR\",\"potentialAction\":[{\"@type\":\"ReadAction\",\"target\":[\"https:\\\/\\\/www.redureau-conseil.com\\\/fr\\\/pourquoi-travailler-avec-nous\\\/\"]}]},{\"@type\":\"BreadcrumbList\",\"@id\":\"https:\\\/\\\/www.redureau-conseil.com\\\/fr\\\/pourquoi-travailler-avec-nous\\\/#breadcrumb\",\"itemListElement\":[{\"@type\":\"ListItem\",\"position\":1,\"name\":\"Home\",\"item\":\"https:\\\/\\\/www.redureau-conseil.com\\\/fr\\\/\"},{\"@type\":\"ListItem\",\"position\":2,\"name\":\"Vous \u00eates formateur ?\"}]},{\"@type\":\"WebSite\",\"@id\":\"https:\\\/\\\/www.redureau-conseil.com\\\/fr\\\/#website\",\"url\":\"https:\\\/\\\/www.redureau-conseil.com\\\/fr\\\/\",\"name\":\"REDUREAU CONSEIL FORMATION\",\"description\":\"Une Formation \u00e0 dimension Humaine\",\"publisher\":{\"@id\":\"https:\\\/\\\/www.redureau-conseil.com\\\/fr\\\/#organization\"},\"potentialAction\":[{\"@type\":\"SearchAction\",\"target\":{\"@type\":\"EntryPoint\",\"urlTemplate\":\"https:\\\/\\\/www.redureau-conseil.com\\\/fr\\\/?s={search_term_string}\"},\"query-input\":{\"@type\":\"PropertyValueSpecification\",\"valueRequired\":true,\"valueName\":\"search_term_string\"}}],\"inLanguage\":\"fr-FR\"},{\"@type\":\"Organization\",\"@id\":\"https:\\\/\\\/www.redureau-conseil.com\\\/fr\\\/#organization\",\"name\":\"REDUREAU CONSEIL FORMATION\",\"url\":\"https:\\\/\\\/www.redureau-conseil.com\\\/fr\\\/\",\"logo\":{\"@type\":\"ImageObject\",\"inLanguage\":\"fr-FR\",\"@id\":\"https:\\\/\\\/www.redureau-conseil.com\\\/fr\\\/#\\\/schema\\\/logo\\\/image\\\/\",\"url\":\"https:\\\/\\\/www.redureau-conseil.com\\\/fr\\\/wp-content\\\/uploads\\\/2013\\\/10\\\/puce2.png\",\"contentUrl\":\"https:\\\/\\\/www.redureau-conseil.com\\\/fr\\\/wp-content\\\/uploads\\\/2013\\\/10\\\/puce2.png\",\"width\":50,\"height\":27,\"caption\":\"REDUREAU CONSEIL FORMATION\"},\"image\":{\"@id\":\"https:\\\/\\\/www.redureau-conseil.com\\\/fr\\\/#\\\/schema\\\/logo\\\/image\\\/\"}}]}<\/script>\n<!-- \/ Yoast SEO plugin. -->","yoast_head_json":{"title":"Vous \u00eates formateur ? - REDUREAU CONSEIL FORMATION %","robots":{"index":"index","follow":"follow","max-snippet":"max-snippet:-1","max-image-preview":"max-image-preview:large","max-video-preview":"max-video-preview:-1"},"canonical":"https:\/\/www.redureau-conseil.com\/fr\/pourquoi-travailler-avec-nous\/","og_locale":"fr_FR","og_type":"article","og_title":"Vous \u00eates formateur ? - REDUREAU CONSEIL FORMATION %","og_description":"Depuis 1er janvier 2022, la certification qualit\u00e9 Qualiopi est obligatoire pour tous les organismes de formation souhaitant faire financer leurs formations. REDUREAU CONSEIL FORMATION permet aux organisateurs de formations de faciliter le financement de la formation et d\u2019externaliser la charge administrative en apportant un accompagnement digitalis\u00e9, la certification Qualiopi et une solution \u00e0 un co\u00fbt...","og_url":"https:\/\/www.redureau-conseil.com\/fr\/pourquoi-travailler-avec-nous\/","og_site_name":"REDUREAU CONSEIL FORMATION","article_modified_time":"2025-09-10T12:15:30+00:00","twitter_misc":{"Dur\u00e9e de lecture estim\u00e9e":"2 minutes"},"schema":{"@context":"https:\/\/schema.org","@graph":[{"@type":"WebPage","@id":"https:\/\/www.redureau-conseil.com\/fr\/pourquoi-travailler-avec-nous\/","url":"https:\/\/www.redureau-conseil.com\/fr\/pourquoi-travailler-avec-nous\/","name":"Vous \u00eates formateur ? - REDUREAU CONSEIL FORMATION %","isPartOf":{"@id":"https:\/\/www.redureau-conseil.com\/fr\/#website"},"datePublished":"2021-12-20T10:56:12+00:00","dateModified":"2025-09-10T12:15:30+00:00","breadcrumb":{"@id":"https:\/\/www.redureau-conseil.com\/fr\/pourquoi-travailler-avec-nous\/#breadcrumb"},"inLanguage":"fr-FR","potentialAction":[{"@type":"ReadAction","target":["https:\/\/www.redureau-conseil.com\/fr\/pourquoi-travailler-avec-nous\/"]}]},{"@type":"BreadcrumbList","@id":"https:\/\/www.redureau-conseil.com\/fr\/pourquoi-travailler-avec-nous\/#breadcrumb","itemListElement":[{"@type":"ListItem","position":1,"name":"Home","item":"https:\/\/www.redureau-conseil.com\/fr\/"},{"@type":"ListItem","position":2,"name":"Vous \u00eates formateur ?"}]},{"@type":"WebSite","@id":"https:\/\/www.redureau-conseil.com\/fr\/#website","url":"https:\/\/www.redureau-conseil.com\/fr\/","name":"REDUREAU CONSEIL FORMATION","description":"Une Formation \u00e0 dimension Humaine","publisher":{"@id":"https:\/\/www.redureau-conseil.com\/fr\/#organization"},"potentialAction":[{"@type":"SearchAction","target":{"@type":"EntryPoint","urlTemplate":"https:\/\/www.redureau-conseil.com\/fr\/?s={search_term_string}"},"query-input":{"@type":"PropertyValueSpecification","valueRequired":true,"valueName":"search_term_string"}}],"inLanguage":"fr-FR"},{"@type":"Organization","@id":"https:\/\/www.redureau-conseil.com\/fr\/#organization","name":"REDUREAU CONSEIL FORMATION","url":"https:\/\/www.redureau-conseil.com\/fr\/","logo":{"@type":"ImageObject","inLanguage":"fr-FR","@id":"https:\/\/www.redureau-conseil.com\/fr\/#\/schema\/logo\/image\/","url":"https:\/\/www.redureau-conseil.com\/fr\/wp-content\/uploads\/2013\/10\/puce2.png","contentUrl":"https:\/\/www.redureau-conseil.com\/fr\/wp-content\/uploads\/2013\/10\/puce2.png","width":50,"height":27,"caption":"REDUREAU CONSEIL FORMATION"},"image":{"@id":"https:\/\/www.redureau-conseil.com\/fr\/#\/schema\/logo\/image\/"}}]}},"_links":{"self":[{"href":"https:\/\/www.redureau-conseil.com\/fr\/wp-json\/wp\/v2\/pages\/1248","targetHints":{"allow":["GET"]}}],"collection":[{"href":"https:\/\/www.redureau-conseil.com\/fr\/wp-json\/wp\/v2\/pages"}],"about":[{"href":"https:\/\/www.redureau-conseil.com\/fr\/wp-json\/wp\/v2\/types\/page"}],"author":[{"embeddable":true,"href":"https:\/\/www.redureau-conseil.com\/fr\/wp-json\/wp\/v2\/users\/2"}],"replies":[{"embeddable":true,"href":"https:\/\/www.redureau-conseil.com\/fr\/wp-json\/wp\/v2\/comments?post=1248"}],"version-history":[{"count":6,"href":"https:\/\/www.redureau-conseil.com\/fr\/wp-json\/wp\/v2\/pages\/1248\/revisions"}],"predecessor-version":[{"id":2267,"href":"https:\/\/www.redureau-conseil.com\/fr\/wp-json\/wp\/v2\/pages\/1248\/revisions\/2267"}],"wp:attachment":[{"href":"https:\/\/www.redureau-conseil.com\/fr\/wp-json\/wp\/v2\/media?parent=1248"}],"curies":[{"name":"wp","href":"https:\/\/api.w.org\/{rel}","templated":true}]}}