{"id":122,"date":"2013-10-27T16:35:33","date_gmt":"2013-10-27T15:35:33","guid":{"rendered":"http:\/\/www.redureau-conseil.com\/wordpress\/?page_id=122"},"modified":"2025-11-13T10:15:03","modified_gmt":"2025-11-13T09:15:03","slug":"contacts","status":"publish","type":"page","link":"https:\/\/www.redureau-conseil.com\/fr\/contacts\/","title":{"rendered":"Contacts"},"content":{"rendered":"<h3><strong><span style=\"font-size: medium; color: #888888;\"><img loading=\"lazy\" decoding=\"async\" class=\"alignnone size-full wp-image-183\" title=\"contacts\" src=\"https:\/\/www.redureau-conseil.com\/fr\/wp-content\/uploads\/2013\/10\/puce2.png\" alt=\"contacts\" width=\"50\" height=\"27\" \/><span style=\"color: #000000;\">Contactez-nous<\/span><\/span><\/strong><\/h3>\n<table style=\"width: 100%;\" border=\"0\" cellspacing=\"0\" cellpadding=\"0\">\n<tbody>\n<tr>\n<td>\n<h5><strong>Par t\u00e9l\u00e9phone<\/strong><\/h5>\n<h5>02 97 45 70 74<\/h5>\n<h5>du lundi au vendredi<\/h5>\n<h5>de 8h30 \u00e0 18h30<\/h5>\n<\/td>\n<td>\n<h5><span style=\"color: #000000;\"><strong>Par courrier<\/strong><\/span><\/h5>\n<h5><span style=\"color: #000000;\">REDUREAU CONSEIL FORMATION<\/span><\/h5>\n<h5><span style=\"color: #000000;\">20B Route du Vieux Passage56 370 SARZEAU<\/span><\/h5>\n<\/td>\n<\/tr>\n<\/tbody>\n<\/table>\n<p><a href=\"https:\/\/www.redureau-conseil.fr\"><span style=\"color: #000000;\"><strong>Par formulaire<\/strong><\/span><\/a><br \/><span style=\"color: #000000;\">Besoin d\u2019information ? Pour toute question ou demande de devis, nous vous r\u00e9pondons sous 24h :<\/span><\/p>\n<p><span style=\"color: #000000;\"><p class=\"wpcf7-contact-form-not-found\"><strong>Erreur\u00a0:<\/strong> Formulaire de contact non trouv\u00e9\u00a0!<\/p><\/span><\/p>\n\n\n<h5><a href=\"https:\/\/www.redureau-conseil.fr\">ACCUEIL<\/a><\/h5>\n\n\n","protected":false},"excerpt":{"rendered":"<p>Contactez-nous Par t\u00e9l\u00e9phone 02 97 45 70 74 du lundi au vendredi de 8h30 \u00e0 18h30 Par courrier REDUREAU CONSEIL FORMATION 20B Route du Vieux Passage56 370 SARZEAU Par formulaireBesoin d\u2019information ? Pour toute question ou demande de devis, nous vous r\u00e9pondons sous 24h : ACCUEIL<\/p>\n","protected":false},"author":1,"featured_media":0,"parent":0,"menu_order":2,"comment_status":"closed","ping_status":"open","template":"","meta":{"footnotes":""},"class_list":["post-122","page","type-page","status-publish","hentry"],"yoast_head":"<!-- This site is optimized with the Yoast SEO plugin v27.5 - https:\/\/yoast.com\/product\/yoast-seo-wordpress\/ -->\n<title>Contacts - REDUREAU CONSEIL FORMATION<\/title>\n<meta name=\"description\" content=\"Besoin d\u2019information ? Pour toute question ou demande de devis, nous vous r\u00e9pondons sous 24h en utilisant ce formulaire de contacts\" \/>\n<meta name=\"robots\" content=\"index, follow, max-snippet:-1, max-image-preview:large, max-video-preview:-1\" \/>\n<link rel=\"canonical\" href=\"https:\/\/www.redureau-conseil.com\/fr\/contacts\/\" \/>\n<meta property=\"og:locale\" content=\"fr_FR\" \/>\n<meta property=\"og:type\" content=\"article\" \/>\n<meta property=\"og:title\" content=\"Contacts - REDUREAU CONSEIL FORMATION\" \/>\n<meta property=\"og:description\" content=\"Besoin d\u2019information ? Pour toute question ou demande de devis, nous vous r\u00e9pondons sous 24h en utilisant ce formulaire de contacts\" \/>\n<meta property=\"og:url\" content=\"https:\/\/www.redureau-conseil.com\/fr\/contacts\/\" \/>\n<meta property=\"og:site_name\" content=\"REDUREAU CONSEIL FORMATION\" \/>\n<meta property=\"article:modified_time\" content=\"2025-11-13T09:15:03+00:00\" \/>\n<meta property=\"og:image\" content=\"http:\/\/www.redureau-conseil.com\/fr\/wp-content\/uploads\/2013\/10\/puce2.png\" \/>\n<meta name=\"twitter:label1\" content=\"Dur\u00e9e de lecture estim\u00e9e\" \/>\n\t<meta name=\"twitter:data1\" content=\"1 minute\" \/>\n<script type=\"application\/ld+json\" class=\"yoast-schema-graph\">{\"@context\":\"https:\\\/\\\/schema.org\",\"@graph\":[{\"@type\":\"WebPage\",\"@id\":\"https:\\\/\\\/www.redureau-conseil.com\\\/fr\\\/contacts\\\/\",\"url\":\"https:\\\/\\\/www.redureau-conseil.com\\\/fr\\\/contacts\\\/\",\"name\":\"Contacts - REDUREAU CONSEIL FORMATION\",\"isPartOf\":{\"@id\":\"https:\\\/\\\/www.redureau-conseil.com\\\/fr\\\/#website\"},\"primaryImageOfPage\":{\"@id\":\"https:\\\/\\\/www.redureau-conseil.com\\\/fr\\\/contacts\\\/#primaryimage\"},\"image\":{\"@id\":\"https:\\\/\\\/www.redureau-conseil.com\\\/fr\\\/contacts\\\/#primaryimage\"},\"thumbnailUrl\":\"http:\\\/\\\/www.redureau-conseil.com\\\/fr\\\/wp-content\\\/uploads\\\/2013\\\/10\\\/puce2.png\",\"datePublished\":\"2013-10-27T15:35:33+00:00\",\"dateModified\":\"2025-11-13T09:15:03+00:00\",\"description\":\"Besoin d\u2019information ? Pour toute question ou demande de devis, nous vous r\u00e9pondons sous 24h en utilisant ce formulaire de contacts\",\"breadcrumb\":{\"@id\":\"https:\\\/\\\/www.redureau-conseil.com\\\/fr\\\/contacts\\\/#breadcrumb\"},\"inLanguage\":\"fr-FR\",\"potentialAction\":[{\"@type\":\"ReadAction\",\"target\":[\"https:\\\/\\\/www.redureau-conseil.com\\\/fr\\\/contacts\\\/\"]}]},{\"@type\":\"ImageObject\",\"inLanguage\":\"fr-FR\",\"@id\":\"https:\\\/\\\/www.redureau-conseil.com\\\/fr\\\/contacts\\\/#primaryimage\",\"url\":\"http:\\\/\\\/www.redureau-conseil.com\\\/fr\\\/wp-content\\\/uploads\\\/2013\\\/10\\\/puce2.png\",\"contentUrl\":\"http:\\\/\\\/www.redureau-conseil.com\\\/fr\\\/wp-content\\\/uploads\\\/2013\\\/10\\\/puce2.png\"},{\"@type\":\"BreadcrumbList\",\"@id\":\"https:\\\/\\\/www.redureau-conseil.com\\\/fr\\\/contacts\\\/#breadcrumb\",\"itemListElement\":[{\"@type\":\"ListItem\",\"position\":1,\"name\":\"Home\",\"item\":\"https:\\\/\\\/www.redureau-conseil.com\\\/fr\\\/\"},{\"@type\":\"ListItem\",\"position\":2,\"name\":\"Contacts\"}]},{\"@type\":\"WebSite\",\"@id\":\"https:\\\/\\\/www.redureau-conseil.com\\\/fr\\\/#website\",\"url\":\"https:\\\/\\\/www.redureau-conseil.com\\\/fr\\\/\",\"name\":\"REDUREAU CONSEIL FORMATION\",\"description\":\"Une Formation \u00e0 dimension Humaine\",\"publisher\":{\"@id\":\"https:\\\/\\\/www.redureau-conseil.com\\\/fr\\\/#organization\"},\"potentialAction\":[{\"@type\":\"SearchAction\",\"target\":{\"@type\":\"EntryPoint\",\"urlTemplate\":\"https:\\\/\\\/www.redureau-conseil.com\\\/fr\\\/?s={search_term_string}\"},\"query-input\":{\"@type\":\"PropertyValueSpecification\",\"valueRequired\":true,\"valueName\":\"search_term_string\"}}],\"inLanguage\":\"fr-FR\"},{\"@type\":\"Organization\",\"@id\":\"https:\\\/\\\/www.redureau-conseil.com\\\/fr\\\/#organization\",\"name\":\"REDUREAU CONSEIL FORMATION\",\"url\":\"https:\\\/\\\/www.redureau-conseil.com\\\/fr\\\/\",\"logo\":{\"@type\":\"ImageObject\",\"inLanguage\":\"fr-FR\",\"@id\":\"https:\\\/\\\/www.redureau-conseil.com\\\/fr\\\/#\\\/schema\\\/logo\\\/image\\\/\",\"url\":\"https:\\\/\\\/www.redureau-conseil.com\\\/fr\\\/wp-content\\\/uploads\\\/2013\\\/10\\\/puce2.png\",\"contentUrl\":\"https:\\\/\\\/www.redureau-conseil.com\\\/fr\\\/wp-content\\\/uploads\\\/2013\\\/10\\\/puce2.png\",\"width\":50,\"height\":27,\"caption\":\"REDUREAU CONSEIL FORMATION\"},\"image\":{\"@id\":\"https:\\\/\\\/www.redureau-conseil.com\\\/fr\\\/#\\\/schema\\\/logo\\\/image\\\/\"}}]}<\/script>\n<!-- \/ Yoast SEO plugin. -->","yoast_head_json":{"title":"Contacts - REDUREAU CONSEIL FORMATION","description":"Besoin d\u2019information ? Pour toute question ou demande de devis, nous vous r\u00e9pondons sous 24h en utilisant ce formulaire de contacts","robots":{"index":"index","follow":"follow","max-snippet":"max-snippet:-1","max-image-preview":"max-image-preview:large","max-video-preview":"max-video-preview:-1"},"canonical":"https:\/\/www.redureau-conseil.com\/fr\/contacts\/","og_locale":"fr_FR","og_type":"article","og_title":"Contacts - REDUREAU CONSEIL FORMATION","og_description":"Besoin d\u2019information ? Pour toute question ou demande de devis, nous vous r\u00e9pondons sous 24h en utilisant ce formulaire de contacts","og_url":"https:\/\/www.redureau-conseil.com\/fr\/contacts\/","og_site_name":"REDUREAU CONSEIL FORMATION","article_modified_time":"2025-11-13T09:15:03+00:00","og_image":[{"url":"http:\/\/www.redureau-conseil.com\/fr\/wp-content\/uploads\/2013\/10\/puce2.png","type":"","width":"","height":""}],"twitter_misc":{"Dur\u00e9e de lecture estim\u00e9e":"1 minute"},"schema":{"@context":"https:\/\/schema.org","@graph":[{"@type":"WebPage","@id":"https:\/\/www.redureau-conseil.com\/fr\/contacts\/","url":"https:\/\/www.redureau-conseil.com\/fr\/contacts\/","name":"Contacts - REDUREAU CONSEIL FORMATION","isPartOf":{"@id":"https:\/\/www.redureau-conseil.com\/fr\/#website"},"primaryImageOfPage":{"@id":"https:\/\/www.redureau-conseil.com\/fr\/contacts\/#primaryimage"},"image":{"@id":"https:\/\/www.redureau-conseil.com\/fr\/contacts\/#primaryimage"},"thumbnailUrl":"http:\/\/www.redureau-conseil.com\/fr\/wp-content\/uploads\/2013\/10\/puce2.png","datePublished":"2013-10-27T15:35:33+00:00","dateModified":"2025-11-13T09:15:03+00:00","description":"Besoin d\u2019information ? Pour toute question ou demande de devis, nous vous r\u00e9pondons sous 24h en utilisant ce formulaire de contacts","breadcrumb":{"@id":"https:\/\/www.redureau-conseil.com\/fr\/contacts\/#breadcrumb"},"inLanguage":"fr-FR","potentialAction":[{"@type":"ReadAction","target":["https:\/\/www.redureau-conseil.com\/fr\/contacts\/"]}]},{"@type":"ImageObject","inLanguage":"fr-FR","@id":"https:\/\/www.redureau-conseil.com\/fr\/contacts\/#primaryimage","url":"http:\/\/www.redureau-conseil.com\/fr\/wp-content\/uploads\/2013\/10\/puce2.png","contentUrl":"http:\/\/www.redureau-conseil.com\/fr\/wp-content\/uploads\/2013\/10\/puce2.png"},{"@type":"BreadcrumbList","@id":"https:\/\/www.redureau-conseil.com\/fr\/contacts\/#breadcrumb","itemListElement":[{"@type":"ListItem","position":1,"name":"Home","item":"https:\/\/www.redureau-conseil.com\/fr\/"},{"@type":"ListItem","position":2,"name":"Contacts"}]},{"@type":"WebSite","@id":"https:\/\/www.redureau-conseil.com\/fr\/#website","url":"https:\/\/www.redureau-conseil.com\/fr\/","name":"REDUREAU CONSEIL FORMATION","description":"Une Formation \u00e0 dimension Humaine","publisher":{"@id":"https:\/\/www.redureau-conseil.com\/fr\/#organization"},"potentialAction":[{"@type":"SearchAction","target":{"@type":"EntryPoint","urlTemplate":"https:\/\/www.redureau-conseil.com\/fr\/?s={search_term_string}"},"query-input":{"@type":"PropertyValueSpecification","valueRequired":true,"valueName":"search_term_string"}}],"inLanguage":"fr-FR"},{"@type":"Organization","@id":"https:\/\/www.redureau-conseil.com\/fr\/#organization","name":"REDUREAU CONSEIL FORMATION","url":"https:\/\/www.redureau-conseil.com\/fr\/","logo":{"@type":"ImageObject","inLanguage":"fr-FR","@id":"https:\/\/www.redureau-conseil.com\/fr\/#\/schema\/logo\/image\/","url":"https:\/\/www.redureau-conseil.com\/fr\/wp-content\/uploads\/2013\/10\/puce2.png","contentUrl":"https:\/\/www.redureau-conseil.com\/fr\/wp-content\/uploads\/2013\/10\/puce2.png","width":50,"height":27,"caption":"REDUREAU CONSEIL FORMATION"},"image":{"@id":"https:\/\/www.redureau-conseil.com\/fr\/#\/schema\/logo\/image\/"}}]}},"_links":{"self":[{"href":"https:\/\/www.redureau-conseil.com\/fr\/wp-json\/wp\/v2\/pages\/122","targetHints":{"allow":["GET"]}}],"collection":[{"href":"https:\/\/www.redureau-conseil.com\/fr\/wp-json\/wp\/v2\/pages"}],"about":[{"href":"https:\/\/www.redureau-conseil.com\/fr\/wp-json\/wp\/v2\/types\/page"}],"author":[{"embeddable":true,"href":"https:\/\/www.redureau-conseil.com\/fr\/wp-json\/wp\/v2\/users\/1"}],"replies":[{"embeddable":true,"href":"https:\/\/www.redureau-conseil.com\/fr\/wp-json\/wp\/v2\/comments?post=122"}],"version-history":[{"count":20,"href":"https:\/\/www.redureau-conseil.com\/fr\/wp-json\/wp\/v2\/pages\/122\/revisions"}],"predecessor-version":[{"id":2311,"href":"https:\/\/www.redureau-conseil.com\/fr\/wp-json\/wp\/v2\/pages\/122\/revisions\/2311"}],"wp:attachment":[{"href":"https:\/\/www.redureau-conseil.com\/fr\/wp-json\/wp\/v2\/media?parent=122"}],"curies":[{"name":"wp","href":"https:\/\/api.w.org\/{rel}","templated":true}]}}