{"id":120,"date":"2013-10-27T16:35:32","date_gmt":"2013-10-27T15:35:32","guid":{"rendered":"http:\/\/www.redureau-conseil.com\/wordpress\/?page_id=120"},"modified":"2025-09-09T17:48:47","modified_gmt":"2025-09-09T15:48:47","slug":"accueil-5","status":"publish","type":"page","link":"https:\/\/www.redureau-conseil.com\/fr\/accueil-5\/","title":{"rendered":"Accueil Formation Professionnelle"},"content":{"rendered":"\n<div class=\"wp-block-group is-vertical is-layout-flex wp-container-core-group-is-layout-fe9cc265 wp-block-group-is-layout-flex\">\n<div class=\"wp-block-buttons is-layout-flex wp-block-buttons-is-layout-flex\">\n<div class=\"wp-block-button\"><a class=\"wp-block-button__link has-text-align-center wp-element-button\" href=\"https:\/\/www.redureau-conseil.com\/fr\/nos-formations\/\" target=\"_blank\" rel=\"noreferrer noopener\"><strong><mark style=\"background-color:rgba(0, 0, 0, 0)\" class=\"has-inline-color has-white-color\">NOS FORMATIONS ET TARIFS<\/mark><\/strong><\/a><\/div>\n\n\n\n<div class=\"wp-block-button\"><a class=\"wp-block-button__link has-text-align-center wp-element-button\" href=\"https:\/\/www.redureau-conseil.com\/fr\/procedure-de-positionnement\/\" target=\"_blank\" rel=\"noreferrer noopener\">   <strong><mark style=\"background-color:rgba(0, 0, 0, 0)\" class=\"has-inline-color has-white-color\">PROCEDURES  POSITIONNEMENT<\/mark><\/strong>   <\/a><\/div>\n\n\n\n<div class=\"wp-block-button\"><a class=\"wp-block-button__link has-text-align-center wp-element-button\" href=\"https:\/\/www.redureau-conseil.com\/fr\/nos-references\/\" target=\"_blank\" rel=\"noreferrer noopener\"> <strong><mark style=\"background-color:rgba(0, 0, 0, 0)\" class=\"has-inline-color has-white-color\">ILS NOUS FONT CONFIANCE<\/mark><\/strong> <\/a><\/div>\n\n\n\n<div class=\"wp-block-button\"><a class=\"wp-block-button__link has-text-align-center wp-element-button\" href=\"https:\/\/www.redureau-conseil.com\/fr\/methodes-pedagogiques\/\" target=\"_blank\" rel=\"noreferrer noopener\">  <strong><mark style=\"background-color:rgba(0, 0, 0, 0)\" class=\"has-inline-color has-white-color\">METHODES<\/mark><\/strong> <\/a><\/div>\n\n\n\n<div class=\"wp-block-button\"><a class=\"wp-block-button__link has-text-align-center wp-element-button\" href=\"https:\/\/www.redureau-conseil.com\/fr\/nos-resultats\/\" target=\"_blank\" rel=\"noreferrer noopener\"> <strong><mark style=\"background-color:rgba(0, 0, 0, 0)\" class=\"has-inline-color has-white-color\">NOS RESULTATS<\/mark><\/strong><\/a><\/div>\n\n\n\n<div class=\"wp-block-button\"><a class=\"wp-block-button__link has-text-align-center wp-element-button\" href=\"https:\/\/www.redureau-conseil.com\/fr\/coaching-et-developpement\/\" target=\"_blank\" rel=\"noreferrer noopener\">    <strong><mark style=\"background-color:rgba(0, 0, 0, 0)\" class=\"has-inline-color has-white-color\">COACHING     ET    DEVELOPPEMENT<\/mark><\/strong>   <\/a><\/div>\n\n\n\n<div class=\"wp-block-button\"><a class=\"wp-block-button__link has-text-align-center wp-element-button\" href=\"https:\/\/www.redureau-conseil.com\/fr\/les-nouveautes-le-top-10\/\" target=\"_blank\" rel=\"noreferrer noopener\">   <strong><mark style=\"background-color:rgba(0, 0, 0, 0)\" class=\"has-inline-color has-white-color\">LES NEWS:     LE    TOP10<\/mark><\/strong><\/a><\/div>\n\n\n\n<div class=\"wp-block-button\"><a class=\"wp-block-button__link has-text-align-center wp-element-button\" href=\"https:\/\/www.redureau-conseil.com\/fr\/les-nouveautes\/\" target=\"_blank\" rel=\"noreferrer noopener\"><strong><mark style=\"background-color:rgba(0, 0, 0, 0)\" class=\"has-inline-color has-white-color\">LES NOUVEAUTES<\/mark><\/strong><\/a><\/div>\n\n\n\n<div class=\"wp-block-button\"><a class=\"wp-block-button__link has-text-align-center wp-element-button\" href=\"https:\/\/www.redureau-conseil.com\/fr\/informations-utiles\/\" target=\"_blank\" rel=\"noreferrer noopener\"><strong><mark style=\"background-color:rgba(0, 0, 0, 0)\" class=\"has-inline-color has-white-color\">INFORMATIONS UTILES<\/mark><\/strong><\/a><\/div>\n\n\n\n<div class=\"wp-block-button\"><a class=\"wp-block-button__link has-text-align-center wp-element-button\" href=\"https:\/\/www.redureau-conseil.com\/fr\/contacts\/\" target=\"_blank\" rel=\"noreferrer noopener\"><strong><mark style=\"background-color:rgba(0, 0, 0, 0)\" class=\"has-inline-color has-white-color\">NOUS CONTACTER<\/mark><\/strong><\/a><\/div>\n\n\n\n<div class=\"wp-block-button\"><a class=\"wp-block-button__link has-text-align-center wp-element-button\" href=\"https:\/\/www.redureau-conseil.com\/fr\/pourquoi-travailler-avec-nous\/\" target=\"_blank\" rel=\"noreferrer noopener\"><strong><mark style=\"background-color:rgba(0, 0, 0, 0)\" class=\"has-inline-color has-white-color\">VOUS ETES FORMATEUR<\/mark><\/strong><\/a><\/div>\n\n\n\n<div class=\"wp-block-button\"><a class=\"wp-block-button__link has-text-align-center wp-element-button\" href=\"https:\/\/www.redureau-conseil.com\/fr\/informations-utiles\/conditions-generales-de-vente\/\" target=\"_blank\" rel=\"noreferrer noopener\"><strong><mark style=\"background-color:rgba(0, 0, 0, 0)\" class=\"has-inline-color has-white-color\">CGV<\/mark><\/strong><\/a><\/div>\n<\/div>\n<\/div>\n\n\n\n<div class=\"art-content-layout-br layout-item-1\" data-wp-editing=\"1\"><a style=\"pointer-events: none;\" href=\"https:\/\/www.redureau-conseil.com\/fr\/wp-content\/uploads\/2023\/01\/LOGO-QUALIOPI-INFO-OF.gif\"><img loading=\"lazy\" decoding=\"async\" class=\"alignnone  wp-image-1525\" src=\"https:\/\/www.redureau-conseil.com\/fr\/wp-content\/uploads\/2023\/01\/LOGO-QUALIOPI-INFO-OF-300x215.gif\" alt=\"\" width=\"260\" height=\"186\" \/><\/a><a style=\"pointer-events: none;\" href=\"https:\/\/www.redureau-conseil.com\/fr\/wp-content\/uploads\/2020\/12\/logo-ICERT-RNCQ-0243-rev00-JPEG.jpg\"><img loading=\"lazy\" decoding=\"async\" class=\"alignnone  wp-image-1174\" src=\"https:\/\/www.redureau-conseil.com\/fr\/wp-content\/uploads\/2020\/12\/logo-ICERT-RNCQ-0243-rev00-JPEG-300x220.jpg\" alt=\"\" width=\"186\" height=\"136\" srcset=\"https:\/\/www.redureau-conseil.com\/fr\/wp-content\/uploads\/2020\/12\/logo-ICERT-RNCQ-0243-rev00-JPEG-300x220.jpg 300w, https:\/\/www.redureau-conseil.com\/fr\/wp-content\/uploads\/2020\/12\/logo-ICERT-RNCQ-0243-rev00-JPEG-768x564.jpg 768w, https:\/\/www.redureau-conseil.com\/fr\/wp-content\/uploads\/2020\/12\/logo-ICERT-RNCQ-0243-rev00-JPEG.jpg 837w\" sizes=\"auto, (max-width: 186px) 100vw, 186px\" \/><\/a><a style=\"pointer-events: none;\" href=\"https:\/\/www.redureau-conseil.com\/fr\/wp-content\/uploads\/2024\/01\/REDUREAU-CONSEIL-FORMATION-Courrier-decision-29.04.2022.pdf\"><img loading=\"lazy\" decoding=\"async\" class=\"alignnone size-medium wp-image-982\" src=\"https:\/\/www.redureau-conseil.com\/fr\/wp-content\/uploads\/2017\/10\/IMG-DATADOCK-300x75.png\" alt=\"\" width=\"300\" height=\"75\" srcset=\"https:\/\/www.redureau-conseil.com\/fr\/wp-content\/uploads\/2017\/10\/IMG-DATADOCK-300x75.png 300w, https:\/\/www.redureau-conseil.com\/fr\/wp-content\/uploads\/2017\/10\/IMG-DATADOCK.png 325w\" sizes=\"auto, (max-width: 300px) 100vw, 300px\" \/><\/a><\/div>\n<div data-wp-editing=\"1\">\u00a0<\/div>\n<div data-wp-editing=\"1\">\u00a0<\/div>\n<div data-wp-editing=\"1\">\u00a0<\/div>\n<div data-wp-editing=\"1\">\u00a0<\/div>\n<div data-wp-editing=\"1\">\u00a0<\/div>\n<div data-wp-editing=\"1\">\u00a0<\/div>\n<div data-wp-editing=\"1\">\u00a0<\/div>\n<div data-wp-editing=\"1\">\u00a0<\/div>\n<div data-wp-editing=\"1\"><a href=\"https:\/\/www.redureau-conseil.com\/fr\/wp-content\/uploads\/2025\/03\/CERTIFICAT-QUALIOPI-RC-2024.jpg\" target=\"_blank\" rel=\"noopener\">CERTIFICAT QUALIOPI RC<\/a><\/div>\n<div data-wp-editing=\"1\"><a href=\"https:\/\/www.redureau-conseil.com\/fr\/wp-content\/uploads\/2025\/03\/CERTIFICAT-QUALIOPI-RCF-2025.jpg\" target=\"_blank\" rel=\"noopener\">CERTIFCAT QUALIOPI RCF<\/a><\/div>\n\n\n\n\n\n<div class=\"art-content-layout layout-item-0\">\n<div class=\"art-content-layout-row\">\n<div class=\"art-layout-cell layout-item-2\" style=\"width: 100%;\">\n<h6 style=\"margin-left: 30px; padding-top: 10px; color: #4c5057;\"><span style=\"font-size: 18pt;\"><strong>Une Formation Professionnelle \u00e0 dimension Humaine<\/strong><\/span><\/h6>\n<\/div>\n<\/div>\n<\/div>\n\n\n\n<div class=\"art-content-layout\">\n<div class=\"art-content-layout-row\">\n<div class=\"art-layout-cell layout-item-5\" style=\"width: 63%;\">\n<figure><a style=\"pointer-events: none;\" title=\"formation professionnelle\" href=\"https:\/\/www.redureau-conseil.com\/fr\/wp-content\/uploads\/2013\/12\/Fotolia_52117460_XS.jpg\">&nbsp; &nbsp; &nbsp; &nbsp; &nbsp; &nbsp; &nbsp; &nbsp; &nbsp; &nbsp; &nbsp; &nbsp; &nbsp; &nbsp; &nbsp;<img loading=\"lazy\" decoding=\"async\" class=\" wp-image-503 alignnone\" title=\"Formation professionnelle Redureau\" src=\"https:\/\/www.redureau-conseil.com\/fr\/wp-content\/uploads\/2013\/12\/Fotolia_52117460_XS-300x200.jpg\" alt=\"Formation professionnelle Redureau\" width=\"171\" height=\"114\" srcset=\"https:\/\/www.redureau-conseil.com\/fr\/wp-content\/uploads\/2013\/12\/Fotolia_52117460_XS-300x200.jpg 300w, https:\/\/www.redureau-conseil.com\/fr\/wp-content\/uploads\/2013\/12\/Fotolia_52117460_XS.jpg 424w\" sizes=\"auto, (max-width: 171px) 100vw, 171px\" \/><\/a><\/figure>\n<p style=\"text-align: justify;\">Essentiellement ax\u00e9es sur \u00ab&nbsp;l\u2019humain&nbsp;\u00bb, nos interventions visent toujours \u00e0 consid\u00e9rer la personne dans son int\u00e9gralit\u00e9 et favoriser son \u00e9panouissement personnel et professionnel. Elles visent aussi \u00e0 d\u00e9velopper l\u2019<strong>autonomie<\/strong> de chacun, son sens de la responsabilit\u00e9 et son aptitude \u00e0 travailler en <strong>\u00e9quipe<\/strong>.<\/p>\n<p style=\"text-align: justify;\"><a href=\"https:\/\/www.redureau-conseil.com\/fr\/methodes-pedagogiques\/\"><strong><span style=\"color: #ff0000;\">&nbsp;Lire la suite<\/span><\/strong><\/a><\/p>\n<\/div>\n<div class=\"art-layout-cell layout-item-3\" style=\"width: 37%;\">\n<figure><a style=\"pointer-events: none;\" title=\"formation professionnelle\" href=\"https:\/\/www.redureau-conseil.com\/fr\/wp-content\/uploads\/2013\/12\/Fotolia_55882033_XS.jpg\"><img loading=\"lazy\" decoding=\"async\" class=\"alignnone size-medium wp-image-505\" title=\"formation professionnel bureautique\" src=\"https:\/\/www.redureau-conseil.com\/fr\/wp-content\/uploads\/2013\/12\/Fotolia_55882033_XS-300x200.jpg\" alt=\"Manager with employee working in office\" width=\"150\" height=\"100\" srcset=\"https:\/\/www.redureau-conseil.com\/fr\/wp-content\/uploads\/2013\/12\/Fotolia_55882033_XS-300x200.jpg 300w, https:\/\/www.redureau-conseil.com\/fr\/wp-content\/uploads\/2013\/12\/Fotolia_55882033_XS.jpg 424w\" sizes=\"auto, (max-width: 150px) 100vw, 150px\" \/><\/a><\/figure>\n<p style=\"border-bottom-width: 2px; border-bottom-style: solid; border-bottom-color: #b1b8c3; text-align: justify;\">Si besoin est, et en accord avec la DRH de l&rsquo;entreprise, nous mettons en place un suivi individualis\u00e9 des stagiaires.<\/p>\n<figure><a style=\"pointer-events: none;\" title=\"formation professionnelle\" href=\"https:\/\/www.redureau-conseil.com\/fr\/wp-content\/uploads\/2013\/12\/Fotolia_52500974_XS.jpg\"><img loading=\"lazy\" decoding=\"async\" class=\"alignnone size-medium wp-image-504\" title=\"Suivi de stage\" src=\"https:\/\/www.redureau-conseil.com\/fr\/wp-content\/uploads\/2013\/12\/Fotolia_52500974_XS-300x203.jpg\" alt=\"Business people meeting to discuss the situation on the market\" width=\"150\" height=\"101\" srcset=\"https:\/\/www.redureau-conseil.com\/fr\/wp-content\/uploads\/2013\/12\/Fotolia_52500974_XS-300x203.jpg 300w, https:\/\/www.redureau-conseil.com\/fr\/wp-content\/uploads\/2013\/12\/Fotolia_52500974_XS.jpg 421w\" sizes=\"auto, (max-width: 150px) 100vw, 150px\" \/><\/a><\/figure>\n<p style=\"text-align: justify;\">Par rapport aux objectifs du stage, un suivi devient possible de m\u00eame qu&rsquo;une \u00e9valuation des progr\u00e9s r\u00e9alis\u00e9s.<\/p>\n<p><a href=\"https:\/\/www.redureau-conseil.com\/fr\/methodes-pedagogiques\/\"><span style=\"color: #ff0000;\"><strong>Lire la suite<\/strong><\/span><\/a><\/p>\n<\/div>\n<\/div>\n<\/div>\n<p>&nbsp;<\/p>\n\n\n\n<div class=\"art-content-layout-br layout-item-4\">&nbsp;<\/div>\n\n\n\n<div class=\"art-content-layout\">\n<div class=\"art-content-layout-row\">\n<div class=\"art-layout-cell layout-item-3\" style=\"width: 100%;\">\n<h3><span style=\"font-size: 14pt; color: #000000;\">Une formation professionnelle au plus proche des besoins de l&rsquo;Entreprise<\/span><\/h3>\n<figure><a style=\"pointer-events: none;\" href=\"https:\/\/www.redureau-conseil.com\/fr\/wp-content\/uploads\/2013\/12\/Fotolia_43465303_XS.jpg\"><img loading=\"lazy\" decoding=\"async\" class=\"alignnone size-medium wp-image-502\" style=\"float: left; margin-left: 5px; margin-right: 5px;\" title=\"Une formation professionnel au plus proche des besoins de l'Entreprise\" src=\"https:\/\/www.redureau-conseil.com\/fr\/wp-content\/uploads\/2013\/12\/Fotolia_43465303_XS-300x244.jpg\" alt=\"Business handshake and business people\" width=\"235\" height=\"192\" srcset=\"https:\/\/www.redureau-conseil.com\/fr\/wp-content\/uploads\/2013\/12\/Fotolia_43465303_XS-300x244.jpg 300w, https:\/\/www.redureau-conseil.com\/fr\/wp-content\/uploads\/2013\/12\/Fotolia_43465303_XS.jpg 384w\" sizes=\"auto, (max-width: 235px) 100vw, 235px\" \/><\/a><\/figure>\n<p style=\"text-align: justify;\">Notre catalogue a un aspect n\u00e9cessairement fig\u00e9. En lien avec la direction des ressources humaines, nous mettons en place des programmes sp\u00e9cifiques qui tiennent compte des exigences sp\u00e9cifiques de l&rsquo;entreprise et\/ou de ses collaborateurs.<\/p>\n<p style=\"text-align: justify;\">En un mot, nous voulons \u00e9tablir une relation de r\u00e9el partenariat avec l&rsquo;entreprise ou l&rsquo;organisation cliente pour aboutir \u00e0 des solutions \u00ab\u00a0Sur Mesure\u00a0\u00bb.<\/p>\n<p><span style=\"color: #ff0000;\"><strong><a style=\"color: #ff0000;\" href=\"https:\/\/www.redureau-conseil.com\/fr\/methodes-pedagogiques\/\">Lire la suite<\/a><\/strong><\/span><\/p>\n<\/div>\n<\/div>\n<\/div>\n\n\n\n<figure class=\"wp-block-image alignleft\"><a href=\"https:\/\/www.redureau-conseil.com\/fr\/wp-content\/uploads\/2013\/10\/IMG-DATADOCK.png\"><img loading=\"lazy\" decoding=\"async\" width=\"300\" height=\"75\" src=\"https:\/\/www.redureau-conseil.com\/fr\/wp-content\/uploads\/2013\/10\/IMG-DATADOCK-300x75.png\" alt=\"\" class=\"wp-image-983\" srcset=\"https:\/\/www.redureau-conseil.com\/fr\/wp-content\/uploads\/2013\/10\/IMG-DATADOCK-300x75.png 300w, https:\/\/www.redureau-conseil.com\/fr\/wp-content\/uploads\/2013\/10\/IMG-DATADOCK.png 325w\" sizes=\"auto, (max-width: 300px) 100vw, 300px\" \/><\/a><\/figure>\n\n\n\n<p><\/p>\n\n\n\n<p class=\"has-text-align-center\"><\/p>\n\n\n\n<p class=\"has-text-align-center\"><b>REDUREAU CONSEIL FORMATION&nbsp; <\/b>r\u00e9f\u00e9renc\u00e9 Data-Dock <b>&nbsp;r\u00e9pond aux&nbsp;&nbsp;21 crit\u00e8res qualit\u00e9 du d\u00e9cret du 30 juin 2015.<br>Ceci est d\u00e9sormais une condition du financement de vos formations par votre OPCA et un&nbsp;important gage de qualit\u00e9.&nbsp;<\/b><\/p>\n\n\n\n\n","protected":false},"excerpt":{"rendered":"<p>\u00a0 \u00a0 \u00a0 \u00a0 \u00a0 \u00a0 \u00a0 \u00a0 CERTIFICAT QUALIOPI RC CERTIFCAT QUALIOPI RCF Une Formation Professionnelle \u00e0 dimension Humaine &nbsp; &nbsp; &nbsp; &nbsp; &nbsp; &nbsp; &nbsp; &nbsp; &nbsp; &nbsp; &nbsp; &nbsp; &nbsp; &nbsp; &nbsp; Essentiellement ax\u00e9es sur \u00ab&nbsp;l\u2019humain&nbsp;\u00bb, nos interventions visent toujours \u00e0 consid\u00e9rer la personne dans son int\u00e9gralit\u00e9 et favoriser son \u00e9panouissement personnel&#8230;<\/p>\n","protected":false},"author":1,"featured_media":0,"parent":0,"menu_order":1,"comment_status":"closed","ping_status":"open","template":"","meta":{"footnotes":""},"class_list":["post-120","page","type-page","status-publish","hentry"],"yoast_head":"<!-- This site is optimized with the Yoast SEO plugin v27.6 - https:\/\/yoast.com\/product\/yoast-seo-wordpress\/ -->\n<title>Redureau Conseil Formation<\/title>\n<meta name=\"description\" content=\"Une formation professionnelle \u00e0 dimension humaine au plus proche des besoins de l\u2019entreprise, nous mettons en place des programmes sp\u00e9cifiques.\" \/>\n<meta name=\"robots\" content=\"index, follow, max-snippet:-1, max-image-preview:large, max-video-preview:-1\" \/>\n<link rel=\"canonical\" href=\"https:\/\/www.redureau-conseil.com\/fr\/accueil-5\/\" \/>\n<meta property=\"og:locale\" content=\"fr_FR\" \/>\n<meta property=\"og:type\" content=\"article\" \/>\n<meta property=\"og:title\" content=\"Redureau Conseil Formation\" \/>\n<meta property=\"og:description\" content=\"Une formation professionnelle \u00e0 dimension humaine au plus proche des besoins de l\u2019entreprise, nous mettons en place des programmes sp\u00e9cifiques.\" \/>\n<meta property=\"og:url\" content=\"https:\/\/www.redureau-conseil.com\/fr\/accueil-5\/\" \/>\n<meta property=\"og:site_name\" content=\"REDUREAU CONSEIL FORMATION\" \/>\n<meta property=\"article:modified_time\" content=\"2025-09-09T15:48:47+00:00\" \/>\n<meta property=\"og:image\" content=\"https:\/\/www.redureau-conseil.com\/fr\/wp-content\/uploads\/2023\/01\/LOGO-QUALIOPI-INFO-OF.gif\" \/>\n\t<meta property=\"og:image:width\" content=\"440\" \/>\n\t<meta property=\"og:image:height\" content=\"316\" \/>\n\t<meta property=\"og:image:type\" content=\"image\/gif\" \/>\n<meta name=\"twitter:label1\" content=\"Dur\u00e9e de lecture estim\u00e9e\" \/>\n\t<meta name=\"twitter:data1\" content=\"3 minutes\" \/>\n<script type=\"application\/ld+json\" class=\"yoast-schema-graph\">{\"@context\":\"https:\\\/\\\/schema.org\",\"@graph\":[{\"@type\":\"WebPage\",\"@id\":\"https:\\\/\\\/www.redureau-conseil.com\\\/fr\\\/accueil-5\\\/\",\"url\":\"https:\\\/\\\/www.redureau-conseil.com\\\/fr\\\/accueil-5\\\/\",\"name\":\"Redureau Conseil Formation\",\"isPartOf\":{\"@id\":\"https:\\\/\\\/www.redureau-conseil.com\\\/fr\\\/#website\"},\"primaryImageOfPage\":{\"@id\":\"https:\\\/\\\/www.redureau-conseil.com\\\/fr\\\/accueil-5\\\/#primaryimage\"},\"image\":{\"@id\":\"https:\\\/\\\/www.redureau-conseil.com\\\/fr\\\/accueil-5\\\/#primaryimage\"},\"thumbnailUrl\":\"https:\\\/\\\/www.redureau-conseil.com\\\/fr\\\/wp-content\\\/uploads\\\/2023\\\/01\\\/LOGO-QUALIOPI-INFO-OF-300x215.gif\",\"datePublished\":\"2013-10-27T15:35:32+00:00\",\"dateModified\":\"2025-09-09T15:48:47+00:00\",\"description\":\"Une formation professionnelle \u00e0 dimension humaine au plus proche des besoins de l\u2019entreprise, nous mettons en place des programmes sp\u00e9cifiques.\",\"breadcrumb\":{\"@id\":\"https:\\\/\\\/www.redureau-conseil.com\\\/fr\\\/accueil-5\\\/#breadcrumb\"},\"inLanguage\":\"fr-FR\",\"potentialAction\":[{\"@type\":\"ReadAction\",\"target\":[\"https:\\\/\\\/www.redureau-conseil.com\\\/fr\\\/accueil-5\\\/\"]}]},{\"@type\":\"ImageObject\",\"inLanguage\":\"fr-FR\",\"@id\":\"https:\\\/\\\/www.redureau-conseil.com\\\/fr\\\/accueil-5\\\/#primaryimage\",\"url\":\"https:\\\/\\\/www.redureau-conseil.com\\\/fr\\\/wp-content\\\/uploads\\\/2023\\\/01\\\/LOGO-QUALIOPI-INFO-OF.gif\",\"contentUrl\":\"https:\\\/\\\/www.redureau-conseil.com\\\/fr\\\/wp-content\\\/uploads\\\/2023\\\/01\\\/LOGO-QUALIOPI-INFO-OF.gif\",\"width\":440,\"height\":316},{\"@type\":\"BreadcrumbList\",\"@id\":\"https:\\\/\\\/www.redureau-conseil.com\\\/fr\\\/accueil-5\\\/#breadcrumb\",\"itemListElement\":[{\"@type\":\"ListItem\",\"position\":1,\"name\":\"Home\",\"item\":\"https:\\\/\\\/www.redureau-conseil.com\\\/fr\\\/\"},{\"@type\":\"ListItem\",\"position\":2,\"name\":\"Accueil Formation Professionnelle\"}]},{\"@type\":\"WebSite\",\"@id\":\"https:\\\/\\\/www.redureau-conseil.com\\\/fr\\\/#website\",\"url\":\"https:\\\/\\\/www.redureau-conseil.com\\\/fr\\\/\",\"name\":\"REDUREAU CONSEIL FORMATION\",\"description\":\"Une Formation \u00e0 dimension Humaine\",\"publisher\":{\"@id\":\"https:\\\/\\\/www.redureau-conseil.com\\\/fr\\\/#organization\"},\"potentialAction\":[{\"@type\":\"SearchAction\",\"target\":{\"@type\":\"EntryPoint\",\"urlTemplate\":\"https:\\\/\\\/www.redureau-conseil.com\\\/fr\\\/?s={search_term_string}\"},\"query-input\":{\"@type\":\"PropertyValueSpecification\",\"valueRequired\":true,\"valueName\":\"search_term_string\"}}],\"inLanguage\":\"fr-FR\"},{\"@type\":\"Organization\",\"@id\":\"https:\\\/\\\/www.redureau-conseil.com\\\/fr\\\/#organization\",\"name\":\"REDUREAU CONSEIL FORMATION\",\"url\":\"https:\\\/\\\/www.redureau-conseil.com\\\/fr\\\/\",\"logo\":{\"@type\":\"ImageObject\",\"inLanguage\":\"fr-FR\",\"@id\":\"https:\\\/\\\/www.redureau-conseil.com\\\/fr\\\/#\\\/schema\\\/logo\\\/image\\\/\",\"url\":\"https:\\\/\\\/www.redureau-conseil.com\\\/fr\\\/wp-content\\\/uploads\\\/2013\\\/10\\\/puce2.png\",\"contentUrl\":\"https:\\\/\\\/www.redureau-conseil.com\\\/fr\\\/wp-content\\\/uploads\\\/2013\\\/10\\\/puce2.png\",\"width\":50,\"height\":27,\"caption\":\"REDUREAU CONSEIL FORMATION\"},\"image\":{\"@id\":\"https:\\\/\\\/www.redureau-conseil.com\\\/fr\\\/#\\\/schema\\\/logo\\\/image\\\/\"}}]}<\/script>\n<!-- \/ Yoast SEO plugin. -->","yoast_head_json":{"title":"Redureau Conseil Formation","description":"Une formation professionnelle \u00e0 dimension humaine au plus proche des besoins de l\u2019entreprise, nous mettons en place des programmes sp\u00e9cifiques.","robots":{"index":"index","follow":"follow","max-snippet":"max-snippet:-1","max-image-preview":"max-image-preview:large","max-video-preview":"max-video-preview:-1"},"canonical":"https:\/\/www.redureau-conseil.com\/fr\/accueil-5\/","og_locale":"fr_FR","og_type":"article","og_title":"Redureau Conseil Formation","og_description":"Une formation professionnelle \u00e0 dimension humaine au plus proche des besoins de l\u2019entreprise, nous mettons en place des programmes sp\u00e9cifiques.","og_url":"https:\/\/www.redureau-conseil.com\/fr\/accueil-5\/","og_site_name":"REDUREAU CONSEIL FORMATION","article_modified_time":"2025-09-09T15:48:47+00:00","og_image":[{"width":440,"height":316,"url":"https:\/\/www.redureau-conseil.com\/fr\/wp-content\/uploads\/2023\/01\/LOGO-QUALIOPI-INFO-OF.gif","type":"image\/gif"}],"twitter_misc":{"Dur\u00e9e de lecture estim\u00e9e":"3 minutes"},"schema":{"@context":"https:\/\/schema.org","@graph":[{"@type":"WebPage","@id":"https:\/\/www.redureau-conseil.com\/fr\/accueil-5\/","url":"https:\/\/www.redureau-conseil.com\/fr\/accueil-5\/","name":"Redureau Conseil Formation","isPartOf":{"@id":"https:\/\/www.redureau-conseil.com\/fr\/#website"},"primaryImageOfPage":{"@id":"https:\/\/www.redureau-conseil.com\/fr\/accueil-5\/#primaryimage"},"image":{"@id":"https:\/\/www.redureau-conseil.com\/fr\/accueil-5\/#primaryimage"},"thumbnailUrl":"https:\/\/www.redureau-conseil.com\/fr\/wp-content\/uploads\/2023\/01\/LOGO-QUALIOPI-INFO-OF-300x215.gif","datePublished":"2013-10-27T15:35:32+00:00","dateModified":"2025-09-09T15:48:47+00:00","description":"Une formation professionnelle \u00e0 dimension humaine au plus proche des besoins de l\u2019entreprise, nous mettons en place des programmes sp\u00e9cifiques.","breadcrumb":{"@id":"https:\/\/www.redureau-conseil.com\/fr\/accueil-5\/#breadcrumb"},"inLanguage":"fr-FR","potentialAction":[{"@type":"ReadAction","target":["https:\/\/www.redureau-conseil.com\/fr\/accueil-5\/"]}]},{"@type":"ImageObject","inLanguage":"fr-FR","@id":"https:\/\/www.redureau-conseil.com\/fr\/accueil-5\/#primaryimage","url":"https:\/\/www.redureau-conseil.com\/fr\/wp-content\/uploads\/2023\/01\/LOGO-QUALIOPI-INFO-OF.gif","contentUrl":"https:\/\/www.redureau-conseil.com\/fr\/wp-content\/uploads\/2023\/01\/LOGO-QUALIOPI-INFO-OF.gif","width":440,"height":316},{"@type":"BreadcrumbList","@id":"https:\/\/www.redureau-conseil.com\/fr\/accueil-5\/#breadcrumb","itemListElement":[{"@type":"ListItem","position":1,"name":"Home","item":"https:\/\/www.redureau-conseil.com\/fr\/"},{"@type":"ListItem","position":2,"name":"Accueil Formation Professionnelle"}]},{"@type":"WebSite","@id":"https:\/\/www.redureau-conseil.com\/fr\/#website","url":"https:\/\/www.redureau-conseil.com\/fr\/","name":"REDUREAU CONSEIL FORMATION","description":"Une Formation \u00e0 dimension Humaine","publisher":{"@id":"https:\/\/www.redureau-conseil.com\/fr\/#organization"},"potentialAction":[{"@type":"SearchAction","target":{"@type":"EntryPoint","urlTemplate":"https:\/\/www.redureau-conseil.com\/fr\/?s={search_term_string}"},"query-input":{"@type":"PropertyValueSpecification","valueRequired":true,"valueName":"search_term_string"}}],"inLanguage":"fr-FR"},{"@type":"Organization","@id":"https:\/\/www.redureau-conseil.com\/fr\/#organization","name":"REDUREAU CONSEIL FORMATION","url":"https:\/\/www.redureau-conseil.com\/fr\/","logo":{"@type":"ImageObject","inLanguage":"fr-FR","@id":"https:\/\/www.redureau-conseil.com\/fr\/#\/schema\/logo\/image\/","url":"https:\/\/www.redureau-conseil.com\/fr\/wp-content\/uploads\/2013\/10\/puce2.png","contentUrl":"https:\/\/www.redureau-conseil.com\/fr\/wp-content\/uploads\/2013\/10\/puce2.png","width":50,"height":27,"caption":"REDUREAU CONSEIL FORMATION"},"image":{"@id":"https:\/\/www.redureau-conseil.com\/fr\/#\/schema\/logo\/image\/"}}]}},"_links":{"self":[{"href":"https:\/\/www.redureau-conseil.com\/fr\/wp-json\/wp\/v2\/pages\/120","targetHints":{"allow":["GET"]}}],"collection":[{"href":"https:\/\/www.redureau-conseil.com\/fr\/wp-json\/wp\/v2\/pages"}],"about":[{"href":"https:\/\/www.redureau-conseil.com\/fr\/wp-json\/wp\/v2\/types\/page"}],"author":[{"embeddable":true,"href":"https:\/\/www.redureau-conseil.com\/fr\/wp-json\/wp\/v2\/users\/1"}],"replies":[{"embeddable":true,"href":"https:\/\/www.redureau-conseil.com\/fr\/wp-json\/wp\/v2\/comments?post=120"}],"version-history":[{"count":161,"href":"https:\/\/www.redureau-conseil.com\/fr\/wp-json\/wp\/v2\/pages\/120\/revisions"}],"predecessor-version":[{"id":2183,"href":"https:\/\/www.redureau-conseil.com\/fr\/wp-json\/wp\/v2\/pages\/120\/revisions\/2183"}],"wp:attachment":[{"href":"https:\/\/www.redureau-conseil.com\/fr\/wp-json\/wp\/v2\/media?parent=120"}],"curies":[{"name":"wp","href":"https:\/\/api.w.org\/{rel}","templated":true}]}}