{"id":1128,"date":"2020-11-17T18:38:33","date_gmt":"2020-11-17T17:38:33","guid":{"rendered":"http:\/\/www.redureau-conseil.com\/fr\/?page_id=1128"},"modified":"2025-09-10T14:13:57","modified_gmt":"2025-09-10T12:13:57","slug":"nos-resultats","status":"publish","type":"page","link":"https:\/\/www.redureau-conseil.com\/fr\/nos-resultats\/","title":{"rendered":"Nos r\u00e9sultats"},"content":{"rendered":"\n<p style=\"text-align: left;\"><span style=\"color: #000080;\">NIVEAU DE PERFORMANCE ET D&rsquo;ACCOMPLISSEMENT DE LA FORMATION<\/span><\/p>\n<div class=\"et_pb_with_border et_pb_module et_pb_text et_pb_text_6  et_pb_text_align_center et_pb_bg_layout_light\">\n<div class=\"et_pb_text_inner\">\n<h2>Pourquoi nous\u00a0choisir ?<\/h2>\n<\/div>\n<\/div>\n<div class=\"et_pb_with_border et_pb_module et_pb_text et_pb_text_7  et_pb_text_align_center et_pb_bg_layout_light\">\n<div class=\"et_pb_text_inner\">\n<h5><span style=\"color: #000000;\">Votre satisfaction est au c\u0153ur de nos priorit\u00e9s. Une enqu\u00eate r\u00e9alis\u00e9e aupr\u00e8s de stagiaires indique que <strong>95%<\/strong>\u00a0de nos apprenants sont<strong>\u00a0satisfaits<\/strong>\u00a0de notre\u00a0<strong>organisme<\/strong>\u00a0de formation et\u00a0<strong>95%<\/strong>\u00a0des\u00a0<strong>supports de cours<\/strong>.<\/span><\/h5>\n<\/div>\n<\/div>\n<p>09\/09\/2025<\/p>\n<p style=\"text-align: center;\" data-tadv-p=\"keep\"><a href=\"https:\/\/www.redureau-conseil.com\/fr\/wp-content\/uploads\/2020\/11\/RESULTATS-PAR-THEME.jpg\"><img loading=\"lazy\" decoding=\"async\" class=\"alignleft wp-image-1130\" src=\"https:\/\/www.redureau-conseil.com\/fr\/wp-content\/uploads\/2020\/11\/RESULTATS-PAR-THEME.jpg\" alt=\"\" width=\"536\" height=\"286\" srcset=\"https:\/\/www.redureau-conseil.com\/fr\/wp-content\/uploads\/2020\/11\/RESULTATS-PAR-THEME.jpg 502w, https:\/\/www.redureau-conseil.com\/fr\/wp-content\/uploads\/2020\/11\/RESULTATS-PAR-THEME-300x160.jpg 300w\" sizes=\"auto, (max-width: 536px) 100vw, 536px\" \/><\/a><\/p>\n<table style=\"height: 528px; width: 81.1213%; border-style: solid; border-color: #0e0af2;\" width=\"81.1213%\">\n<tbody>\n<tr style=\"height: 24px;\">\n<td style=\"height: 24px; width: 78.4195%; text-align: left;\"><span style=\"vertical-align: inherit; color: #000000;\"><span style=\"vertical-align: inherit;\">R\u00c9SULTATS D\u00c9TAILL\u00c9S 2024<\/span><\/span><\/td>\n<td style=\"height: 24px; width: 23.8601%; text-align: center;\"><span style=\"color: #000000;\">NOTE SUR 10<\/span><\/td>\n<\/tr>\n<tr style=\"height: 24px;\">\n<td style=\"height: 24px; width: 78.4195%;\">\u00a0<\/td>\n<td style=\"height: 24px; width: 23.8601%; text-align: center;\">\u00a0<\/td>\n<\/tr>\n<tr style=\"height: 24px;\">\n<td style=\"height: 24px; width: 78.4195%;\"><span style=\"color: #000000;\">Appr\u00e9ciation d&rsquo;ensemble<\/span><\/td>\n<td style=\"height: 24px; width: 23.8601%; text-align: center;\"><span style=\"color: #000000;\">9,12<\/span><\/td>\n<\/tr>\n<tr style=\"height: 24px;\">\n<td style=\"height: 24px; width: 78.4195%;\"><span style=\"color: #000000;\">Le sujet trait\u00e9 correspond-il \u00e0 vos besoins<\/span><\/td>\n<td style=\"height: 24px; width: 23.8601%; text-align: center;\"><span style=\"color: #000000;\">8,86<\/span><\/td>\n<\/tr>\n<tr style=\"height: 24px;\">\n<td style=\"height: 24px; width: 78.4195%;\"><span style=\"color: #000000;\">Rythme de progression<\/span><\/td>\n<td style=\"height: 24px; width: 23.8601%; text-align: center;\"><span style=\"color: #000000;\">8,80<\/span><\/td>\n<\/tr>\n<tr style=\"height: 24px;\">\n<td style=\"height: 24px; width: 78.4195%;\"><span style=\"color: #000000;\">Organisation (inscription, convocation, information)<\/span><\/td>\n<td style=\"height: 24px; width: 23.8601%; text-align: center;\"><span style=\"color: #000000;\">9,18<\/span><\/td>\n<\/tr>\n<tr style=\"height: 24px;\">\n<td style=\"height: 24px; width: 78.4195%;\"><span style=\"color: #000000;\">Accueil et encadrement\u00a0<\/span><\/td>\n<td style=\"height: 24px; width: 23.8601%; text-align: center;\"><span style=\"color: #000000;\">9,71<\/span><\/td>\n<\/tr>\n<tr style=\"height: 24px;\">\n<td style=\"height: 24px; width: 78.4195%;\"><span style=\"color: #000000;\">Locaux<\/span><\/td>\n<td style=\"height: 24px; width: 23.8601%; text-align: center;\"><span style=\"color: #000000;\">7,20<\/span><\/td>\n<\/tr>\n<tr style=\"height: 24px;\">\n<td style=\"height: 24px; width: 78.4195%;\"><span style=\"color: #000000;\">Mat\u00e9riel<\/span><\/td>\n<td style=\"height: 24px; width: 23.8601%; text-align: center;\"><span style=\"color: #000000;\">8,27<\/span><\/td>\n<\/tr>\n<tr style=\"height: 24px;\">\n<td style=\"height: 24px; width: 78.4195%;\"><span style=\"color: #000000;\">Qualit\u00e9 du support de cours\u00a0<\/span><\/td>\n<td style=\"height: 24px; width: 23.8601%; text-align: center;\"><span style=\"color: #000000;\">8,62<\/span><\/td>\n<\/tr>\n<tr style=\"height: 24px;\">\n<td style=\"height: 24px; width: 78.4195%;\"><span style=\"color: #000000;\">Echanges formateur-stagiaires<\/span><\/td>\n<td style=\"height: 24px; width: 23.8601%; text-align: center;\"><span style=\"color: #000000;\">9,22<\/span><\/td>\n<\/tr>\n<tr style=\"height: 24px;\">\n<td style=\"height: 24px; width: 78.4195%;\"><span style=\"color: #000000;\">Appr\u00e9ciation d&rsquo;ensemble (formateur)<\/span><\/td>\n<td style=\"height: 24px; width: 23.8601%; text-align: center;\"><span style=\"vertical-align: inherit; color: #000000;\"><span style=\"vertical-align: inherit;\">9,18<\/span><\/span><\/td>\n<\/tr>\n<tr style=\"height: 24px;\">\n<td style=\"height: 24px; width: 78.4195%;\"><span style=\"color: #000000;\">Clart\u00e9 des explications<\/span><\/td>\n<td style=\"height: 24px; width: 23.8601%; text-align: center;\"><span style=\"color: #000000;\">9,39<\/span><\/td>\n<\/tr>\n<tr style=\"height: 24px;\">\n<td style=\"height: 24px; width: 78.4195%;\"><span style=\"color: #000000;\">Disponibilit\u00e9<\/span><\/td>\n<td style=\"height: 24px; width: 23.8601%; text-align: center;\"><span style=\"color: #000000;\">9,90<\/span><\/td>\n<\/tr>\n<tr style=\"height: 24px;\">\n<td style=\"height: 24px; width: 78.4195%;\"><span style=\"color: #000000;\">Maitrise du sujet<\/span><\/td>\n<td style=\"height: 24px; width: 23.8601%; text-align: center;\"><span style=\"color: #000000;\">8,88<\/span><\/td>\n<\/tr>\n<tr style=\"height: 24px;\">\n<td style=\"height: 24px; width: 78.4195%;\"><span style=\"color: #000000;\">taux de retour des enqu\u00eates<\/span><\/td>\n<td style=\"height: 24px; width: 23.8601%; text-align: center;\"><span style=\"color: #000000;\">95%<\/span><\/td>\n<\/tr>\n<tr style=\"height: 24px;\">\n<td style=\"height: 24px; width: 78.4195%;\">\u00a0<\/td>\n<td style=\"height: 24px; width: 23.8601%; text-align: center;\">\u00a0<\/td>\n<\/tr>\n<tr style=\"height: 24px;\">\n<td style=\"height: 24px; width: 78.4195%;\"><span style=\"color: #000000;\">nombre de stagiaires<\/span><\/td>\n<td style=\"height: 24px; width: 23.8601%; text-align: center;\"><span style=\"color: #000000;\">173<\/span><\/td>\n<\/tr>\n<tr style=\"height: 24px;\">\n<td style=\"height: 24px; width: 78.4195%;\"><span style=\"color: #000000;\">nombre d&rsquo;heures dispens\u00e9es<\/span><\/td>\n<td style=\"height: 24px; width: 23.8601%; text-align: center;\"><span style=\"color: #000000;\">1395<\/span><\/td>\n<\/tr>\n<tr style=\"height: 24px;\">\n<td style=\"height: 24px; width: 78.4195%;\"><span style=\"vertical-align: inherit; color: #000000;\"><span style=\"vertical-align: inherit;\">taux d&rsquo;abandon<\/span><\/span><\/td>\n<td style=\"height: 24px; width: 23.8601%; text-align: center;\"><span style=\"vertical-align: inherit; color: #000000;\"><span style=\"vertical-align: inherit;\">1,10%<\/span><\/span><\/td>\n<\/tr>\n<tr style=\"height: 24px;\">\n<td style=\"height: 24px; width: 78.4195%;\">\u00a0<\/td>\n<td style=\"height: 24px; width: 23.8601%; text-align: center;\">\u00a0<\/td>\n<\/tr>\n<tr style=\"height: 24px;\">\n<td style=\"height: 24px; width: 78.4195%;\">\u00a0<\/td>\n<td style=\"height: 24px; width: 23.8601%; text-align: center;\">\u00a0<\/td>\n<\/tr>\n<\/tbody>\n<\/table>\n<p><span style=\"vertical-align: inherit; color: #000000;\"><span style=\"vertical-align: inherit;\">(base 2 derniers trimestres 2025)<\/span><\/span><\/p>\n<h3><img loading=\"lazy\" decoding=\"async\" class=\"alignnone  wp-image-1316\" src=\"https:\/\/www.redureau-conseil.com\/fr\/wp-content\/uploads\/2022\/01\/EVALUATION-DES-STAGAIRES-300x239.jpg\" alt=\"\" width=\"392\" height=\"312\" srcset=\"https:\/\/www.redureau-conseil.com\/fr\/wp-content\/uploads\/2022\/01\/EVALUATION-DES-STAGAIRES-300x239.jpg 300w, https:\/\/www.redureau-conseil.com\/fr\/wp-content\/uploads\/2022\/01\/EVALUATION-DES-STAGAIRES.jpg 641w\" sizes=\"auto, (max-width: 392px) 100vw, 392px\" \/><a href=\"https:\/\/www.redureau-conseil.com\/fr\/\"><span style=\"vertical-align: inherit;\"><span style=\"vertical-align: inherit;\"> ACCUEIL<\/span><\/span><\/a><\/h3>\n<p>09\/09\/2025<\/p>\n<p>\u00a0<\/p>\n<p>\u00a0<\/p>\n<p>\u00a0<\/p>\n<p>\u00a0<\/p>\n<p>\u00a0 \u00a0 \u00a0 \u00a0 \u00a0 \u00a0 \u00a0 \u00a0 \u00a0 \u00a0 \u00a0 \u00a0 \u00a0\u00a0<\/p>\n","protected":false},"excerpt":{"rendered":"<p>NIVEAU DE PERFORMANCE ET D&rsquo;ACCOMPLISSEMENT DE LA FORMATION Pourquoi nous\u00a0choisir ? Votre satisfaction est au c\u0153ur de nos priorit\u00e9s. Une enqu\u00eate r\u00e9alis\u00e9e aupr\u00e8s de stagiaires indique que 95%\u00a0de nos apprenants sont\u00a0satisfaits\u00a0de notre\u00a0organisme\u00a0de formation et\u00a095%\u00a0des\u00a0supports de cours. 09\/09\/2025 R\u00c9SULTATS D\u00c9TAILL\u00c9S 2024 NOTE SUR 10 \u00a0 \u00a0 Appr\u00e9ciation d&rsquo;ensemble 9,12 Le sujet trait\u00e9 correspond-il \u00e0 vos besoins&#8230;<\/p>\n","protected":false},"author":2,"featured_media":0,"parent":0,"menu_order":0,"comment_status":"closed","ping_status":"closed","template":"","meta":{"footnotes":""},"class_list":["post-1128","page","type-page","status-publish","hentry"],"yoast_head":"<!-- This site is optimized with the Yoast SEO plugin v27.6 - https:\/\/yoast.com\/product\/yoast-seo-wordpress\/ -->\n<title>Nos r\u00e9sultats - REDUREAU CONSEIL FORMATION<\/title>\n<meta name=\"robots\" content=\"index, follow, max-snippet:-1, max-image-preview:large, max-video-preview:-1\" \/>\n<link rel=\"canonical\" href=\"https:\/\/www.redureau-conseil.com\/fr\/nos-resultats\/\" \/>\n<meta property=\"og:locale\" content=\"fr_FR\" \/>\n<meta property=\"og:type\" content=\"article\" \/>\n<meta property=\"og:title\" content=\"Nos r\u00e9sultats - REDUREAU CONSEIL FORMATION\" \/>\n<meta property=\"og:description\" content=\"NIVEAU DE PERFORMANCE ET D&rsquo;ACCOMPLISSEMENT DE LA FORMATION Pourquoi nous\u00a0choisir ? Votre satisfaction est au c\u0153ur de nos priorit\u00e9s. Une enqu\u00eate r\u00e9alis\u00e9e aupr\u00e8s de stagiaires indique que 95%\u00a0de nos apprenants sont\u00a0satisfaits\u00a0de notre\u00a0organisme\u00a0de formation et\u00a095%\u00a0des\u00a0supports de cours. 09\/09\/2025 R\u00c9SULTATS D\u00c9TAILL\u00c9S 2024 NOTE SUR 10 \u00a0 \u00a0 Appr\u00e9ciation d&rsquo;ensemble 9,12 Le sujet trait\u00e9 correspond-il \u00e0 vos besoins...\" \/>\n<meta property=\"og:url\" content=\"https:\/\/www.redureau-conseil.com\/fr\/nos-resultats\/\" \/>\n<meta property=\"og:site_name\" content=\"REDUREAU CONSEIL FORMATION\" \/>\n<meta property=\"article:modified_time\" content=\"2025-09-10T12:13:57+00:00\" \/>\n<meta property=\"og:image\" content=\"http:\/\/www.redureau-conseil.com\/fr\/wp-content\/uploads\/2020\/11\/RESULTATS-PAR-THEME.jpg\" \/>\n<meta name=\"twitter:label1\" content=\"Dur\u00e9e de lecture estim\u00e9e\" \/>\n\t<meta name=\"twitter:data1\" content=\"2 minutes\" \/>\n<script type=\"application\/ld+json\" class=\"yoast-schema-graph\">{\"@context\":\"https:\\\/\\\/schema.org\",\"@graph\":[{\"@type\":\"WebPage\",\"@id\":\"https:\\\/\\\/www.redureau-conseil.com\\\/fr\\\/nos-resultats\\\/\",\"url\":\"https:\\\/\\\/www.redureau-conseil.com\\\/fr\\\/nos-resultats\\\/\",\"name\":\"Nos r\u00e9sultats - REDUREAU CONSEIL FORMATION\",\"isPartOf\":{\"@id\":\"https:\\\/\\\/www.redureau-conseil.com\\\/fr\\\/#website\"},\"primaryImageOfPage\":{\"@id\":\"https:\\\/\\\/www.redureau-conseil.com\\\/fr\\\/nos-resultats\\\/#primaryimage\"},\"image\":{\"@id\":\"https:\\\/\\\/www.redureau-conseil.com\\\/fr\\\/nos-resultats\\\/#primaryimage\"},\"thumbnailUrl\":\"http:\\\/\\\/www.redureau-conseil.com\\\/fr\\\/wp-content\\\/uploads\\\/2020\\\/11\\\/RESULTATS-PAR-THEME.jpg\",\"datePublished\":\"2020-11-17T17:38:33+00:00\",\"dateModified\":\"2025-09-10T12:13:57+00:00\",\"breadcrumb\":{\"@id\":\"https:\\\/\\\/www.redureau-conseil.com\\\/fr\\\/nos-resultats\\\/#breadcrumb\"},\"inLanguage\":\"fr-FR\",\"potentialAction\":[{\"@type\":\"ReadAction\",\"target\":[\"https:\\\/\\\/www.redureau-conseil.com\\\/fr\\\/nos-resultats\\\/\"]}]},{\"@type\":\"ImageObject\",\"inLanguage\":\"fr-FR\",\"@id\":\"https:\\\/\\\/www.redureau-conseil.com\\\/fr\\\/nos-resultats\\\/#primaryimage\",\"url\":\"http:\\\/\\\/www.redureau-conseil.com\\\/fr\\\/wp-content\\\/uploads\\\/2020\\\/11\\\/RESULTATS-PAR-THEME.jpg\",\"contentUrl\":\"http:\\\/\\\/www.redureau-conseil.com\\\/fr\\\/wp-content\\\/uploads\\\/2020\\\/11\\\/RESULTATS-PAR-THEME.jpg\"},{\"@type\":\"BreadcrumbList\",\"@id\":\"https:\\\/\\\/www.redureau-conseil.com\\\/fr\\\/nos-resultats\\\/#breadcrumb\",\"itemListElement\":[{\"@type\":\"ListItem\",\"position\":1,\"name\":\"Home\",\"item\":\"https:\\\/\\\/www.redureau-conseil.com\\\/fr\\\/\"},{\"@type\":\"ListItem\",\"position\":2,\"name\":\"Nos r\u00e9sultats\"}]},{\"@type\":\"WebSite\",\"@id\":\"https:\\\/\\\/www.redureau-conseil.com\\\/fr\\\/#website\",\"url\":\"https:\\\/\\\/www.redureau-conseil.com\\\/fr\\\/\",\"name\":\"REDUREAU CONSEIL FORMATION\",\"description\":\"Une Formation \u00e0 dimension Humaine\",\"publisher\":{\"@id\":\"https:\\\/\\\/www.redureau-conseil.com\\\/fr\\\/#organization\"},\"potentialAction\":[{\"@type\":\"SearchAction\",\"target\":{\"@type\":\"EntryPoint\",\"urlTemplate\":\"https:\\\/\\\/www.redureau-conseil.com\\\/fr\\\/?s={search_term_string}\"},\"query-input\":{\"@type\":\"PropertyValueSpecification\",\"valueRequired\":true,\"valueName\":\"search_term_string\"}}],\"inLanguage\":\"fr-FR\"},{\"@type\":\"Organization\",\"@id\":\"https:\\\/\\\/www.redureau-conseil.com\\\/fr\\\/#organization\",\"name\":\"REDUREAU CONSEIL FORMATION\",\"url\":\"https:\\\/\\\/www.redureau-conseil.com\\\/fr\\\/\",\"logo\":{\"@type\":\"ImageObject\",\"inLanguage\":\"fr-FR\",\"@id\":\"https:\\\/\\\/www.redureau-conseil.com\\\/fr\\\/#\\\/schema\\\/logo\\\/image\\\/\",\"url\":\"https:\\\/\\\/www.redureau-conseil.com\\\/fr\\\/wp-content\\\/uploads\\\/2013\\\/10\\\/puce2.png\",\"contentUrl\":\"https:\\\/\\\/www.redureau-conseil.com\\\/fr\\\/wp-content\\\/uploads\\\/2013\\\/10\\\/puce2.png\",\"width\":50,\"height\":27,\"caption\":\"REDUREAU CONSEIL FORMATION\"},\"image\":{\"@id\":\"https:\\\/\\\/www.redureau-conseil.com\\\/fr\\\/#\\\/schema\\\/logo\\\/image\\\/\"}}]}<\/script>\n<!-- \/ Yoast SEO plugin. -->","yoast_head_json":{"title":"Nos r\u00e9sultats - REDUREAU CONSEIL FORMATION","robots":{"index":"index","follow":"follow","max-snippet":"max-snippet:-1","max-image-preview":"max-image-preview:large","max-video-preview":"max-video-preview:-1"},"canonical":"https:\/\/www.redureau-conseil.com\/fr\/nos-resultats\/","og_locale":"fr_FR","og_type":"article","og_title":"Nos r\u00e9sultats - REDUREAU CONSEIL FORMATION","og_description":"NIVEAU DE PERFORMANCE ET D&rsquo;ACCOMPLISSEMENT DE LA FORMATION Pourquoi nous\u00a0choisir ? Votre satisfaction est au c\u0153ur de nos priorit\u00e9s. Une enqu\u00eate r\u00e9alis\u00e9e aupr\u00e8s de stagiaires indique que 95%\u00a0de nos apprenants sont\u00a0satisfaits\u00a0de notre\u00a0organisme\u00a0de formation et\u00a095%\u00a0des\u00a0supports de cours. 09\/09\/2025 R\u00c9SULTATS D\u00c9TAILL\u00c9S 2024 NOTE SUR 10 \u00a0 \u00a0 Appr\u00e9ciation d&rsquo;ensemble 9,12 Le sujet trait\u00e9 correspond-il \u00e0 vos besoins...","og_url":"https:\/\/www.redureau-conseil.com\/fr\/nos-resultats\/","og_site_name":"REDUREAU CONSEIL FORMATION","article_modified_time":"2025-09-10T12:13:57+00:00","og_image":[{"url":"http:\/\/www.redureau-conseil.com\/fr\/wp-content\/uploads\/2020\/11\/RESULTATS-PAR-THEME.jpg","type":"","width":"","height":""}],"twitter_misc":{"Dur\u00e9e de lecture estim\u00e9e":"2 minutes"},"schema":{"@context":"https:\/\/schema.org","@graph":[{"@type":"WebPage","@id":"https:\/\/www.redureau-conseil.com\/fr\/nos-resultats\/","url":"https:\/\/www.redureau-conseil.com\/fr\/nos-resultats\/","name":"Nos r\u00e9sultats - REDUREAU CONSEIL FORMATION","isPartOf":{"@id":"https:\/\/www.redureau-conseil.com\/fr\/#website"},"primaryImageOfPage":{"@id":"https:\/\/www.redureau-conseil.com\/fr\/nos-resultats\/#primaryimage"},"image":{"@id":"https:\/\/www.redureau-conseil.com\/fr\/nos-resultats\/#primaryimage"},"thumbnailUrl":"http:\/\/www.redureau-conseil.com\/fr\/wp-content\/uploads\/2020\/11\/RESULTATS-PAR-THEME.jpg","datePublished":"2020-11-17T17:38:33+00:00","dateModified":"2025-09-10T12:13:57+00:00","breadcrumb":{"@id":"https:\/\/www.redureau-conseil.com\/fr\/nos-resultats\/#breadcrumb"},"inLanguage":"fr-FR","potentialAction":[{"@type":"ReadAction","target":["https:\/\/www.redureau-conseil.com\/fr\/nos-resultats\/"]}]},{"@type":"ImageObject","inLanguage":"fr-FR","@id":"https:\/\/www.redureau-conseil.com\/fr\/nos-resultats\/#primaryimage","url":"http:\/\/www.redureau-conseil.com\/fr\/wp-content\/uploads\/2020\/11\/RESULTATS-PAR-THEME.jpg","contentUrl":"http:\/\/www.redureau-conseil.com\/fr\/wp-content\/uploads\/2020\/11\/RESULTATS-PAR-THEME.jpg"},{"@type":"BreadcrumbList","@id":"https:\/\/www.redureau-conseil.com\/fr\/nos-resultats\/#breadcrumb","itemListElement":[{"@type":"ListItem","position":1,"name":"Home","item":"https:\/\/www.redureau-conseil.com\/fr\/"},{"@type":"ListItem","position":2,"name":"Nos r\u00e9sultats"}]},{"@type":"WebSite","@id":"https:\/\/www.redureau-conseil.com\/fr\/#website","url":"https:\/\/www.redureau-conseil.com\/fr\/","name":"REDUREAU CONSEIL FORMATION","description":"Une Formation \u00e0 dimension Humaine","publisher":{"@id":"https:\/\/www.redureau-conseil.com\/fr\/#organization"},"potentialAction":[{"@type":"SearchAction","target":{"@type":"EntryPoint","urlTemplate":"https:\/\/www.redureau-conseil.com\/fr\/?s={search_term_string}"},"query-input":{"@type":"PropertyValueSpecification","valueRequired":true,"valueName":"search_term_string"}}],"inLanguage":"fr-FR"},{"@type":"Organization","@id":"https:\/\/www.redureau-conseil.com\/fr\/#organization","name":"REDUREAU CONSEIL FORMATION","url":"https:\/\/www.redureau-conseil.com\/fr\/","logo":{"@type":"ImageObject","inLanguage":"fr-FR","@id":"https:\/\/www.redureau-conseil.com\/fr\/#\/schema\/logo\/image\/","url":"https:\/\/www.redureau-conseil.com\/fr\/wp-content\/uploads\/2013\/10\/puce2.png","contentUrl":"https:\/\/www.redureau-conseil.com\/fr\/wp-content\/uploads\/2013\/10\/puce2.png","width":50,"height":27,"caption":"REDUREAU CONSEIL FORMATION"},"image":{"@id":"https:\/\/www.redureau-conseil.com\/fr\/#\/schema\/logo\/image\/"}}]}},"_links":{"self":[{"href":"https:\/\/www.redureau-conseil.com\/fr\/wp-json\/wp\/v2\/pages\/1128","targetHints":{"allow":["GET"]}}],"collection":[{"href":"https:\/\/www.redureau-conseil.com\/fr\/wp-json\/wp\/v2\/pages"}],"about":[{"href":"https:\/\/www.redureau-conseil.com\/fr\/wp-json\/wp\/v2\/types\/page"}],"author":[{"embeddable":true,"href":"https:\/\/www.redureau-conseil.com\/fr\/wp-json\/wp\/v2\/users\/2"}],"replies":[{"embeddable":true,"href":"https:\/\/www.redureau-conseil.com\/fr\/wp-json\/wp\/v2\/comments?post=1128"}],"version-history":[{"count":46,"href":"https:\/\/www.redureau-conseil.com\/fr\/wp-json\/wp\/v2\/pages\/1128\/revisions"}],"predecessor-version":[{"id":2265,"href":"https:\/\/www.redureau-conseil.com\/fr\/wp-json\/wp\/v2\/pages\/1128\/revisions\/2265"}],"wp:attachment":[{"href":"https:\/\/www.redureau-conseil.com\/fr\/wp-json\/wp\/v2\/media?parent=1128"}],"curies":[{"name":"wp","href":"https:\/\/api.w.org\/{rel}","templated":true}]}}