{"id":1113,"date":"2020-11-13T14:39:33","date_gmt":"2020-11-13T13:39:33","guid":{"rendered":"http:\/\/www.redureau-conseil.com\/fr\/?page_id=1113"},"modified":"2025-09-10T14:14:42","modified_gmt":"2025-09-10T12:14:42","slug":"procedure-de-positionnement","status":"publish","type":"page","link":"https:\/\/www.redureau-conseil.com\/fr\/procedure-de-positionnement\/","title":{"rendered":"Proc\u00e9dure de positionnement"},"content":{"rendered":"\n<h5><span style=\"color: #000000;\">Avant de proc\u00e9der \u00e0 l\u2019inscription d\u00e9finitive d\u2019un stagiaire, RCF met en place une<strong> proc\u00e9dure de positionnement<\/strong><\/span><\/h5>\n<h5><span style=\"color: #000000;\">D\u2019une part, cette proc\u00e9dure vise \u00e0 v\u00e9rifier que les comp\u00e9tences et les savoirs du stagiaire correspondent aux pr\u00e9 requis exig\u00e9s pour suivre la formation envisag\u00e9e.<\/span><\/h5>\n<p>\u00a0<\/p>\n<h5><span style=\"color: #000000;\">D\u2019autre part, il s\u2019agit de v\u00e9rifier si, \u00e0 l\u2019issue de la formation, le stagiaire aura acquis tout ou partie des savoirs susceptibles de l\u2019aider \u00e0 r\u00e9aliser ses objectifs professionnels.<\/span><\/h5>\n<h5><span style=\"color: #000000;\">La proc\u00e9dure est bas\u00e9e sur :<\/span><\/h5>\n<h5><span style=\"color: #000000;\">\u00a0\u00a0\u00a0\u00a0\u00a0\u00a0\u00a0\u00a0\u00a0\u00a0\u00a0 Un entretien individuel, en pr\u00e9sentiel ou en ligne<\/span><\/h5>\n<h5><span style=\"color: #000000;\">\u00a0\u00a0\u00a0\u00a0\u00a0\u00a0\u00a0\u00a0\u00a0\u00a0\u00a0 La r\u00e9alisation de tests<\/span><\/h5>\n<p>\u00a0<\/p>\n<h5><span style=\"color: #000000;\">A l\u2019issue de la proc\u00e9dure, le candidat est d\u00e9finitivement inscrit \u00e0 l\u2019action de formation. Si les r\u00e9sultats ne sont pas satisfaisants, une autre formation est propos\u00e9e ou, le cas \u00e9ch\u00e9ant, le stagiaire est orient\u00e9 vers un autre organisme d\u00e9livrant des prestations mieux adapt\u00e9es \u00e0 ses besoins.<\/span><\/h5>\n<p>\u00a0<\/p>\n<h3><a href=\"https:\/\/www.redureau-conseil.com\/fr\/\">ACCUEIL<\/a><\/h3>\n\n\n","protected":false},"excerpt":{"rendered":"<p>Avant de proc\u00e9der \u00e0 l\u2019inscription d\u00e9finitive d\u2019un stagiaire, RCF met en place une proc\u00e9dure de positionnement D\u2019une part, cette proc\u00e9dure vise \u00e0 v\u00e9rifier que les comp\u00e9tences et les savoirs du stagiaire correspondent aux pr\u00e9 requis exig\u00e9s pour suivre la formation envisag\u00e9e. \u00a0 D\u2019autre part, il s\u2019agit de v\u00e9rifier si, \u00e0 l\u2019issue de la formation, le&#8230;<\/p>\n","protected":false},"author":2,"featured_media":0,"parent":0,"menu_order":0,"comment_status":"closed","ping_status":"closed","template":"","meta":{"footnotes":""},"class_list":["post-1113","page","type-page","status-publish","hentry"],"yoast_head":"<!-- This site is optimized with the Yoast SEO plugin v27.6 - https:\/\/yoast.com\/product\/yoast-seo-wordpress\/ -->\n<title>Proc\u00e9dure de positionnement - REDUREAU CONSEIL FORMATION<\/title>\n<meta name=\"robots\" content=\"index, follow, max-snippet:-1, max-image-preview:large, max-video-preview:-1\" \/>\n<link rel=\"canonical\" href=\"https:\/\/www.redureau-conseil.com\/fr\/procedure-de-positionnement\/\" \/>\n<meta property=\"og:locale\" content=\"fr_FR\" \/>\n<meta property=\"og:type\" content=\"article\" \/>\n<meta property=\"og:title\" content=\"Proc\u00e9dure de positionnement - REDUREAU CONSEIL FORMATION\" \/>\n<meta property=\"og:description\" content=\"Avant de proc\u00e9der \u00e0 l\u2019inscription d\u00e9finitive d\u2019un stagiaire, RCF met en place une proc\u00e9dure de positionnement D\u2019une part, cette proc\u00e9dure vise \u00e0 v\u00e9rifier que les comp\u00e9tences et les savoirs du stagiaire correspondent aux pr\u00e9 requis exig\u00e9s pour suivre la formation envisag\u00e9e. \u00a0 D\u2019autre part, il s\u2019agit de v\u00e9rifier si, \u00e0 l\u2019issue de la formation, le...\" \/>\n<meta property=\"og:url\" content=\"https:\/\/www.redureau-conseil.com\/fr\/procedure-de-positionnement\/\" \/>\n<meta property=\"og:site_name\" content=\"REDUREAU CONSEIL FORMATION\" \/>\n<meta property=\"article:modified_time\" content=\"2025-09-10T12:14:42+00:00\" \/>\n<meta name=\"twitter:label1\" content=\"Dur\u00e9e de lecture estim\u00e9e\" \/>\n\t<meta name=\"twitter:data1\" content=\"1 minute\" \/>\n<script type=\"application\/ld+json\" class=\"yoast-schema-graph\">{\"@context\":\"https:\\\/\\\/schema.org\",\"@graph\":[{\"@type\":\"WebPage\",\"@id\":\"https:\\\/\\\/www.redureau-conseil.com\\\/fr\\\/procedure-de-positionnement\\\/\",\"url\":\"https:\\\/\\\/www.redureau-conseil.com\\\/fr\\\/procedure-de-positionnement\\\/\",\"name\":\"Proc\u00e9dure de positionnement - REDUREAU CONSEIL FORMATION\",\"isPartOf\":{\"@id\":\"https:\\\/\\\/www.redureau-conseil.com\\\/fr\\\/#website\"},\"datePublished\":\"2020-11-13T13:39:33+00:00\",\"dateModified\":\"2025-09-10T12:14:42+00:00\",\"breadcrumb\":{\"@id\":\"https:\\\/\\\/www.redureau-conseil.com\\\/fr\\\/procedure-de-positionnement\\\/#breadcrumb\"},\"inLanguage\":\"fr-FR\",\"potentialAction\":[{\"@type\":\"ReadAction\",\"target\":[\"https:\\\/\\\/www.redureau-conseil.com\\\/fr\\\/procedure-de-positionnement\\\/\"]}]},{\"@type\":\"BreadcrumbList\",\"@id\":\"https:\\\/\\\/www.redureau-conseil.com\\\/fr\\\/procedure-de-positionnement\\\/#breadcrumb\",\"itemListElement\":[{\"@type\":\"ListItem\",\"position\":1,\"name\":\"Home\",\"item\":\"https:\\\/\\\/www.redureau-conseil.com\\\/fr\\\/\"},{\"@type\":\"ListItem\",\"position\":2,\"name\":\"Proc\u00e9dure de positionnement\"}]},{\"@type\":\"WebSite\",\"@id\":\"https:\\\/\\\/www.redureau-conseil.com\\\/fr\\\/#website\",\"url\":\"https:\\\/\\\/www.redureau-conseil.com\\\/fr\\\/\",\"name\":\"REDUREAU CONSEIL FORMATION\",\"description\":\"Une Formation \u00e0 dimension Humaine\",\"publisher\":{\"@id\":\"https:\\\/\\\/www.redureau-conseil.com\\\/fr\\\/#organization\"},\"potentialAction\":[{\"@type\":\"SearchAction\",\"target\":{\"@type\":\"EntryPoint\",\"urlTemplate\":\"https:\\\/\\\/www.redureau-conseil.com\\\/fr\\\/?s={search_term_string}\"},\"query-input\":{\"@type\":\"PropertyValueSpecification\",\"valueRequired\":true,\"valueName\":\"search_term_string\"}}],\"inLanguage\":\"fr-FR\"},{\"@type\":\"Organization\",\"@id\":\"https:\\\/\\\/www.redureau-conseil.com\\\/fr\\\/#organization\",\"name\":\"REDUREAU CONSEIL FORMATION\",\"url\":\"https:\\\/\\\/www.redureau-conseil.com\\\/fr\\\/\",\"logo\":{\"@type\":\"ImageObject\",\"inLanguage\":\"fr-FR\",\"@id\":\"https:\\\/\\\/www.redureau-conseil.com\\\/fr\\\/#\\\/schema\\\/logo\\\/image\\\/\",\"url\":\"https:\\\/\\\/www.redureau-conseil.com\\\/fr\\\/wp-content\\\/uploads\\\/2013\\\/10\\\/puce2.png\",\"contentUrl\":\"https:\\\/\\\/www.redureau-conseil.com\\\/fr\\\/wp-content\\\/uploads\\\/2013\\\/10\\\/puce2.png\",\"width\":50,\"height\":27,\"caption\":\"REDUREAU CONSEIL FORMATION\"},\"image\":{\"@id\":\"https:\\\/\\\/www.redureau-conseil.com\\\/fr\\\/#\\\/schema\\\/logo\\\/image\\\/\"}}]}<\/script>\n<!-- \/ Yoast SEO plugin. -->","yoast_head_json":{"title":"Proc\u00e9dure de positionnement - REDUREAU CONSEIL FORMATION","robots":{"index":"index","follow":"follow","max-snippet":"max-snippet:-1","max-image-preview":"max-image-preview:large","max-video-preview":"max-video-preview:-1"},"canonical":"https:\/\/www.redureau-conseil.com\/fr\/procedure-de-positionnement\/","og_locale":"fr_FR","og_type":"article","og_title":"Proc\u00e9dure de positionnement - REDUREAU CONSEIL FORMATION","og_description":"Avant de proc\u00e9der \u00e0 l\u2019inscription d\u00e9finitive d\u2019un stagiaire, RCF met en place une proc\u00e9dure de positionnement D\u2019une part, cette proc\u00e9dure vise \u00e0 v\u00e9rifier que les comp\u00e9tences et les savoirs du stagiaire correspondent aux pr\u00e9 requis exig\u00e9s pour suivre la formation envisag\u00e9e. \u00a0 D\u2019autre part, il s\u2019agit de v\u00e9rifier si, \u00e0 l\u2019issue de la formation, le...","og_url":"https:\/\/www.redureau-conseil.com\/fr\/procedure-de-positionnement\/","og_site_name":"REDUREAU CONSEIL FORMATION","article_modified_time":"2025-09-10T12:14:42+00:00","twitter_misc":{"Dur\u00e9e de lecture estim\u00e9e":"1 minute"},"schema":{"@context":"https:\/\/schema.org","@graph":[{"@type":"WebPage","@id":"https:\/\/www.redureau-conseil.com\/fr\/procedure-de-positionnement\/","url":"https:\/\/www.redureau-conseil.com\/fr\/procedure-de-positionnement\/","name":"Proc\u00e9dure de positionnement - REDUREAU CONSEIL FORMATION","isPartOf":{"@id":"https:\/\/www.redureau-conseil.com\/fr\/#website"},"datePublished":"2020-11-13T13:39:33+00:00","dateModified":"2025-09-10T12:14:42+00:00","breadcrumb":{"@id":"https:\/\/www.redureau-conseil.com\/fr\/procedure-de-positionnement\/#breadcrumb"},"inLanguage":"fr-FR","potentialAction":[{"@type":"ReadAction","target":["https:\/\/www.redureau-conseil.com\/fr\/procedure-de-positionnement\/"]}]},{"@type":"BreadcrumbList","@id":"https:\/\/www.redureau-conseil.com\/fr\/procedure-de-positionnement\/#breadcrumb","itemListElement":[{"@type":"ListItem","position":1,"name":"Home","item":"https:\/\/www.redureau-conseil.com\/fr\/"},{"@type":"ListItem","position":2,"name":"Proc\u00e9dure de positionnement"}]},{"@type":"WebSite","@id":"https:\/\/www.redureau-conseil.com\/fr\/#website","url":"https:\/\/www.redureau-conseil.com\/fr\/","name":"REDUREAU CONSEIL FORMATION","description":"Une Formation \u00e0 dimension Humaine","publisher":{"@id":"https:\/\/www.redureau-conseil.com\/fr\/#organization"},"potentialAction":[{"@type":"SearchAction","target":{"@type":"EntryPoint","urlTemplate":"https:\/\/www.redureau-conseil.com\/fr\/?s={search_term_string}"},"query-input":{"@type":"PropertyValueSpecification","valueRequired":true,"valueName":"search_term_string"}}],"inLanguage":"fr-FR"},{"@type":"Organization","@id":"https:\/\/www.redureau-conseil.com\/fr\/#organization","name":"REDUREAU CONSEIL FORMATION","url":"https:\/\/www.redureau-conseil.com\/fr\/","logo":{"@type":"ImageObject","inLanguage":"fr-FR","@id":"https:\/\/www.redureau-conseil.com\/fr\/#\/schema\/logo\/image\/","url":"https:\/\/www.redureau-conseil.com\/fr\/wp-content\/uploads\/2013\/10\/puce2.png","contentUrl":"https:\/\/www.redureau-conseil.com\/fr\/wp-content\/uploads\/2013\/10\/puce2.png","width":50,"height":27,"caption":"REDUREAU CONSEIL FORMATION"},"image":{"@id":"https:\/\/www.redureau-conseil.com\/fr\/#\/schema\/logo\/image\/"}}]}},"_links":{"self":[{"href":"https:\/\/www.redureau-conseil.com\/fr\/wp-json\/wp\/v2\/pages\/1113","targetHints":{"allow":["GET"]}}],"collection":[{"href":"https:\/\/www.redureau-conseil.com\/fr\/wp-json\/wp\/v2\/pages"}],"about":[{"href":"https:\/\/www.redureau-conseil.com\/fr\/wp-json\/wp\/v2\/types\/page"}],"author":[{"embeddable":true,"href":"https:\/\/www.redureau-conseil.com\/fr\/wp-json\/wp\/v2\/users\/2"}],"replies":[{"embeddable":true,"href":"https:\/\/www.redureau-conseil.com\/fr\/wp-json\/wp\/v2\/comments?post=1113"}],"version-history":[{"count":8,"href":"https:\/\/www.redureau-conseil.com\/fr\/wp-json\/wp\/v2\/pages\/1113\/revisions"}],"predecessor-version":[{"id":2266,"href":"https:\/\/www.redureau-conseil.com\/fr\/wp-json\/wp\/v2\/pages\/1113\/revisions\/2266"}],"wp:attachment":[{"href":"https:\/\/www.redureau-conseil.com\/fr\/wp-json\/wp\/v2\/media?parent=1113"}],"curies":[{"name":"wp","href":"https:\/\/api.w.org\/{rel}","templated":true}]}}