{"id":1085,"date":"2020-08-27T11:48:13","date_gmt":"2020-08-27T09:48:13","guid":{"rendered":"http:\/\/www.redureau-conseil.com\/fr\/?page_id=1085"},"modified":"2025-09-10T14:07:26","modified_gmt":"2025-09-10T12:07:26","slug":"nos-formateurs","status":"publish","type":"page","link":"https:\/\/www.redureau-conseil.com\/fr\/nos-formateurs\/","title":{"rendered":"Nos formateurs"},"content":{"rendered":"\n<h3 class=\"qualif\">Qualifications des formateurs<\/h3>\n<h3>Tous nos formateur H\/F ont une exp\u00e9rience en entreprise et dont les comp\u00e9tences d&rsquo;animation dans leur th\u00e9matique sont valid\u00e9es par notre service p\u00e9dagogique. Dans le cadre de la d\u00e9marche qualit\u00e9 , le formateur communique annuellement les actions mises en place ou les formations suivies contribuant au d\u00e9veloppement de ses comp\u00e9tences.<\/h3>\n<h3><em><strong><span style=\"color: #ff0000;\">Pour visualiser le cv d&rsquo;un formateur ou formatrice veuillez cliquer sur son Nom<\/span><\/strong><\/em><\/h3>\n<table style=\"height: 710px; width: 100.595%;\">\n<tbody>\n<tr style=\"height: 27px;\">\n<td style=\"height: 27px; width: 245.33px;\">\n<h4><span style=\"color: #0000ff;\">REDUREAU Jean-Lu<\/span><span style=\"color: #0000ff;\">c\u00a0<\/span><\/h4>\n<\/td>\n<td style=\"height: 27px; width: 594.097px;\"><strong>RH\u00a0 VENTE\u00a0 BUREAUTIQUE MANAGEMENT EFFICACITE PROFESSIONNELLE<\/strong><\/td>\n<\/tr>\n<tr style=\"height: 27px;\">\n<td style=\"height: 27px; width: 245.33px;\">\n<h4><span style=\"color: #0000ff;\">REGNIER Francis G\u00e9rant<\/span><\/h4>\n<\/td>\n<td style=\"height: 27px; width: 594.097px;\"><strong>GESTION COMPTABILITE MANAGEMENT BUREAUTIQUE<\/strong><\/td>\n<\/tr>\n<tr style=\"height: 27px;\">\n<td style=\"height: 27px; width: 245.33px;\">\n<h4><a href=\"https:\/\/www.redureau-conseil.com\/fr\/wp-content\/uploads\/2023\/02\/CV-GAPIN-2023.pdf\" target=\"_blank\" rel=\"noopener\"><span style=\"color: #0000ff;\">VIRGINIE GAPIN<\/span><\/a><\/h4>\n<\/td>\n<td style=\"height: 27px; width: 594.097px;\"><strong>BUREAUTIQUE<\/strong><\/td>\n<\/tr>\n<tr style=\"height: 27px;\">\n<td style=\"height: 27px; width: 245.33px;\">\n<h4><span style=\"color: #0000ff;\"><a style=\"color: #0000ff;\" href=\"https:\/\/www.redureau-conseil.com\/fr\/wp-content\/uploads\/2022\/01\/DEVOUASSOUX-Anne-Laurence.pdf\" target=\"_blank\" rel=\"noopener\">DEVOUASSOUX ANNIE<\/a><\/span><\/h4>\n<\/td>\n<td style=\"height: 27px; width: 594.097px;\"><strong>MERCHANDISING<\/strong><\/td>\n<\/tr>\n<tr style=\"height: 72px;\">\n<td style=\"height: 72px; width: 245.33px;\">\n<h4><span style=\"color: #0000ff;\"><a style=\"color: #0000ff;\" href=\"https:\/\/www.redureau-conseil.com\/fr\/wp-content\/uploads\/2022\/04\/PEDRONO-JESSICA-ANGLAIS.pdf\" target=\"_blank\" rel=\"noopener\">PEDRONO JESSICA<\/a><\/span><\/h4>\n<\/td>\n<td style=\"height: 72px; width: 594.097px;\"><strong>ANGLAIS ITALIEN<\/strong><\/td>\n<\/tr>\n<tr style=\"height: 27px;\">\n<td style=\"height: 27px; width: 245.33px;\">\n<h4><span style=\"color: #0000ff;\"><a style=\"color: #0000ff;\" href=\"https:\/\/www.redureau-conseil.com\/fr\/wp-content\/uploads\/2023\/02\/CV-P.AUDY-2023.pdf\" target=\"_blank\" rel=\"noopener\">PASCALE AUDY<\/a><\/span><\/h4>\n<\/td>\n<td style=\"height: 27px; width: 594.097px;\"><strong>HACCP DOCUMENT UNIQUE<\/strong><\/td>\n<\/tr>\n<tr style=\"height: 27px;\">\n<td style=\"height: 27px; width: 245.33px;\">\n<h4><span style=\"color: #0000ff;\"><a style=\"color: #0000ff;\" href=\"https:\/\/www.redureau-conseil.com\/fr\/wp-content\/uploads\/2023\/02\/CV-LE-BRETON-2023.pdf\" target=\"_blank\" rel=\"noopener\">LE BRETON SANDRINE<\/a><\/span><\/h4>\n<\/td>\n<td style=\"height: 27px; width: 594.097px;\"><strong>BUREAUTIQUE INTERNET<\/strong><\/td>\n<\/tr>\n<tr style=\"height: 27px;\">\n<td style=\"height: 27px; width: 245.33px;\">\n<h4><span style=\"color: #0000ff;\"><a style=\"color: #0000ff;\" href=\"https:\/\/www.redureau-conseil.com\/fr\/wp-content\/uploads\/2022\/04\/HARDY-KARINE.pdf\" target=\"_blank\" rel=\"noopener\">HARDY KARINE<\/a><\/span><\/h4>\n<\/td>\n<td style=\"height: 27px; width: 594.097px;\"><strong>EBP SAGE<\/strong><\/td>\n<\/tr>\n<tr style=\"height: 27px;\">\n<td style=\"height: 27px; width: 245.33px;\">\n<h4><span style=\"color: #0000ff;\"><a style=\"color: #0000ff;\" href=\"https:\/\/www.redureau-conseil.com\/fr\/wp-content\/uploads\/2022\/01\/OLIVOS-FABIOLA-ESPAGNOL.pdf\" target=\"_blank\" rel=\"noopener\">OLIVOS FABIOLA<\/a><\/span><\/h4>\n<\/td>\n<td style=\"height: 27px; width: 594.097px;\"><strong>ESPAGNOL<\/strong><\/td>\n<\/tr>\n<tr style=\"height: 27px;\">\n<td style=\"height: 27px; width: 245.33px;\">\n<h4><span style=\"color: #0000ff;\"><a style=\"color: #0000ff;\" href=\"https:\/\/www.redureau-conseil.com\/fr\/wp-content\/uploads\/2022\/04\/CV-Aurelia-Chataigne.pdf\" target=\"_blank\" rel=\"noopener\">CHATAIGNE AURELIA<\/a><\/span><\/h4>\n<\/td>\n<td style=\"height: 27px; width: 594.097px;\"><strong>MERCHANDISING RELOOKING<\/strong><\/td>\n<\/tr>\n<tr style=\"height: 27px;\">\n<td style=\"height: 27px; width: 245.33px;\">\n<h4><span style=\"color: #0000ff;\"><a style=\"color: #0000ff;\" href=\"https:\/\/www.redureau-conseil.com\/fr\/wp-content\/uploads\/2022\/04\/LE-BLOND-YANN.pdf\" target=\"_blank\" rel=\"noopener\">LEBLOND YANN<\/a><\/span><\/h4>\n<\/td>\n<td style=\"height: 27px; width: 594.097px;\"><strong>INTERNET WORDPRESS SEO PRESTASHOP<\/strong><\/td>\n<\/tr>\n<tr style=\"height: 27px;\">\n<td style=\"height: 27px; width: 245.33px;\">\n<h4><span style=\"color: #0000ff;\"><a style=\"color: #0000ff;\" href=\"https:\/\/www.redureau-conseil.com\/fr\/wp-content\/uploads\/2022\/04\/CV-LE-PENHER-MELANIE.pdf\" target=\"_blank\" rel=\"noopener\">LE PENHER MELANIE<\/a><\/span><\/h4>\n<\/td>\n<td style=\"height: 27px; width: 594.097px;\"><strong>MERCHANDISING RELOOKING<\/strong><\/td>\n<\/tr>\n<tr style=\"height: 27px;\">\n<td style=\"height: 27px; width: 245.33px;\">\n<h4><span style=\"color: #0000ff;\"><a style=\"color: #0000ff;\" href=\"https:\/\/www.redureau-conseil.com\/fr\/wp-content\/uploads\/2022\/01\/BONNAFOUS-ERIC-MARKETING-MERCHANDISING.pdf\" target=\"_blank\" rel=\"noopener\">BONNAFOUS<\/a><\/span><span style=\"color: #0000ff;\"><a style=\"color: #0000ff;\" href=\"https:\/\/www.redureau-conseil.com\/fr\/wp-content\/uploads\/2022\/01\/BONNAFOUS-ERIC-MARKETING-MERCHANDISING.pdf\" target=\"_blank\" rel=\"noopener\"> ERIC<\/a><\/span><\/h4>\n<\/td>\n<td style=\"height: 27px; width: 594.097px;\"><strong>MARKETING VENTE MERCHANDISING<\/strong><\/td>\n<\/tr>\n<tr style=\"height: 72px;\">\n<td style=\"height: 72px; width: 245.33px;\">\n<h4><span style=\"color: #0000ff;\"><a style=\"color: #0000ff;\" href=\"https:\/\/www.redureau-conseil.com\/fr\/wp-content\/uploads\/2022\/01\/MENDY-MAX.pdf\">MENDY<\/a><\/span><span style=\"color: #0000ff;\"><a style=\"color: #0000ff;\" href=\"https:\/\/www.redureau-conseil.com\/fr\/wp-content\/uploads\/2022\/05\/MENDY-MAX.pdf\"> MAX<\/a><\/span><\/h4>\n<\/td>\n<td style=\"height: 72px; width: 594.097px;\"><strong>CMS : PRESTASHOP WORDPRESS VPN<\/strong><\/td>\n<\/tr>\n<tr style=\"height: 72px;\">\n<td style=\"height: 72px; width: 245.33px;\">\n<h4><span style=\"color: #0000ff;\"><a style=\"color: #0000ff;\" href=\"https:\/\/www.redureau-conseil.com\/fr\/wp-content\/uploads\/2022\/03\/DI-MATTEO-DAVID-Iillustrator-indising-PAO-2.pdf\" target=\"_blank\" rel=\"noopener\">Di Matteo David<\/a><\/span><\/h4>\n<\/td>\n<td style=\"height: 72px; width: 594.097px;\"><strong>PHOTOSHOP \/ ILLUSTRATOR \/ IN DESIGN<\/strong><\/td>\n<\/tr>\n<tr style=\"height: 27px;\">\n<td style=\"height: 27px; width: 245.33px;\">\n<h4><span style=\"color: #0000ff;\"><a style=\"color: #0000ff;\" href=\"https:\/\/www.redureau-conseil.com\/fr\/wp-content\/uploads\/2022\/03\/VIRGINIA-PERROZ-ESPAGNOL-ANGLAIS.pdf\" target=\"_blank\" rel=\"noopener\">VIGINIA PERROZ<\/a><\/span><\/h4>\n<\/td>\n<td style=\"height: 27px; width: 594.097px;\">\n<p><strong>ANGLAIS ESPAGNOL<\/strong><\/p>\n<\/td>\n<\/tr>\n<tr style=\"height: 72px;\">\n<td style=\"width: 245.33px; height: 72px;\">\n<h4><a href=\"https:\/\/www.redureau-conseil.com\/fr\/wp-content\/uploads\/2022\/05\/QUESSON-OLIVIER-formateur-web-desingneur.pdf\" target=\"_blank\" rel=\"noopener\"><span style=\"color: #0000ff;\">QUESSON OLIVIER<\/span><\/a><\/h4>\n<\/td>\n<td style=\"width: 594.097px; height: 72px;\">\n<p><strong>WEB DESINGNEUR<\/strong><\/p>\n<\/td>\n<\/tr>\n<tr style=\"height: 71px;\">\n<td style=\"width: 245.33px; height: 71px;\">\n<h4><a href=\"https:\/\/www.redureau-conseil.com\/fr\/wp-content\/uploads\/2023\/03\/CV-POIZAT-Flavie-2023.pdf\" target=\"_blank\" rel=\"noopener\"><span style=\"color: #0000ff;\">POIZAT FLAVIE<\/span><\/a><\/h4>\n<\/td>\n<td style=\"width: 594.097px; height: 71px;\">\n<p><strong>OENOLOGIE, ACCUEIL, VENTE, RESTAURATION&#8230;<a href=\"https:\/\/www.redureau-conseil.com\/fr\/wp-content\/uploads\/2023\/02\/LOGO-NEWS.jpg\"><img loading=\"lazy\" decoding=\"async\" class=\"alignnone  wp-image-1552\" src=\"https:\/\/www.redureau-conseil.com\/fr\/wp-content\/uploads\/2023\/02\/LOGO-NEWS.jpg\" alt=\"\" width=\"53\" height=\"43\" \/><\/a><\/strong><\/p>\n<\/td>\n<\/tr>\n<tr>\n<td style=\"width: 245.33px;\">\n<h4><a href=\"https:\/\/www.redureau-conseil.com\/fr\/wp-content\/uploads\/2023\/10\/BEHIN-ISABELLE-CV-anglais-2023.pdf\"><span style=\"color: #0000ff;\">BEHIN ISABELLE<\/span><\/a><\/h4>\n<\/td>\n<td style=\"width: 594.097px;\">\n<p><strong>ANGLAIS <img loading=\"lazy\" decoding=\"async\" class=\"alignnone\" src=\"https:\/\/www.redureau-conseil.com\/fr\/wp-content\/uploads\/2023\/02\/LOGO-NEWS.jpg\" width=\"48\" height=\"39\" \/><\/strong><\/p>\n<\/td>\n<\/tr>\n<tr>\n<td style=\"width: 245.33px;\">\n<h4><a href=\"https:\/\/www.redureau-conseil.com\/fr\/wp-content\/uploads\/2024\/12\/CV-Vanessa-Burban-2025-SITE-NET.pdf\"><span style=\"color: #0000ff;\">VANESSA BURBAN<\/span><\/a><\/h4>\n<\/td>\n<td style=\"width: 594.097px;\">\n<p><strong>MERCHANDISING, VISUEL MERCHANDISING,DECORATION INTERIEUR<\/strong><\/p>\n<\/td>\n<\/tr>\n<\/tbody>\n<\/table>\n<h4><a href=\"https:\/\/www.redureau-conseil.com\/fr\/wp-admin\/post.php?post=2032&amp;action=edit\" data-wplink-edit=\"true\"><span style=\"color: #000080;\">ACCUEIL<\/span><\/a><\/h4>\n<p>\u00a0 \u00a0 \u00a0 \u00a0 \u00a0 \u00a0 \u00a0 \u00a0 \u00a0 \u00a0 \u00a0 \u00a0 \u00a0 \u00a0 \u00a0 \u00a0 \u00a0 \u00a0 \u00a0 \u00a0 <strong>\u00a0<\/strong><\/p>\n","protected":false},"excerpt":{"rendered":"<p>Qualifications des formateurs Tous nos formateur H\/F ont une exp\u00e9rience en entreprise et dont les comp\u00e9tences d&rsquo;animation dans leur th\u00e9matique sont valid\u00e9es par notre service p\u00e9dagogique. Dans le cadre de la d\u00e9marche qualit\u00e9 , le formateur communique annuellement les actions mises en place ou les formations suivies contribuant au d\u00e9veloppement de ses comp\u00e9tences. Pour visualiser&#8230;<\/p>\n","protected":false},"author":2,"featured_media":0,"parent":0,"menu_order":0,"comment_status":"closed","ping_status":"closed","template":"","meta":{"footnotes":""},"class_list":["post-1085","page","type-page","status-publish","hentry"],"yoast_head":"<!-- This site is optimized with the Yoast SEO plugin v27.4 - https:\/\/yoast.com\/product\/yoast-seo-wordpress\/ -->\n<title>Nos formateurs - REDUREAU CONSEIL FORMATION<\/title>\n<meta name=\"robots\" content=\"index, follow, max-snippet:-1, max-image-preview:large, max-video-preview:-1\" \/>\n<link rel=\"canonical\" href=\"https:\/\/www.redureau-conseil.com\/fr\/nos-formateurs\/\" \/>\n<meta property=\"og:locale\" content=\"fr_FR\" \/>\n<meta property=\"og:type\" content=\"article\" \/>\n<meta property=\"og:title\" content=\"Nos formateurs - REDUREAU CONSEIL FORMATION\" \/>\n<meta property=\"og:description\" content=\"Qualifications des formateurs Tous nos formateur H\/F ont une exp\u00e9rience en entreprise et dont les comp\u00e9tences d&rsquo;animation dans leur th\u00e9matique sont valid\u00e9es par notre service p\u00e9dagogique. Dans le cadre de la d\u00e9marche qualit\u00e9 , le formateur communique annuellement les actions mises en place ou les formations suivies contribuant au d\u00e9veloppement de ses comp\u00e9tences. Pour visualiser...\" \/>\n<meta property=\"og:url\" content=\"https:\/\/www.redureau-conseil.com\/fr\/nos-formateurs\/\" \/>\n<meta property=\"og:site_name\" content=\"REDUREAU CONSEIL FORMATION\" \/>\n<meta property=\"article:modified_time\" content=\"2025-09-10T12:07:26+00:00\" \/>\n<meta property=\"og:image\" content=\"https:\/\/www.redureau-conseil.com\/fr\/wp-content\/uploads\/2023\/02\/LOGO-NEWS.jpg\" \/>\n<meta name=\"twitter:label1\" content=\"Dur\u00e9e de lecture estim\u00e9e\" \/>\n\t<meta name=\"twitter:data1\" content=\"2 minutes\" \/>\n<script type=\"application\/ld+json\" class=\"yoast-schema-graph\">{\"@context\":\"https:\\\/\\\/schema.org\",\"@graph\":[{\"@type\":\"WebPage\",\"@id\":\"https:\\\/\\\/www.redureau-conseil.com\\\/fr\\\/nos-formateurs\\\/\",\"url\":\"https:\\\/\\\/www.redureau-conseil.com\\\/fr\\\/nos-formateurs\\\/\",\"name\":\"Nos formateurs - REDUREAU CONSEIL FORMATION\",\"isPartOf\":{\"@id\":\"https:\\\/\\\/www.redureau-conseil.com\\\/fr\\\/#website\"},\"primaryImageOfPage\":{\"@id\":\"https:\\\/\\\/www.redureau-conseil.com\\\/fr\\\/nos-formateurs\\\/#primaryimage\"},\"image\":{\"@id\":\"https:\\\/\\\/www.redureau-conseil.com\\\/fr\\\/nos-formateurs\\\/#primaryimage\"},\"thumbnailUrl\":\"https:\\\/\\\/www.redureau-conseil.com\\\/fr\\\/wp-content\\\/uploads\\\/2023\\\/02\\\/LOGO-NEWS.jpg\",\"datePublished\":\"2020-08-27T09:48:13+00:00\",\"dateModified\":\"2025-09-10T12:07:26+00:00\",\"breadcrumb\":{\"@id\":\"https:\\\/\\\/www.redureau-conseil.com\\\/fr\\\/nos-formateurs\\\/#breadcrumb\"},\"inLanguage\":\"fr-FR\",\"potentialAction\":[{\"@type\":\"ReadAction\",\"target\":[\"https:\\\/\\\/www.redureau-conseil.com\\\/fr\\\/nos-formateurs\\\/\"]}]},{\"@type\":\"ImageObject\",\"inLanguage\":\"fr-FR\",\"@id\":\"https:\\\/\\\/www.redureau-conseil.com\\\/fr\\\/nos-formateurs\\\/#primaryimage\",\"url\":\"https:\\\/\\\/www.redureau-conseil.com\\\/fr\\\/wp-content\\\/uploads\\\/2023\\\/02\\\/LOGO-NEWS.jpg\",\"contentUrl\":\"https:\\\/\\\/www.redureau-conseil.com\\\/fr\\\/wp-content\\\/uploads\\\/2023\\\/02\\\/LOGO-NEWS.jpg\",\"width\":134,\"height\":109},{\"@type\":\"BreadcrumbList\",\"@id\":\"https:\\\/\\\/www.redureau-conseil.com\\\/fr\\\/nos-formateurs\\\/#breadcrumb\",\"itemListElement\":[{\"@type\":\"ListItem\",\"position\":1,\"name\":\"Home\",\"item\":\"https:\\\/\\\/www.redureau-conseil.com\\\/fr\\\/\"},{\"@type\":\"ListItem\",\"position\":2,\"name\":\"Nos formateurs\"}]},{\"@type\":\"WebSite\",\"@id\":\"https:\\\/\\\/www.redureau-conseil.com\\\/fr\\\/#website\",\"url\":\"https:\\\/\\\/www.redureau-conseil.com\\\/fr\\\/\",\"name\":\"REDUREAU CONSEIL FORMATION\",\"description\":\"Une Formation \u00e0 dimension Humaine\",\"publisher\":{\"@id\":\"https:\\\/\\\/www.redureau-conseil.com\\\/fr\\\/#organization\"},\"potentialAction\":[{\"@type\":\"SearchAction\",\"target\":{\"@type\":\"EntryPoint\",\"urlTemplate\":\"https:\\\/\\\/www.redureau-conseil.com\\\/fr\\\/?s={search_term_string}\"},\"query-input\":{\"@type\":\"PropertyValueSpecification\",\"valueRequired\":true,\"valueName\":\"search_term_string\"}}],\"inLanguage\":\"fr-FR\"},{\"@type\":\"Organization\",\"@id\":\"https:\\\/\\\/www.redureau-conseil.com\\\/fr\\\/#organization\",\"name\":\"REDUREAU CONSEIL FORMATION\",\"url\":\"https:\\\/\\\/www.redureau-conseil.com\\\/fr\\\/\",\"logo\":{\"@type\":\"ImageObject\",\"inLanguage\":\"fr-FR\",\"@id\":\"https:\\\/\\\/www.redureau-conseil.com\\\/fr\\\/#\\\/schema\\\/logo\\\/image\\\/\",\"url\":\"https:\\\/\\\/www.redureau-conseil.com\\\/fr\\\/wp-content\\\/uploads\\\/2013\\\/10\\\/puce2.png\",\"contentUrl\":\"https:\\\/\\\/www.redureau-conseil.com\\\/fr\\\/wp-content\\\/uploads\\\/2013\\\/10\\\/puce2.png\",\"width\":50,\"height\":27,\"caption\":\"REDUREAU CONSEIL FORMATION\"},\"image\":{\"@id\":\"https:\\\/\\\/www.redureau-conseil.com\\\/fr\\\/#\\\/schema\\\/logo\\\/image\\\/\"}}]}<\/script>\n<!-- \/ Yoast SEO plugin. -->","yoast_head_json":{"title":"Nos formateurs - REDUREAU CONSEIL FORMATION","robots":{"index":"index","follow":"follow","max-snippet":"max-snippet:-1","max-image-preview":"max-image-preview:large","max-video-preview":"max-video-preview:-1"},"canonical":"https:\/\/www.redureau-conseil.com\/fr\/nos-formateurs\/","og_locale":"fr_FR","og_type":"article","og_title":"Nos formateurs - REDUREAU CONSEIL FORMATION","og_description":"Qualifications des formateurs Tous nos formateur H\/F ont une exp\u00e9rience en entreprise et dont les comp\u00e9tences d&rsquo;animation dans leur th\u00e9matique sont valid\u00e9es par notre service p\u00e9dagogique. Dans le cadre de la d\u00e9marche qualit\u00e9 , le formateur communique annuellement les actions mises en place ou les formations suivies contribuant au d\u00e9veloppement de ses comp\u00e9tences. Pour visualiser...","og_url":"https:\/\/www.redureau-conseil.com\/fr\/nos-formateurs\/","og_site_name":"REDUREAU CONSEIL FORMATION","article_modified_time":"2025-09-10T12:07:26+00:00","og_image":[{"url":"https:\/\/www.redureau-conseil.com\/fr\/wp-content\/uploads\/2023\/02\/LOGO-NEWS.jpg","type":"","width":"","height":""}],"twitter_misc":{"Dur\u00e9e de lecture estim\u00e9e":"2 minutes"},"schema":{"@context":"https:\/\/schema.org","@graph":[{"@type":"WebPage","@id":"https:\/\/www.redureau-conseil.com\/fr\/nos-formateurs\/","url":"https:\/\/www.redureau-conseil.com\/fr\/nos-formateurs\/","name":"Nos formateurs - REDUREAU CONSEIL FORMATION","isPartOf":{"@id":"https:\/\/www.redureau-conseil.com\/fr\/#website"},"primaryImageOfPage":{"@id":"https:\/\/www.redureau-conseil.com\/fr\/nos-formateurs\/#primaryimage"},"image":{"@id":"https:\/\/www.redureau-conseil.com\/fr\/nos-formateurs\/#primaryimage"},"thumbnailUrl":"https:\/\/www.redureau-conseil.com\/fr\/wp-content\/uploads\/2023\/02\/LOGO-NEWS.jpg","datePublished":"2020-08-27T09:48:13+00:00","dateModified":"2025-09-10T12:07:26+00:00","breadcrumb":{"@id":"https:\/\/www.redureau-conseil.com\/fr\/nos-formateurs\/#breadcrumb"},"inLanguage":"fr-FR","potentialAction":[{"@type":"ReadAction","target":["https:\/\/www.redureau-conseil.com\/fr\/nos-formateurs\/"]}]},{"@type":"ImageObject","inLanguage":"fr-FR","@id":"https:\/\/www.redureau-conseil.com\/fr\/nos-formateurs\/#primaryimage","url":"https:\/\/www.redureau-conseil.com\/fr\/wp-content\/uploads\/2023\/02\/LOGO-NEWS.jpg","contentUrl":"https:\/\/www.redureau-conseil.com\/fr\/wp-content\/uploads\/2023\/02\/LOGO-NEWS.jpg","width":134,"height":109},{"@type":"BreadcrumbList","@id":"https:\/\/www.redureau-conseil.com\/fr\/nos-formateurs\/#breadcrumb","itemListElement":[{"@type":"ListItem","position":1,"name":"Home","item":"https:\/\/www.redureau-conseil.com\/fr\/"},{"@type":"ListItem","position":2,"name":"Nos formateurs"}]},{"@type":"WebSite","@id":"https:\/\/www.redureau-conseil.com\/fr\/#website","url":"https:\/\/www.redureau-conseil.com\/fr\/","name":"REDUREAU CONSEIL FORMATION","description":"Une Formation \u00e0 dimension Humaine","publisher":{"@id":"https:\/\/www.redureau-conseil.com\/fr\/#organization"},"potentialAction":[{"@type":"SearchAction","target":{"@type":"EntryPoint","urlTemplate":"https:\/\/www.redureau-conseil.com\/fr\/?s={search_term_string}"},"query-input":{"@type":"PropertyValueSpecification","valueRequired":true,"valueName":"search_term_string"}}],"inLanguage":"fr-FR"},{"@type":"Organization","@id":"https:\/\/www.redureau-conseil.com\/fr\/#organization","name":"REDUREAU CONSEIL FORMATION","url":"https:\/\/www.redureau-conseil.com\/fr\/","logo":{"@type":"ImageObject","inLanguage":"fr-FR","@id":"https:\/\/www.redureau-conseil.com\/fr\/#\/schema\/logo\/image\/","url":"https:\/\/www.redureau-conseil.com\/fr\/wp-content\/uploads\/2013\/10\/puce2.png","contentUrl":"https:\/\/www.redureau-conseil.com\/fr\/wp-content\/uploads\/2013\/10\/puce2.png","width":50,"height":27,"caption":"REDUREAU CONSEIL FORMATION"},"image":{"@id":"https:\/\/www.redureau-conseil.com\/fr\/#\/schema\/logo\/image\/"}}]}},"_links":{"self":[{"href":"https:\/\/www.redureau-conseil.com\/fr\/wp-json\/wp\/v2\/pages\/1085","targetHints":{"allow":["GET"]}}],"collection":[{"href":"https:\/\/www.redureau-conseil.com\/fr\/wp-json\/wp\/v2\/pages"}],"about":[{"href":"https:\/\/www.redureau-conseil.com\/fr\/wp-json\/wp\/v2\/types\/page"}],"author":[{"embeddable":true,"href":"https:\/\/www.redureau-conseil.com\/fr\/wp-json\/wp\/v2\/users\/2"}],"replies":[{"embeddable":true,"href":"https:\/\/www.redureau-conseil.com\/fr\/wp-json\/wp\/v2\/comments?post=1085"}],"version-history":[{"count":77,"href":"https:\/\/www.redureau-conseil.com\/fr\/wp-json\/wp\/v2\/pages\/1085\/revisions"}],"predecessor-version":[{"id":2255,"href":"https:\/\/www.redureau-conseil.com\/fr\/wp-json\/wp\/v2\/pages\/1085\/revisions\/2255"}],"wp:attachment":[{"href":"https:\/\/www.redureau-conseil.com\/fr\/wp-json\/wp\/v2\/media?parent=1085"}],"curies":[{"name":"wp","href":"https:\/\/api.w.org\/{rel}","templated":true}]}}